{"id":2413,"date":"2024-12-30T20:40:38","date_gmt":"2024-12-30T19:40:38","guid":{"rendered":"https:\/\/rachidacouture.com\/home\/?post_type=product&#038;p=2413"},"modified":"2025-03-20T16:14:54","modified_gmt":"2025-03-20T15:14:54","slug":"%f0%9d%90%8a%f0%9d%90%a1%f0%9d%90%9a%f0%9d%90%b2%f0%9d%90%9a%f0%9d%90%a5-%f0%9d%90%9d%f0%9d%90%ab%f0%9d%90%9e%f0%9d%90%ac%f0%9d%90%ac-%f0%9f%92%ad","status":"publish","type":"product","link":"https:\/\/rachidacouture.com\/home\/product\/%f0%9d%90%8a%f0%9d%90%a1%f0%9d%90%9a%f0%9d%90%b2%f0%9d%90%9a%f0%9d%90%a5-%f0%9d%90%9d%f0%9d%90%ab%f0%9d%90%9e%f0%9d%90%ac%f0%9d%90%ac-%f0%9f%92%ad\/","title":{"rendered":"\ud835\udc0a\ud835\udc21\ud835\udc1a\ud835\udc32\ud835\udc1a\ud835\udc25 \ud835\udc1d\ud835\udc2b\ud835\udc1e\ud835\udc2c\ud835\udc2c \ud83d\udcad"},"content":{"rendered":"<p>Cette somptueuse robe en velours est sublim\u00e9e par des d\u00e9tails en paillettes sur le haut, apportant une touche d\u2019\u00e9l\u00e9gance et de glamour. Les broderies d\u00e9licates sur les manches ajoutent une finition raffin\u00e9e, tandis que la coupe flatteuse met en valeur votre silhouette. Parfaite pour les soir\u00e9es sp\u00e9ciales, elle se marie id\u00e9alement avec des accessoires dor\u00e9s ou argent\u00e9s, comme la pochette m\u00e9tallique illustr\u00e9e.<\/p>\n","protected":false},"excerpt":{"rendered":"<p>Cette somptueuse robe en velours est sublim\u00e9e par des d\u00e9tails en paillettes sur le haut, apportant une touche d\u2019\u00e9l\u00e9gance et de glamour. Les broderies d\u00e9licates sur les manches ajoutent une finition raffin\u00e9e, tandis que la coupe flatteuse met en valeur votre silhouette. Parfaite pour les soir\u00e9es sp\u00e9ciales, elle se marie id\u00e9alement avec des accessoires dor\u00e9s [&hellip;]<\/p>\n","protected":false},"featured_media":2410,"comment_status":"open","ping_status":"closed","template":"","meta":{"site-sidebar-layout":"default","site-content-layout":"","ast-site-content-layout":"","site-content-style":"default","site-sidebar-style":"default","ast-global-header-display":"","ast-banner-title-visibility":"","ast-main-header-display":"","ast-hfb-above-header-display":"","ast-hfb-below-header-display":"","ast-hfb-mobile-header-display":"","site-post-title":"","ast-breadcrumbs-content":"","ast-featured-img":"","footer-sml-layout":"","theme-transparent-header-meta":"","adv-header-id-meta":"","stick-header-meta":"","header-above-stick-meta":"","header-main-stick-meta":"","header-below-stick-meta":"","astra-migrate-meta-layouts":"default","ast-page-background-enabled":"default","ast-page-background-meta":{"desktop":{"background-color":"","background-image":"","background-repeat":"repeat","background-position":"center center","background-size":"auto","background-attachment":"scroll","background-type":"","background-media":"","overlay-type":"","overlay-color":"","overlay-gradient":""},"tablet":{"background-color":"","background-image":"","background-repeat":"repeat","background-position":"center center","background-size":"auto","background-attachment":"scroll","background-type":"","background-media":"","overlay-type":"","overlay-color":"","overlay-gradient":""},"mobile":{"background-color":"","background-image":"","background-repeat":"repeat","background-position":"center center","background-size":"auto","background-attachment":"scroll","background-type":"","background-media":"","overlay-type":"","overlay-color":"","overlay-gradient":""}},"ast-content-background-meta":{"desktop":{"background-color":"var(--ast-global-color-5)","background-image":"","background-repeat":"repeat","background-position":"center center","background-size":"auto","background-attachment":"scroll","background-type":"","background-media":"","overlay-type":"","overlay-color":"","overlay-gradient":""},"tablet":{"background-color":"var(--ast-global-color-5)","background-image":"","background-repeat":"repeat","background-position":"center center","background-size":"auto","background-attachment":"scroll","background-type":"","background-media":"","overlay-type":"","overlay-color":"","overlay-gradient":""},"mobile":{"background-color":"var(--ast-global-color-5)","background-image":"","background-repeat":"repeat","background-position":"center center","background-size":"auto","background-attachment":"scroll","background-type":"","background-media":"","overlay-type":"","overlay-color":"","overlay-gradient":""}}},"product_cat":[15,42],"product_tag":[],"acf":[],"yoast_head":"<!-- This site is optimized with the Yoast SEO plugin v22.2 - https:\/\/yoast.com\/wordpress\/plugins\/seo\/ -->\n<title>\ud835\udc0a\ud835\udc21\ud835\udc1a\ud835\udc32\ud835\udc1a\ud835\udc25 \ud835\udc1d\ud835\udc2b\ud835\udc1e\ud835\udc2c\ud835\udc2c \ud83d\udcad - Rachida Couture<\/title>\n<meta name=\"robots\" content=\"index, follow, max-snippet:-1, max-image-preview:large, max-video-preview:-1\" \/>\n<link rel=\"canonical\" href=\"https:\/\/rachidacouture.com\/home\/product\/\ud835\udc0a\ud835\udc21\ud835\udc1a\ud835\udc32\ud835\udc1a\ud835\udc25-\ud835\udc1d\ud835\udc2b\ud835\udc1e\ud835\udc2c\ud835\udc2c-\ud83d\udcad\/\" \/>\n<meta property=\"og:locale\" content=\"fr_FR\" \/>\n<meta property=\"og:type\" content=\"article\" \/>\n<meta property=\"og:title\" content=\"\ud835\udc0a\ud835\udc21\ud835\udc1a\ud835\udc32\ud835\udc1a\ud835\udc25 \ud835\udc1d\ud835\udc2b\ud835\udc1e\ud835\udc2c\ud835\udc2c \ud83d\udcad - Rachida Couture\" \/>\n<meta property=\"og:description\" content=\"Cette somptueuse robe en velours est sublim\u00e9e par des d\u00e9tails en paillettes sur le haut, apportant une touche d\u2019\u00e9l\u00e9gance et de glamour. Les broderies d\u00e9licates sur les manches ajoutent une finition raffin\u00e9e, tandis que la coupe flatteuse met en valeur votre silhouette. Parfaite pour les soir\u00e9es sp\u00e9ciales, elle se marie id\u00e9alement avec des accessoires dor\u00e9s [&hellip;]\" \/>\n<meta property=\"og:url\" content=\"https:\/\/rachidacouture.com\/home\/product\/\ud835\udc0a\ud835\udc21\ud835\udc1a\ud835\udc32\ud835\udc1a\ud835\udc25-\ud835\udc1d\ud835\udc2b\ud835\udc1e\ud835\udc2c\ud835\udc2c-\ud83d\udcad\/\" \/>\n<meta property=\"og:site_name\" content=\"Rachida Couture\" \/>\n<meta property=\"article:publisher\" content=\"https:\/\/www.facebook.com\/RAchidacoutureR\/\" \/>\n<meta property=\"article:modified_time\" content=\"2025-03-20T15:14:54+00:00\" \/>\n<meta property=\"og:image\" content=\"https:\/\/i0.wp.com\/rachidacouture.com\/wp-content\/uploads\/2024\/12\/e05354f2-56cd-4619-91e4-d8b14e289b68.jpeg?fit=1284%2C2282&ssl=1\" \/>\n\t<meta property=\"og:image:width\" content=\"1284\" \/>\n\t<meta property=\"og:image:height\" content=\"2282\" \/>\n\t<meta property=\"og:image:type\" content=\"image\/jpeg\" \/>\n<meta name=\"twitter:card\" content=\"summary_large_image\" \/>\n<script type=\"application\/ld+json\" class=\"yoast-schema-graph\">{\"@context\":\"https:\/\/schema.org\",\"@graph\":[{\"@type\":\"WebPage\",\"@id\":\"https:\/\/rachidacouture.com\/home\/product\/%f0%9d%90%8a%f0%9d%90%a1%f0%9d%90%9a%f0%9d%90%b2%f0%9d%90%9a%f0%9d%90%a5-%f0%9d%90%9d%f0%9d%90%ab%f0%9d%90%9e%f0%9d%90%ac%f0%9d%90%ac-%f0%9f%92%ad\/\",\"url\":\"https:\/\/rachidacouture.com\/home\/product\/%f0%9d%90%8a%f0%9d%90%a1%f0%9d%90%9a%f0%9d%90%b2%f0%9d%90%9a%f0%9d%90%a5-%f0%9d%90%9d%f0%9d%90%ab%f0%9d%90%9e%f0%9d%90%ac%f0%9d%90%ac-%f0%9f%92%ad\/\",\"name\":\"\ud835\udc0a\ud835\udc21\ud835\udc1a\ud835\udc32\ud835\udc1a\ud835\udc25 \ud835\udc1d\ud835\udc2b\ud835\udc1e\ud835\udc2c\ud835\udc2c \ud83d\udcad - Rachida Couture\",\"isPartOf\":{\"@id\":\"https:\/\/rachidacouture.com\/home\/#website\"},\"primaryImageOfPage\":{\"@id\":\"https:\/\/rachidacouture.com\/home\/product\/%f0%9d%90%8a%f0%9d%90%a1%f0%9d%90%9a%f0%9d%90%b2%f0%9d%90%9a%f0%9d%90%a5-%f0%9d%90%9d%f0%9d%90%ab%f0%9d%90%9e%f0%9d%90%ac%f0%9d%90%ac-%f0%9f%92%ad\/#primaryimage\"},\"image\":{\"@id\":\"https:\/\/rachidacouture.com\/home\/product\/%f0%9d%90%8a%f0%9d%90%a1%f0%9d%90%9a%f0%9d%90%b2%f0%9d%90%9a%f0%9d%90%a5-%f0%9d%90%9d%f0%9d%90%ab%f0%9d%90%9e%f0%9d%90%ac%f0%9d%90%ac-%f0%9f%92%ad\/#primaryimage\"},\"thumbnailUrl\":\"https:\/\/i0.wp.com\/rachidacouture.com\/wp-content\/uploads\/2024\/12\/4f3fe05b-aa77-4e3e-8b9e-b66906b3fed4.jpeg?fit=1284%2C2282&ssl=1\",\"datePublished\":\"2024-12-30T19:40:38+00:00\",\"dateModified\":\"2025-03-20T15:14:54+00:00\",\"breadcrumb\":{\"@id\":\"https:\/\/rachidacouture.com\/home\/product\/%f0%9d%90%8a%f0%9d%90%a1%f0%9d%90%9a%f0%9d%90%b2%f0%9d%90%9a%f0%9d%90%a5-%f0%9d%90%9d%f0%9d%90%ab%f0%9d%90%9e%f0%9d%90%ac%f0%9d%90%ac-%f0%9f%92%ad\/#breadcrumb\"},\"inLanguage\":\"fr-FR\",\"potentialAction\":[{\"@type\":\"ReadAction\",\"target\":[\"https:\/\/rachidacouture.com\/home\/product\/%f0%9d%90%8a%f0%9d%90%a1%f0%9d%90%9a%f0%9d%90%b2%f0%9d%90%9a%f0%9d%90%a5-%f0%9d%90%9d%f0%9d%90%ab%f0%9d%90%9e%f0%9d%90%ac%f0%9d%90%ac-%f0%9f%92%ad\/\"]}]},{\"@type\":\"ImageObject\",\"inLanguage\":\"fr-FR\",\"@id\":\"https:\/\/rachidacouture.com\/home\/product\/%f0%9d%90%8a%f0%9d%90%a1%f0%9d%90%9a%f0%9d%90%b2%f0%9d%90%9a%f0%9d%90%a5-%f0%9d%90%9d%f0%9d%90%ab%f0%9d%90%9e%f0%9d%90%ac%f0%9d%90%ac-%f0%9f%92%ad\/#primaryimage\",\"url\":\"https:\/\/i0.wp.com\/rachidacouture.com\/wp-content\/uploads\/2024\/12\/4f3fe05b-aa77-4e3e-8b9e-b66906b3fed4.jpeg?fit=1284%2C2282&ssl=1\",\"contentUrl\":\"https:\/\/i0.wp.com\/rachidacouture.com\/wp-content\/uploads\/2024\/12\/4f3fe05b-aa77-4e3e-8b9e-b66906b3fed4.jpeg?fit=1284%2C2282&ssl=1\",\"width\":1284,\"height\":2282},{\"@type\":\"BreadcrumbList\",\"@id\":\"https:\/\/rachidacouture.com\/home\/product\/%f0%9d%90%8a%f0%9d%90%a1%f0%9d%90%9a%f0%9d%90%b2%f0%9d%90%9a%f0%9d%90%a5-%f0%9d%90%9d%f0%9d%90%ab%f0%9d%90%9e%f0%9d%90%ac%f0%9d%90%ac-%f0%9f%92%ad\/#breadcrumb\",\"itemListElement\":[{\"@type\":\"ListItem\",\"position\":1,\"name\":\"Accueil\",\"item\":\"https:\/\/rachidacouture.com\/home\/\"},{\"@type\":\"ListItem\",\"position\":2,\"name\":\"Shop\",\"item\":\"https:\/\/rachidacouture.com\/home\/shop\/\"},{\"@type\":\"ListItem\",\"position\":3,\"name\":\"\ud835\udc0a\ud835\udc21\ud835\udc1a\ud835\udc32\ud835\udc1a\ud835\udc25 \ud835\udc1d\ud835\udc2b\ud835\udc1e\ud835\udc2c\ud835\udc2c \ud83d\udcad\"}]},{\"@type\":\"WebSite\",\"@id\":\"https:\/\/rachidacouture.com\/home\/#website\",\"url\":\"https:\/\/rachidacouture.com\/home\/\",\"name\":\"Rachida Couture\",\"description\":\"\",\"potentialAction\":[{\"@type\":\"SearchAction\",\"target\":{\"@type\":\"EntryPoint\",\"urlTemplate\":\"https:\/\/rachidacouture.com\/home\/?s={search_term_string}\"},\"query-input\":\"required name=search_term_string\"}],\"inLanguage\":\"fr-FR\"}]}<\/script>\n<!-- \/ Yoast SEO plugin. -->","yoast_head_json":{"title":"\ud835\udc0a\ud835\udc21\ud835\udc1a\ud835\udc32\ud835\udc1a\ud835\udc25 \ud835\udc1d\ud835\udc2b\ud835\udc1e\ud835\udc2c\ud835\udc2c \ud83d\udcad - Rachida Couture","robots":{"index":"index","follow":"follow","max-snippet":"max-snippet:-1","max-image-preview":"max-image-preview:large","max-video-preview":"max-video-preview:-1"},"canonical":"https:\/\/rachidacouture.com\/home\/product\/\ud835\udc0a\ud835\udc21\ud835\udc1a\ud835\udc32\ud835\udc1a\ud835\udc25-\ud835\udc1d\ud835\udc2b\ud835\udc1e\ud835\udc2c\ud835\udc2c-\ud83d\udcad\/","og_locale":"fr_FR","og_type":"article","og_title":"\ud835\udc0a\ud835\udc21\ud835\udc1a\ud835\udc32\ud835\udc1a\ud835\udc25 \ud835\udc1d\ud835\udc2b\ud835\udc1e\ud835\udc2c\ud835\udc2c \ud83d\udcad - Rachida Couture","og_description":"Cette somptueuse robe en velours est sublim\u00e9e par des d\u00e9tails en paillettes sur le haut, apportant une touche d\u2019\u00e9l\u00e9gance et de glamour. Les broderies d\u00e9licates sur les manches ajoutent une finition raffin\u00e9e, tandis que la coupe flatteuse met en valeur votre silhouette. Parfaite pour les soir\u00e9es sp\u00e9ciales, elle se marie id\u00e9alement avec des accessoires dor\u00e9s [&hellip;]","og_url":"https:\/\/rachidacouture.com\/home\/product\/\ud835\udc0a\ud835\udc21\ud835\udc1a\ud835\udc32\ud835\udc1a\ud835\udc25-\ud835\udc1d\ud835\udc2b\ud835\udc1e\ud835\udc2c\ud835\udc2c-\ud83d\udcad\/","og_site_name":"Rachida Couture","article_publisher":"https:\/\/www.facebook.com\/RAchidacoutureR\/","article_modified_time":"2025-03-20T15:14:54+00:00","og_image":[{"width":1284,"height":2282,"url":"https:\/\/i0.wp.com\/rachidacouture.com\/wp-content\/uploads\/2024\/12\/e05354f2-56cd-4619-91e4-d8b14e289b68.jpeg?fit=1284%2C2282&ssl=1","type":"image\/jpeg"}],"twitter_card":"summary_large_image","schema":{"@context":"https:\/\/schema.org","@graph":[{"@type":"WebPage","@id":"https:\/\/rachidacouture.com\/home\/product\/%f0%9d%90%8a%f0%9d%90%a1%f0%9d%90%9a%f0%9d%90%b2%f0%9d%90%9a%f0%9d%90%a5-%f0%9d%90%9d%f0%9d%90%ab%f0%9d%90%9e%f0%9d%90%ac%f0%9d%90%ac-%f0%9f%92%ad\/","url":"https:\/\/rachidacouture.com\/home\/product\/%f0%9d%90%8a%f0%9d%90%a1%f0%9d%90%9a%f0%9d%90%b2%f0%9d%90%9a%f0%9d%90%a5-%f0%9d%90%9d%f0%9d%90%ab%f0%9d%90%9e%f0%9d%90%ac%f0%9d%90%ac-%f0%9f%92%ad\/","name":"\ud835\udc0a\ud835\udc21\ud835\udc1a\ud835\udc32\ud835\udc1a\ud835\udc25 \ud835\udc1d\ud835\udc2b\ud835\udc1e\ud835\udc2c\ud835\udc2c \ud83d\udcad - Rachida Couture","isPartOf":{"@id":"https:\/\/rachidacouture.com\/home\/#website"},"primaryImageOfPage":{"@id":"https:\/\/rachidacouture.com\/home\/product\/%f0%9d%90%8a%f0%9d%90%a1%f0%9d%90%9a%f0%9d%90%b2%f0%9d%90%9a%f0%9d%90%a5-%f0%9d%90%9d%f0%9d%90%ab%f0%9d%90%9e%f0%9d%90%ac%f0%9d%90%ac-%f0%9f%92%ad\/#primaryimage"},"image":{"@id":"https:\/\/rachidacouture.com\/home\/product\/%f0%9d%90%8a%f0%9d%90%a1%f0%9d%90%9a%f0%9d%90%b2%f0%9d%90%9a%f0%9d%90%a5-%f0%9d%90%9d%f0%9d%90%ab%f0%9d%90%9e%f0%9d%90%ac%f0%9d%90%ac-%f0%9f%92%ad\/#primaryimage"},"thumbnailUrl":"https:\/\/i0.wp.com\/rachidacouture.com\/wp-content\/uploads\/2024\/12\/4f3fe05b-aa77-4e3e-8b9e-b66906b3fed4.jpeg?fit=1284%2C2282&ssl=1","datePublished":"2024-12-30T19:40:38+00:00","dateModified":"2025-03-20T15:14:54+00:00","breadcrumb":{"@id":"https:\/\/rachidacouture.com\/home\/product\/%f0%9d%90%8a%f0%9d%90%a1%f0%9d%90%9a%f0%9d%90%b2%f0%9d%90%9a%f0%9d%90%a5-%f0%9d%90%9d%f0%9d%90%ab%f0%9d%90%9e%f0%9d%90%ac%f0%9d%90%ac-%f0%9f%92%ad\/#breadcrumb"},"inLanguage":"fr-FR","potentialAction":[{"@type":"ReadAction","target":["https:\/\/rachidacouture.com\/home\/product\/%f0%9d%90%8a%f0%9d%90%a1%f0%9d%90%9a%f0%9d%90%b2%f0%9d%90%9a%f0%9d%90%a5-%f0%9d%90%9d%f0%9d%90%ab%f0%9d%90%9e%f0%9d%90%ac%f0%9d%90%ac-%f0%9f%92%ad\/"]}]},{"@type":"ImageObject","inLanguage":"fr-FR","@id":"https:\/\/rachidacouture.com\/home\/product\/%f0%9d%90%8a%f0%9d%90%a1%f0%9d%90%9a%f0%9d%90%b2%f0%9d%90%9a%f0%9d%90%a5-%f0%9d%90%9d%f0%9d%90%ab%f0%9d%90%9e%f0%9d%90%ac%f0%9d%90%ac-%f0%9f%92%ad\/#primaryimage","url":"https:\/\/i0.wp.com\/rachidacouture.com\/wp-content\/uploads\/2024\/12\/4f3fe05b-aa77-4e3e-8b9e-b66906b3fed4.jpeg?fit=1284%2C2282&ssl=1","contentUrl":"https:\/\/i0.wp.com\/rachidacouture.com\/wp-content\/uploads\/2024\/12\/4f3fe05b-aa77-4e3e-8b9e-b66906b3fed4.jpeg?fit=1284%2C2282&ssl=1","width":1284,"height":2282},{"@type":"BreadcrumbList","@id":"https:\/\/rachidacouture.com\/home\/product\/%f0%9d%90%8a%f0%9d%90%a1%f0%9d%90%9a%f0%9d%90%b2%f0%9d%90%9a%f0%9d%90%a5-%f0%9d%90%9d%f0%9d%90%ab%f0%9d%90%9e%f0%9d%90%ac%f0%9d%90%ac-%f0%9f%92%ad\/#breadcrumb","itemListElement":[{"@type":"ListItem","position":1,"name":"Accueil","item":"https:\/\/rachidacouture.com\/home\/"},{"@type":"ListItem","position":2,"name":"Shop","item":"https:\/\/rachidacouture.com\/home\/shop\/"},{"@type":"ListItem","position":3,"name":"\ud835\udc0a\ud835\udc21\ud835\udc1a\ud835\udc32\ud835\udc1a\ud835\udc25 \ud835\udc1d\ud835\udc2b\ud835\udc1e\ud835\udc2c\ud835\udc2c \ud83d\udcad"}]},{"@type":"WebSite","@id":"https:\/\/rachidacouture.com\/home\/#website","url":"https:\/\/rachidacouture.com\/home\/","name":"Rachida Couture","description":"","potentialAction":[{"@type":"SearchAction","target":{"@type":"EntryPoint","urlTemplate":"https:\/\/rachidacouture.com\/home\/?s={search_term_string}"},"query-input":"required name=search_term_string"}],"inLanguage":"fr-FR"}]}},"jetpack_sharing_enabled":true,"_links":{"self":[{"href":"https:\/\/rachidacouture.com\/home\/wp-json\/wp\/v2\/product\/2413"}],"collection":[{"href":"https:\/\/rachidacouture.com\/home\/wp-json\/wp\/v2\/product"}],"about":[{"href":"https:\/\/rachidacouture.com\/home\/wp-json\/wp\/v2\/types\/product"}],"replies":[{"embeddable":true,"href":"https:\/\/rachidacouture.com\/home\/wp-json\/wp\/v2\/comments?post=2413"}],"wp:featuredmedia":[{"embeddable":true,"href":"https:\/\/rachidacouture.com\/home\/wp-json\/wp\/v2\/media\/2410"}],"wp:attachment":[{"href":"https:\/\/rachidacouture.com\/home\/wp-json\/wp\/v2\/media?parent=2413"}],"wp:term":[{"taxonomy":"product_cat","embeddable":true,"href":"https:\/\/rachidacouture.com\/home\/wp-json\/wp\/v2\/product_cat?post=2413"},{"taxonomy":"product_tag","embeddable":true,"href":"https:\/\/rachidacouture.com\/home\/wp-json\/wp\/v2\/product_tag?post=2413"}],"curies":[{"name":"wp","href":"https:\/\/api.w.org\/{rel}","templated":true}]}}