{"id":2546,"date":"2025-01-09T21:24:35","date_gmt":"2025-01-09T20:24:35","guid":{"rendered":"https:\/\/rachidacouture.com\/home\/?post_type=product&#038;p=2546"},"modified":"2025-03-21T20:42:58","modified_gmt":"2025-03-21T19:42:58","slug":"%f0%9d%95%be%f0%9d%96%99%f0%9d%96%8a%f0%9d%96%91%f0%9d%96%91%f0%9d%96%86-%f0%9d%93%93%f0%9d%93%bb%f0%9d%93%ae%f0%9d%93%bc%f0%9d%93%bc-%e2%9c%a8","status":"publish","type":"product","link":"https:\/\/rachidacouture.com\/home\/product\/%f0%9d%95%be%f0%9d%96%99%f0%9d%96%8a%f0%9d%96%91%f0%9d%96%91%f0%9d%96%86-%f0%9d%93%93%f0%9d%93%bb%f0%9d%93%ae%f0%9d%93%bc%f0%9d%93%bc-%e2%9c%a8\/","title":{"rendered":"\ud835\udd7e\ud835\udd99\ud835\udd8a\ud835\udd91\ud835\udd91\ud835\udd86 \ud835\udcd3\ud835\udcfb\ud835\udcee\ud835\udcfc\ud835\udcfc \u2728"},"content":{"rendered":"<p>Plongez dans l\u2019\u00e9l\u00e9gance intemporelle avec notre caftan en <strong>velours royal<\/strong>, con\u00e7u pour sublimer toutes vos occasions sp\u00e9ciales.<\/p>\n<p>\u2022<strong>Mati\u00e8re<\/strong> : Velours royal, doux et luxueux.<\/p>\n<p>\u2022<strong>D\u00e9tails<\/strong> : Orn\u00e9 de perles minutieusement brod\u00e9es \u00e0 la main, garantissant un travail artisanal unique.<\/p>\n<p>\u2022<strong>Couleurs disponibles<\/strong> : Noir classique, bleu roi majestueux et grenat raffin\u00e9.<\/p>\n<p>\u2022<strong>Prix<\/strong> : <strong>9500 DA<\/strong>. Promo 8500 da<\/p>\n<p>Ce caftan est le choix parfait pour allier tradition et modernit\u00e9 avec gr\u00e2ce. Laissez-vous s\u00e9duire par un v\u00eatement qui refl\u00e8te votre style et votre personnalit\u00e9.<\/p>\n<p><strong>Commandez d\u00e8s maintenant<\/strong> pour ajouter une touche d\u2019\u00e9l\u00e9gance royale \u00e0 votre garde-robe !<\/p>\n","protected":false},"excerpt":{"rendered":"<p>Plongez dans l\u2019\u00e9l\u00e9gance intemporelle avec notre caftan en velours royal, con\u00e7u pour sublimer toutes vos occasions sp\u00e9ciales. \u2022Mati\u00e8re : Velours royal, doux et luxueux. \u2022D\u00e9tails : Orn\u00e9 de perles minutieusement brod\u00e9es \u00e0 la main, garantissant un travail artisanal unique. \u2022Couleurs disponibles : Noir classique, bleu roi majestueux et grenat raffin\u00e9. \u2022Prix : 9500 DA. Promo [&hellip;]<\/p>\n","protected":false},"featured_media":2578,"comment_status":"open","ping_status":"closed","template":"","meta":{"site-sidebar-layout":"default","site-content-layout":"","ast-site-content-layout":"","site-content-style":"default","site-sidebar-style":"default","ast-global-header-display":"","ast-banner-title-visibility":"","ast-main-header-display":"","ast-hfb-above-header-display":"","ast-hfb-below-header-display":"","ast-hfb-mobile-header-display":"","site-post-title":"","ast-breadcrumbs-content":"","ast-featured-img":"","footer-sml-layout":"","theme-transparent-header-meta":"","adv-header-id-meta":"","stick-header-meta":"","header-above-stick-meta":"","header-main-stick-meta":"","header-below-stick-meta":"","astra-migrate-meta-layouts":"default","ast-page-background-enabled":"default","ast-page-background-meta":{"desktop":{"background-color":"","background-image":"","background-repeat":"repeat","background-position":"center center","background-size":"auto","background-attachment":"scroll","background-type":"","background-media":"","overlay-type":"","overlay-color":"","overlay-gradient":""},"tablet":{"background-color":"","background-image":"","background-repeat":"repeat","background-position":"center center","background-size":"auto","background-attachment":"scroll","background-type":"","background-media":"","overlay-type":"","overlay-color":"","overlay-gradient":""},"mobile":{"background-color":"","background-image":"","background-repeat":"repeat","background-position":"center center","background-size":"auto","background-attachment":"scroll","background-type":"","background-media":"","overlay-type":"","overlay-color":"","overlay-gradient":""}},"ast-content-background-meta":{"desktop":{"background-color":"var(--ast-global-color-5)","background-image":"","background-repeat":"repeat","background-position":"center center","background-size":"auto","background-attachment":"scroll","background-type":"","background-media":"","overlay-type":"","overlay-color":"","overlay-gradient":""},"tablet":{"background-color":"var(--ast-global-color-5)","background-image":"","background-repeat":"repeat","background-position":"center center","background-size":"auto","background-attachment":"scroll","background-type":"","background-media":"","overlay-type":"","overlay-color":"","overlay-gradient":""},"mobile":{"background-color":"var(--ast-global-color-5)","background-image":"","background-repeat":"repeat","background-position":"center center","background-size":"auto","background-attachment":"scroll","background-type":"","background-media":"","overlay-type":"","overlay-color":"","overlay-gradient":""}}},"product_cat":[15,42],"product_tag":[],"acf":[],"yoast_head":"<!-- This site is optimized with the Yoast SEO plugin v22.2 - https:\/\/yoast.com\/wordpress\/plugins\/seo\/ -->\n<title>\ud835\udd7e\ud835\udd99\ud835\udd8a\ud835\udd91\ud835\udd91\ud835\udd86 \ud835\udcd3\ud835\udcfb\ud835\udcee\ud835\udcfc\ud835\udcfc \u2728 - Rachida Couture<\/title>\n<meta name=\"robots\" content=\"index, follow, max-snippet:-1, max-image-preview:large, max-video-preview:-1\" \/>\n<link rel=\"canonical\" href=\"https:\/\/rachidacouture.com\/home\/product\/\ud835\udd7e\ud835\udd99\ud835\udd8a\ud835\udd91\ud835\udd91\ud835\udd86-\ud835\udcd3\ud835\udcfb\ud835\udcee\ud835\udcfc\ud835\udcfc-\u2728\/\" \/>\n<meta property=\"og:locale\" content=\"fr_FR\" \/>\n<meta property=\"og:type\" content=\"article\" \/>\n<meta property=\"og:title\" content=\"\ud835\udd7e\ud835\udd99\ud835\udd8a\ud835\udd91\ud835\udd91\ud835\udd86 \ud835\udcd3\ud835\udcfb\ud835\udcee\ud835\udcfc\ud835\udcfc \u2728 - Rachida Couture\" \/>\n<meta property=\"og:description\" content=\"Plongez dans l\u2019\u00e9l\u00e9gance intemporelle avec notre caftan en velours royal, con\u00e7u pour sublimer toutes vos occasions sp\u00e9ciales. \u2022Mati\u00e8re : Velours royal, doux et luxueux. \u2022D\u00e9tails : Orn\u00e9 de perles minutieusement brod\u00e9es \u00e0 la main, garantissant un travail artisanal unique. \u2022Couleurs disponibles : Noir classique, bleu roi majestueux et grenat raffin\u00e9. \u2022Prix : 9500 DA. Promo [&hellip;]\" \/>\n<meta property=\"og:url\" content=\"https:\/\/rachidacouture.com\/home\/product\/\ud835\udd7e\ud835\udd99\ud835\udd8a\ud835\udd91\ud835\udd91\ud835\udd86-\ud835\udcd3\ud835\udcfb\ud835\udcee\ud835\udcfc\ud835\udcfc-\u2728\/\" \/>\n<meta property=\"og:site_name\" content=\"Rachida Couture\" \/>\n<meta property=\"article:publisher\" content=\"https:\/\/www.facebook.com\/RAchidacoutureR\/\" \/>\n<meta property=\"article:modified_time\" content=\"2025-03-21T19:42:58+00:00\" \/>\n<meta property=\"og:image\" content=\"https:\/\/i0.wp.com\/rachidacouture.com\/wp-content\/uploads\/2025\/01\/2317bb9b-78fb-43fe-9cb3-ae8da19c7996.jpeg?fit=1284%2C2282&ssl=1\" \/>\n\t<meta property=\"og:image:width\" content=\"1284\" \/>\n\t<meta property=\"og:image:height\" content=\"2282\" \/>\n\t<meta property=\"og:image:type\" content=\"image\/jpeg\" \/>\n<meta name=\"twitter:card\" content=\"summary_large_image\" \/>\n<meta name=\"twitter:label1\" content=\"Dur\u00e9e de lecture estim\u00e9e\" \/>\n\t<meta name=\"twitter:data1\" content=\"1 minute\" \/>\n<script type=\"application\/ld+json\" class=\"yoast-schema-graph\">{\"@context\":\"https:\/\/schema.org\",\"@graph\":[{\"@type\":\"WebPage\",\"@id\":\"https:\/\/rachidacouture.com\/home\/product\/%f0%9d%95%be%f0%9d%96%99%f0%9d%96%8a%f0%9d%96%91%f0%9d%96%91%f0%9d%96%86-%f0%9d%93%93%f0%9d%93%bb%f0%9d%93%ae%f0%9d%93%bc%f0%9d%93%bc-%e2%9c%a8\/\",\"url\":\"https:\/\/rachidacouture.com\/home\/product\/%f0%9d%95%be%f0%9d%96%99%f0%9d%96%8a%f0%9d%96%91%f0%9d%96%91%f0%9d%96%86-%f0%9d%93%93%f0%9d%93%bb%f0%9d%93%ae%f0%9d%93%bc%f0%9d%93%bc-%e2%9c%a8\/\",\"name\":\"\ud835\udd7e\ud835\udd99\ud835\udd8a\ud835\udd91\ud835\udd91\ud835\udd86 \ud835\udcd3\ud835\udcfb\ud835\udcee\ud835\udcfc\ud835\udcfc \u2728 - Rachida Couture\",\"isPartOf\":{\"@id\":\"https:\/\/rachidacouture.com\/home\/#website\"},\"primaryImageOfPage\":{\"@id\":\"https:\/\/rachidacouture.com\/home\/product\/%f0%9d%95%be%f0%9d%96%99%f0%9d%96%8a%f0%9d%96%91%f0%9d%96%91%f0%9d%96%86-%f0%9d%93%93%f0%9d%93%bb%f0%9d%93%ae%f0%9d%93%bc%f0%9d%93%bc-%e2%9c%a8\/#primaryimage\"},\"image\":{\"@id\":\"https:\/\/rachidacouture.com\/home\/product\/%f0%9d%95%be%f0%9d%96%99%f0%9d%96%8a%f0%9d%96%91%f0%9d%96%91%f0%9d%96%86-%f0%9d%93%93%f0%9d%93%bb%f0%9d%93%ae%f0%9d%93%bc%f0%9d%93%bc-%e2%9c%a8\/#primaryimage\"},\"thumbnailUrl\":\"https:\/\/i0.wp.com\/rachidacouture.com\/wp-content\/uploads\/2025\/01\/2317bb9b-78fb-43fe-9cb3-ae8da19c7996.jpeg?fit=1284%2C2282&ssl=1\",\"datePublished\":\"2025-01-09T20:24:35+00:00\",\"dateModified\":\"2025-03-21T19:42:58+00:00\",\"breadcrumb\":{\"@id\":\"https:\/\/rachidacouture.com\/home\/product\/%f0%9d%95%be%f0%9d%96%99%f0%9d%96%8a%f0%9d%96%91%f0%9d%96%91%f0%9d%96%86-%f0%9d%93%93%f0%9d%93%bb%f0%9d%93%ae%f0%9d%93%bc%f0%9d%93%bc-%e2%9c%a8\/#breadcrumb\"},\"inLanguage\":\"fr-FR\",\"potentialAction\":[{\"@type\":\"ReadAction\",\"target\":[\"https:\/\/rachidacouture.com\/home\/product\/%f0%9d%95%be%f0%9d%96%99%f0%9d%96%8a%f0%9d%96%91%f0%9d%96%91%f0%9d%96%86-%f0%9d%93%93%f0%9d%93%bb%f0%9d%93%ae%f0%9d%93%bc%f0%9d%93%bc-%e2%9c%a8\/\"]}]},{\"@type\":\"ImageObject\",\"inLanguage\":\"fr-FR\",\"@id\":\"https:\/\/rachidacouture.com\/home\/product\/%f0%9d%95%be%f0%9d%96%99%f0%9d%96%8a%f0%9d%96%91%f0%9d%96%91%f0%9d%96%86-%f0%9d%93%93%f0%9d%93%bb%f0%9d%93%ae%f0%9d%93%bc%f0%9d%93%bc-%e2%9c%a8\/#primaryimage\",\"url\":\"https:\/\/i0.wp.com\/rachidacouture.com\/wp-content\/uploads\/2025\/01\/2317bb9b-78fb-43fe-9cb3-ae8da19c7996.jpeg?fit=1284%2C2282&ssl=1\",\"contentUrl\":\"https:\/\/i0.wp.com\/rachidacouture.com\/wp-content\/uploads\/2025\/01\/2317bb9b-78fb-43fe-9cb3-ae8da19c7996.jpeg?fit=1284%2C2282&ssl=1\",\"width\":1284,\"height\":2282},{\"@type\":\"BreadcrumbList\",\"@id\":\"https:\/\/rachidacouture.com\/home\/product\/%f0%9d%95%be%f0%9d%96%99%f0%9d%96%8a%f0%9d%96%91%f0%9d%96%91%f0%9d%96%86-%f0%9d%93%93%f0%9d%93%bb%f0%9d%93%ae%f0%9d%93%bc%f0%9d%93%bc-%e2%9c%a8\/#breadcrumb\",\"itemListElement\":[{\"@type\":\"ListItem\",\"position\":1,\"name\":\"Accueil\",\"item\":\"https:\/\/rachidacouture.com\/home\/\"},{\"@type\":\"ListItem\",\"position\":2,\"name\":\"Shop\",\"item\":\"https:\/\/rachidacouture.com\/home\/shop\/\"},{\"@type\":\"ListItem\",\"position\":3,\"name\":\"\ud835\udd7e\ud835\udd99\ud835\udd8a\ud835\udd91\ud835\udd91\ud835\udd86 \ud835\udcd3\ud835\udcfb\ud835\udcee\ud835\udcfc\ud835\udcfc \u2728\"}]},{\"@type\":\"WebSite\",\"@id\":\"https:\/\/rachidacouture.com\/home\/#website\",\"url\":\"https:\/\/rachidacouture.com\/home\/\",\"name\":\"Rachida Couture\",\"description\":\"\",\"potentialAction\":[{\"@type\":\"SearchAction\",\"target\":{\"@type\":\"EntryPoint\",\"urlTemplate\":\"https:\/\/rachidacouture.com\/home\/?s={search_term_string}\"},\"query-input\":\"required name=search_term_string\"}],\"inLanguage\":\"fr-FR\"}]}<\/script>\n<!-- \/ Yoast SEO plugin. -->","yoast_head_json":{"title":"\ud835\udd7e\ud835\udd99\ud835\udd8a\ud835\udd91\ud835\udd91\ud835\udd86 \ud835\udcd3\ud835\udcfb\ud835\udcee\ud835\udcfc\ud835\udcfc \u2728 - Rachida Couture","robots":{"index":"index","follow":"follow","max-snippet":"max-snippet:-1","max-image-preview":"max-image-preview:large","max-video-preview":"max-video-preview:-1"},"canonical":"https:\/\/rachidacouture.com\/home\/product\/\ud835\udd7e\ud835\udd99\ud835\udd8a\ud835\udd91\ud835\udd91\ud835\udd86-\ud835\udcd3\ud835\udcfb\ud835\udcee\ud835\udcfc\ud835\udcfc-\u2728\/","og_locale":"fr_FR","og_type":"article","og_title":"\ud835\udd7e\ud835\udd99\ud835\udd8a\ud835\udd91\ud835\udd91\ud835\udd86 \ud835\udcd3\ud835\udcfb\ud835\udcee\ud835\udcfc\ud835\udcfc \u2728 - Rachida Couture","og_description":"Plongez dans l\u2019\u00e9l\u00e9gance intemporelle avec notre caftan en velours royal, con\u00e7u pour sublimer toutes vos occasions sp\u00e9ciales. \u2022Mati\u00e8re : Velours royal, doux et luxueux. \u2022D\u00e9tails : Orn\u00e9 de perles minutieusement brod\u00e9es \u00e0 la main, garantissant un travail artisanal unique. \u2022Couleurs disponibles : Noir classique, bleu roi majestueux et grenat raffin\u00e9. \u2022Prix : 9500 DA. Promo [&hellip;]","og_url":"https:\/\/rachidacouture.com\/home\/product\/\ud835\udd7e\ud835\udd99\ud835\udd8a\ud835\udd91\ud835\udd91\ud835\udd86-\ud835\udcd3\ud835\udcfb\ud835\udcee\ud835\udcfc\ud835\udcfc-\u2728\/","og_site_name":"Rachida Couture","article_publisher":"https:\/\/www.facebook.com\/RAchidacoutureR\/","article_modified_time":"2025-03-21T19:42:58+00:00","og_image":[{"width":1284,"height":2282,"url":"https:\/\/i0.wp.com\/rachidacouture.com\/wp-content\/uploads\/2025\/01\/2317bb9b-78fb-43fe-9cb3-ae8da19c7996.jpeg?fit=1284%2C2282&ssl=1","type":"image\/jpeg"}],"twitter_card":"summary_large_image","twitter_misc":{"Dur\u00e9e de lecture estim\u00e9e":"1 minute"},"schema":{"@context":"https:\/\/schema.org","@graph":[{"@type":"WebPage","@id":"https:\/\/rachidacouture.com\/home\/product\/%f0%9d%95%be%f0%9d%96%99%f0%9d%96%8a%f0%9d%96%91%f0%9d%96%91%f0%9d%96%86-%f0%9d%93%93%f0%9d%93%bb%f0%9d%93%ae%f0%9d%93%bc%f0%9d%93%bc-%e2%9c%a8\/","url":"https:\/\/rachidacouture.com\/home\/product\/%f0%9d%95%be%f0%9d%96%99%f0%9d%96%8a%f0%9d%96%91%f0%9d%96%91%f0%9d%96%86-%f0%9d%93%93%f0%9d%93%bb%f0%9d%93%ae%f0%9d%93%bc%f0%9d%93%bc-%e2%9c%a8\/","name":"\ud835\udd7e\ud835\udd99\ud835\udd8a\ud835\udd91\ud835\udd91\ud835\udd86 \ud835\udcd3\ud835\udcfb\ud835\udcee\ud835\udcfc\ud835\udcfc \u2728 - Rachida Couture","isPartOf":{"@id":"https:\/\/rachidacouture.com\/home\/#website"},"primaryImageOfPage":{"@id":"https:\/\/rachidacouture.com\/home\/product\/%f0%9d%95%be%f0%9d%96%99%f0%9d%96%8a%f0%9d%96%91%f0%9d%96%91%f0%9d%96%86-%f0%9d%93%93%f0%9d%93%bb%f0%9d%93%ae%f0%9d%93%bc%f0%9d%93%bc-%e2%9c%a8\/#primaryimage"},"image":{"@id":"https:\/\/rachidacouture.com\/home\/product\/%f0%9d%95%be%f0%9d%96%99%f0%9d%96%8a%f0%9d%96%91%f0%9d%96%91%f0%9d%96%86-%f0%9d%93%93%f0%9d%93%bb%f0%9d%93%ae%f0%9d%93%bc%f0%9d%93%bc-%e2%9c%a8\/#primaryimage"},"thumbnailUrl":"https:\/\/i0.wp.com\/rachidacouture.com\/wp-content\/uploads\/2025\/01\/2317bb9b-78fb-43fe-9cb3-ae8da19c7996.jpeg?fit=1284%2C2282&ssl=1","datePublished":"2025-01-09T20:24:35+00:00","dateModified":"2025-03-21T19:42:58+00:00","breadcrumb":{"@id":"https:\/\/rachidacouture.com\/home\/product\/%f0%9d%95%be%f0%9d%96%99%f0%9d%96%8a%f0%9d%96%91%f0%9d%96%91%f0%9d%96%86-%f0%9d%93%93%f0%9d%93%bb%f0%9d%93%ae%f0%9d%93%bc%f0%9d%93%bc-%e2%9c%a8\/#breadcrumb"},"inLanguage":"fr-FR","potentialAction":[{"@type":"ReadAction","target":["https:\/\/rachidacouture.com\/home\/product\/%f0%9d%95%be%f0%9d%96%99%f0%9d%96%8a%f0%9d%96%91%f0%9d%96%91%f0%9d%96%86-%f0%9d%93%93%f0%9d%93%bb%f0%9d%93%ae%f0%9d%93%bc%f0%9d%93%bc-%e2%9c%a8\/"]}]},{"@type":"ImageObject","inLanguage":"fr-FR","@id":"https:\/\/rachidacouture.com\/home\/product\/%f0%9d%95%be%f0%9d%96%99%f0%9d%96%8a%f0%9d%96%91%f0%9d%96%91%f0%9d%96%86-%f0%9d%93%93%f0%9d%93%bb%f0%9d%93%ae%f0%9d%93%bc%f0%9d%93%bc-%e2%9c%a8\/#primaryimage","url":"https:\/\/i0.wp.com\/rachidacouture.com\/wp-content\/uploads\/2025\/01\/2317bb9b-78fb-43fe-9cb3-ae8da19c7996.jpeg?fit=1284%2C2282&ssl=1","contentUrl":"https:\/\/i0.wp.com\/rachidacouture.com\/wp-content\/uploads\/2025\/01\/2317bb9b-78fb-43fe-9cb3-ae8da19c7996.jpeg?fit=1284%2C2282&ssl=1","width":1284,"height":2282},{"@type":"BreadcrumbList","@id":"https:\/\/rachidacouture.com\/home\/product\/%f0%9d%95%be%f0%9d%96%99%f0%9d%96%8a%f0%9d%96%91%f0%9d%96%91%f0%9d%96%86-%f0%9d%93%93%f0%9d%93%bb%f0%9d%93%ae%f0%9d%93%bc%f0%9d%93%bc-%e2%9c%a8\/#breadcrumb","itemListElement":[{"@type":"ListItem","position":1,"name":"Accueil","item":"https:\/\/rachidacouture.com\/home\/"},{"@type":"ListItem","position":2,"name":"Shop","item":"https:\/\/rachidacouture.com\/home\/shop\/"},{"@type":"ListItem","position":3,"name":"\ud835\udd7e\ud835\udd99\ud835\udd8a\ud835\udd91\ud835\udd91\ud835\udd86 \ud835\udcd3\ud835\udcfb\ud835\udcee\ud835\udcfc\ud835\udcfc \u2728"}]},{"@type":"WebSite","@id":"https:\/\/rachidacouture.com\/home\/#website","url":"https:\/\/rachidacouture.com\/home\/","name":"Rachida Couture","description":"","potentialAction":[{"@type":"SearchAction","target":{"@type":"EntryPoint","urlTemplate":"https:\/\/rachidacouture.com\/home\/?s={search_term_string}"},"query-input":"required name=search_term_string"}],"inLanguage":"fr-FR"}]}},"jetpack_sharing_enabled":true,"_links":{"self":[{"href":"https:\/\/rachidacouture.com\/home\/wp-json\/wp\/v2\/product\/2546"}],"collection":[{"href":"https:\/\/rachidacouture.com\/home\/wp-json\/wp\/v2\/product"}],"about":[{"href":"https:\/\/rachidacouture.com\/home\/wp-json\/wp\/v2\/types\/product"}],"replies":[{"embeddable":true,"href":"https:\/\/rachidacouture.com\/home\/wp-json\/wp\/v2\/comments?post=2546"}],"wp:featuredmedia":[{"embeddable":true,"href":"https:\/\/rachidacouture.com\/home\/wp-json\/wp\/v2\/media\/2578"}],"wp:attachment":[{"href":"https:\/\/rachidacouture.com\/home\/wp-json\/wp\/v2\/media?parent=2546"}],"wp:term":[{"taxonomy":"product_cat","embeddable":true,"href":"https:\/\/rachidacouture.com\/home\/wp-json\/wp\/v2\/product_cat?post=2546"},{"taxonomy":"product_tag","embeddable":true,"href":"https:\/\/rachidacouture.com\/home\/wp-json\/wp\/v2\/product_tag?post=2546"}],"curies":[{"name":"wp","href":"https:\/\/api.w.org\/{rel}","templated":true}]}}