{"id":2721,"date":"2025-02-27T19:04:16","date_gmt":"2025-02-27T18:04:16","guid":{"rendered":"https:\/\/rachidacouture.com\/home\/?post_type=product&#038;p=2721"},"modified":"2025-03-18T20:35:02","modified_gmt":"2025-03-18T19:35:02","slug":"alora-dress-%f0%9f%8c%99","status":"publish","type":"product","link":"https:\/\/rachidacouture.com\/home\/product\/alora-dress-%f0%9f%8c%99\/","title":{"rendered":"Alora Dress \ud83c\udf19"},"content":{"rendered":"<p>L\u2019Alors Dress est une robe \u00e9l\u00e9gante et sophistiqu\u00e9e, parfaite pour les grandes occasions. Elle est enti\u00e8rement noire, mettant en valeur ses magnifiques broderies dor\u00e9es r\u00e9alis\u00e9es avec soin. Chaque d\u00e9tail est sublim\u00e9 par un perlage \u00e0 la main, ajoutant une touche de raffinement et de luxe. Disponible uniquement en noir, cette robe incarne l\u2019\u00e9l\u00e9gance intemporelle avec une touche d\u2019artisanat unique.<\/p>\n","protected":false},"excerpt":{"rendered":"<p>L\u2019Alors Dress est une robe \u00e9l\u00e9gante et sophistiqu\u00e9e, parfaite pour les grandes occasions. Elle est enti\u00e8rement noire, mettant en valeur ses magnifiques broderies dor\u00e9es r\u00e9alis\u00e9es avec soin. Chaque d\u00e9tail est sublim\u00e9 par un perlage \u00e0 la main, ajoutant une touche de raffinement et de luxe. Disponible uniquement en noir, cette robe incarne l\u2019\u00e9l\u00e9gance intemporelle avec [&hellip;]<\/p>\n","protected":false},"featured_media":2725,"comment_status":"open","ping_status":"closed","template":"","meta":{"site-sidebar-layout":"default","site-content-layout":"","ast-site-content-layout":"","site-content-style":"default","site-sidebar-style":"default","ast-global-header-display":"","ast-banner-title-visibility":"","ast-main-header-display":"","ast-hfb-above-header-display":"","ast-hfb-below-header-display":"","ast-hfb-mobile-header-display":"","site-post-title":"","ast-breadcrumbs-content":"","ast-featured-img":"","footer-sml-layout":"","theme-transparent-header-meta":"","adv-header-id-meta":"","stick-header-meta":"","header-above-stick-meta":"","header-main-stick-meta":"","header-below-stick-meta":"","astra-migrate-meta-layouts":"default","ast-page-background-enabled":"default","ast-page-background-meta":{"desktop":{"background-color":"","background-image":"","background-repeat":"repeat","background-position":"center center","background-size":"auto","background-attachment":"scroll","background-type":"","background-media":"","overlay-type":"","overlay-color":"","overlay-gradient":""},"tablet":{"background-color":"","background-image":"","background-repeat":"repeat","background-position":"center center","background-size":"auto","background-attachment":"scroll","background-type":"","background-media":"","overlay-type":"","overlay-color":"","overlay-gradient":""},"mobile":{"background-color":"","background-image":"","background-repeat":"repeat","background-position":"center center","background-size":"auto","background-attachment":"scroll","background-type":"","background-media":"","overlay-type":"","overlay-color":"","overlay-gradient":""}},"ast-content-background-meta":{"desktop":{"background-color":"var(--ast-global-color-5)","background-image":"","background-repeat":"repeat","background-position":"center center","background-size":"auto","background-attachment":"scroll","background-type":"","background-media":"","overlay-type":"","overlay-color":"","overlay-gradient":""},"tablet":{"background-color":"var(--ast-global-color-5)","background-image":"","background-repeat":"repeat","background-position":"center center","background-size":"auto","background-attachment":"scroll","background-type":"","background-media":"","overlay-type":"","overlay-color":"","overlay-gradient":""},"mobile":{"background-color":"var(--ast-global-color-5)","background-image":"","background-repeat":"repeat","background-position":"center center","background-size":"auto","background-attachment":"scroll","background-type":"","background-media":"","overlay-type":"","overlay-color":"","overlay-gradient":""}}},"product_cat":[15,42],"product_tag":[],"acf":[],"yoast_head":"<!-- This site is optimized with the Yoast SEO plugin v22.2 - https:\/\/yoast.com\/wordpress\/plugins\/seo\/ -->\n<title>Alora Dress \ud83c\udf19 - Rachida Couture<\/title>\n<meta name=\"robots\" content=\"index, follow, max-snippet:-1, max-image-preview:large, max-video-preview:-1\" \/>\n<link rel=\"canonical\" href=\"https:\/\/rachidacouture.com\/home\/product\/alora-dress-\ud83c\udf19\/\" \/>\n<meta property=\"og:locale\" content=\"fr_FR\" \/>\n<meta property=\"og:type\" content=\"article\" \/>\n<meta property=\"og:title\" content=\"Alora Dress \ud83c\udf19 - Rachida Couture\" \/>\n<meta property=\"og:description\" content=\"L\u2019Alors Dress est une robe \u00e9l\u00e9gante et sophistiqu\u00e9e, parfaite pour les grandes occasions. Elle est enti\u00e8rement noire, mettant en valeur ses magnifiques broderies dor\u00e9es r\u00e9alis\u00e9es avec soin. Chaque d\u00e9tail est sublim\u00e9 par un perlage \u00e0 la main, ajoutant une touche de raffinement et de luxe. Disponible uniquement en noir, cette robe incarne l\u2019\u00e9l\u00e9gance intemporelle avec [&hellip;]\" \/>\n<meta property=\"og:url\" content=\"https:\/\/rachidacouture.com\/home\/product\/alora-dress-\ud83c\udf19\/\" \/>\n<meta property=\"og:site_name\" content=\"Rachida Couture\" \/>\n<meta property=\"article:publisher\" content=\"https:\/\/www.facebook.com\/RAchidacoutureR\/\" \/>\n<meta property=\"article:modified_time\" content=\"2025-03-18T19:35:02+00:00\" \/>\n<meta property=\"og:image\" content=\"https:\/\/i0.wp.com\/rachidacouture.com\/wp-content\/uploads\/2025\/02\/d5a29aed-e71c-4de3-adb5-8b83686326db-2.jpeg?fit=1284%2C2282&ssl=1\" \/>\n\t<meta property=\"og:image:width\" content=\"1284\" \/>\n\t<meta property=\"og:image:height\" content=\"2282\" \/>\n\t<meta property=\"og:image:type\" content=\"image\/jpeg\" \/>\n<meta name=\"twitter:card\" content=\"summary_large_image\" \/>\n<script type=\"application\/ld+json\" class=\"yoast-schema-graph\">{\"@context\":\"https:\/\/schema.org\",\"@graph\":[{\"@type\":\"WebPage\",\"@id\":\"https:\/\/rachidacouture.com\/home\/product\/alora-dress-%f0%9f%8c%99\/\",\"url\":\"https:\/\/rachidacouture.com\/home\/product\/alora-dress-%f0%9f%8c%99\/\",\"name\":\"Alora Dress \ud83c\udf19 - Rachida Couture\",\"isPartOf\":{\"@id\":\"https:\/\/rachidacouture.com\/home\/#website\"},\"primaryImageOfPage\":{\"@id\":\"https:\/\/rachidacouture.com\/home\/product\/alora-dress-%f0%9f%8c%99\/#primaryimage\"},\"image\":{\"@id\":\"https:\/\/rachidacouture.com\/home\/product\/alora-dress-%f0%9f%8c%99\/#primaryimage\"},\"thumbnailUrl\":\"https:\/\/i0.wp.com\/rachidacouture.com\/wp-content\/uploads\/2025\/02\/d5a29aed-e71c-4de3-adb5-8b83686326db-2.jpeg?fit=1284%2C2282&ssl=1\",\"datePublished\":\"2025-02-27T18:04:16+00:00\",\"dateModified\":\"2025-03-18T19:35:02+00:00\",\"breadcrumb\":{\"@id\":\"https:\/\/rachidacouture.com\/home\/product\/alora-dress-%f0%9f%8c%99\/#breadcrumb\"},\"inLanguage\":\"fr-FR\",\"potentialAction\":[{\"@type\":\"ReadAction\",\"target\":[\"https:\/\/rachidacouture.com\/home\/product\/alora-dress-%f0%9f%8c%99\/\"]}]},{\"@type\":\"ImageObject\",\"inLanguage\":\"fr-FR\",\"@id\":\"https:\/\/rachidacouture.com\/home\/product\/alora-dress-%f0%9f%8c%99\/#primaryimage\",\"url\":\"https:\/\/i0.wp.com\/rachidacouture.com\/wp-content\/uploads\/2025\/02\/d5a29aed-e71c-4de3-adb5-8b83686326db-2.jpeg?fit=1284%2C2282&ssl=1\",\"contentUrl\":\"https:\/\/i0.wp.com\/rachidacouture.com\/wp-content\/uploads\/2025\/02\/d5a29aed-e71c-4de3-adb5-8b83686326db-2.jpeg?fit=1284%2C2282&ssl=1\",\"width\":1284,\"height\":2282},{\"@type\":\"BreadcrumbList\",\"@id\":\"https:\/\/rachidacouture.com\/home\/product\/alora-dress-%f0%9f%8c%99\/#breadcrumb\",\"itemListElement\":[{\"@type\":\"ListItem\",\"position\":1,\"name\":\"Accueil\",\"item\":\"https:\/\/rachidacouture.com\/home\/\"},{\"@type\":\"ListItem\",\"position\":2,\"name\":\"Shop\",\"item\":\"https:\/\/rachidacouture.com\/home\/shop\/\"},{\"@type\":\"ListItem\",\"position\":3,\"name\":\"Alora Dress \ud83c\udf19\"}]},{\"@type\":\"WebSite\",\"@id\":\"https:\/\/rachidacouture.com\/home\/#website\",\"url\":\"https:\/\/rachidacouture.com\/home\/\",\"name\":\"Rachida Couture\",\"description\":\"\",\"potentialAction\":[{\"@type\":\"SearchAction\",\"target\":{\"@type\":\"EntryPoint\",\"urlTemplate\":\"https:\/\/rachidacouture.com\/home\/?s={search_term_string}\"},\"query-input\":\"required name=search_term_string\"}],\"inLanguage\":\"fr-FR\"}]}<\/script>\n<!-- \/ Yoast SEO plugin. -->","yoast_head_json":{"title":"Alora Dress \ud83c\udf19 - Rachida Couture","robots":{"index":"index","follow":"follow","max-snippet":"max-snippet:-1","max-image-preview":"max-image-preview:large","max-video-preview":"max-video-preview:-1"},"canonical":"https:\/\/rachidacouture.com\/home\/product\/alora-dress-\ud83c\udf19\/","og_locale":"fr_FR","og_type":"article","og_title":"Alora Dress \ud83c\udf19 - Rachida Couture","og_description":"L\u2019Alors Dress est une robe \u00e9l\u00e9gante et sophistiqu\u00e9e, parfaite pour les grandes occasions. Elle est enti\u00e8rement noire, mettant en valeur ses magnifiques broderies dor\u00e9es r\u00e9alis\u00e9es avec soin. Chaque d\u00e9tail est sublim\u00e9 par un perlage \u00e0 la main, ajoutant une touche de raffinement et de luxe. Disponible uniquement en noir, cette robe incarne l\u2019\u00e9l\u00e9gance intemporelle avec [&hellip;]","og_url":"https:\/\/rachidacouture.com\/home\/product\/alora-dress-\ud83c\udf19\/","og_site_name":"Rachida Couture","article_publisher":"https:\/\/www.facebook.com\/RAchidacoutureR\/","article_modified_time":"2025-03-18T19:35:02+00:00","og_image":[{"width":1284,"height":2282,"url":"https:\/\/i0.wp.com\/rachidacouture.com\/wp-content\/uploads\/2025\/02\/d5a29aed-e71c-4de3-adb5-8b83686326db-2.jpeg?fit=1284%2C2282&ssl=1","type":"image\/jpeg"}],"twitter_card":"summary_large_image","schema":{"@context":"https:\/\/schema.org","@graph":[{"@type":"WebPage","@id":"https:\/\/rachidacouture.com\/home\/product\/alora-dress-%f0%9f%8c%99\/","url":"https:\/\/rachidacouture.com\/home\/product\/alora-dress-%f0%9f%8c%99\/","name":"Alora Dress \ud83c\udf19 - Rachida Couture","isPartOf":{"@id":"https:\/\/rachidacouture.com\/home\/#website"},"primaryImageOfPage":{"@id":"https:\/\/rachidacouture.com\/home\/product\/alora-dress-%f0%9f%8c%99\/#primaryimage"},"image":{"@id":"https:\/\/rachidacouture.com\/home\/product\/alora-dress-%f0%9f%8c%99\/#primaryimage"},"thumbnailUrl":"https:\/\/i0.wp.com\/rachidacouture.com\/wp-content\/uploads\/2025\/02\/d5a29aed-e71c-4de3-adb5-8b83686326db-2.jpeg?fit=1284%2C2282&ssl=1","datePublished":"2025-02-27T18:04:16+00:00","dateModified":"2025-03-18T19:35:02+00:00","breadcrumb":{"@id":"https:\/\/rachidacouture.com\/home\/product\/alora-dress-%f0%9f%8c%99\/#breadcrumb"},"inLanguage":"fr-FR","potentialAction":[{"@type":"ReadAction","target":["https:\/\/rachidacouture.com\/home\/product\/alora-dress-%f0%9f%8c%99\/"]}]},{"@type":"ImageObject","inLanguage":"fr-FR","@id":"https:\/\/rachidacouture.com\/home\/product\/alora-dress-%f0%9f%8c%99\/#primaryimage","url":"https:\/\/i0.wp.com\/rachidacouture.com\/wp-content\/uploads\/2025\/02\/d5a29aed-e71c-4de3-adb5-8b83686326db-2.jpeg?fit=1284%2C2282&ssl=1","contentUrl":"https:\/\/i0.wp.com\/rachidacouture.com\/wp-content\/uploads\/2025\/02\/d5a29aed-e71c-4de3-adb5-8b83686326db-2.jpeg?fit=1284%2C2282&ssl=1","width":1284,"height":2282},{"@type":"BreadcrumbList","@id":"https:\/\/rachidacouture.com\/home\/product\/alora-dress-%f0%9f%8c%99\/#breadcrumb","itemListElement":[{"@type":"ListItem","position":1,"name":"Accueil","item":"https:\/\/rachidacouture.com\/home\/"},{"@type":"ListItem","position":2,"name":"Shop","item":"https:\/\/rachidacouture.com\/home\/shop\/"},{"@type":"ListItem","position":3,"name":"Alora Dress \ud83c\udf19"}]},{"@type":"WebSite","@id":"https:\/\/rachidacouture.com\/home\/#website","url":"https:\/\/rachidacouture.com\/home\/","name":"Rachida Couture","description":"","potentialAction":[{"@type":"SearchAction","target":{"@type":"EntryPoint","urlTemplate":"https:\/\/rachidacouture.com\/home\/?s={search_term_string}"},"query-input":"required name=search_term_string"}],"inLanguage":"fr-FR"}]}},"jetpack_sharing_enabled":true,"_links":{"self":[{"href":"https:\/\/rachidacouture.com\/home\/wp-json\/wp\/v2\/product\/2721"}],"collection":[{"href":"https:\/\/rachidacouture.com\/home\/wp-json\/wp\/v2\/product"}],"about":[{"href":"https:\/\/rachidacouture.com\/home\/wp-json\/wp\/v2\/types\/product"}],"replies":[{"embeddable":true,"href":"https:\/\/rachidacouture.com\/home\/wp-json\/wp\/v2\/comments?post=2721"}],"wp:featuredmedia":[{"embeddable":true,"href":"https:\/\/rachidacouture.com\/home\/wp-json\/wp\/v2\/media\/2725"}],"wp:attachment":[{"href":"https:\/\/rachidacouture.com\/home\/wp-json\/wp\/v2\/media?parent=2721"}],"wp:term":[{"taxonomy":"product_cat","embeddable":true,"href":"https:\/\/rachidacouture.com\/home\/wp-json\/wp\/v2\/product_cat?post=2721"},{"taxonomy":"product_tag","embeddable":true,"href":"https:\/\/rachidacouture.com\/home\/wp-json\/wp\/v2\/product_tag?post=2721"}],"curies":[{"name":"wp","href":"https:\/\/api.w.org\/{rel}","templated":true}]}}