{"id":3018,"date":"2025-04-21T19:12:10","date_gmt":"2025-04-21T18:12:10","guid":{"rendered":"https:\/\/rachidacouture.com\/home\/?post_type=product&#038;p=3018"},"modified":"2025-04-21T19:33:16","modified_gmt":"2025-04-21T18:33:16","slug":"lian-dress-%e2%9c%a8","status":"publish","type":"product","link":"https:\/\/rachidacouture.com\/home\/product\/lian-dress-%e2%9c%a8\/","title":{"rendered":"Lian  Dress \u2728"},"content":{"rendered":"<p>Disponible en trois couleurs intemporelles : noir, rose clair et beige ros\u00e9, cette robe allie charme et f\u00e9minit\u00e9.<\/p>\n<p>Confectionn\u00e9e en cr\u00eape fluide, elle \u00e9pouse joliment la silhouette, sublim\u00e9e par une ceinture en satin qui marque la taille avec \u00e9l\u00e9gance.<\/p>\n<p>Les manches en broderie d\u00e9licate ajoutent une touche de finesse et de sophistication.<\/p>\n<p>Tailles disponibles.<\/p>\n","protected":false},"excerpt":{"rendered":"<p>Disponible en trois couleurs intemporelles : noir, rose clair et beige ros\u00e9, cette robe allie charme et f\u00e9minit\u00e9. Confectionn\u00e9e en cr\u00eape fluide, elle \u00e9pouse joliment la silhouette, sublim\u00e9e par une ceinture en satin qui marque la taille avec \u00e9l\u00e9gance. Les manches en broderie d\u00e9licate ajoutent une touche de finesse et de sophistication. Tailles disponibles.<\/p>\n","protected":false},"featured_media":3029,"comment_status":"open","ping_status":"closed","template":"","meta":{"site-sidebar-layout":"default","site-content-layout":"","ast-site-content-layout":"","site-content-style":"default","site-sidebar-style":"default","ast-global-header-display":"","ast-banner-title-visibility":"","ast-main-header-display":"","ast-hfb-above-header-display":"","ast-hfb-below-header-display":"","ast-hfb-mobile-header-display":"","site-post-title":"","ast-breadcrumbs-content":"","ast-featured-img":"","footer-sml-layout":"","theme-transparent-header-meta":"","adv-header-id-meta":"","stick-header-meta":"","header-above-stick-meta":"","header-main-stick-meta":"","header-below-stick-meta":"","astra-migrate-meta-layouts":"default","ast-page-background-enabled":"default","ast-page-background-meta":{"desktop":{"background-color":"","background-image":"","background-repeat":"repeat","background-position":"center center","background-size":"auto","background-attachment":"scroll","background-type":"","background-media":"","overlay-type":"","overlay-color":"","overlay-gradient":""},"tablet":{"background-color":"","background-image":"","background-repeat":"repeat","background-position":"center center","background-size":"auto","background-attachment":"scroll","background-type":"","background-media":"","overlay-type":"","overlay-color":"","overlay-gradient":""},"mobile":{"background-color":"","background-image":"","background-repeat":"repeat","background-position":"center center","background-size":"auto","background-attachment":"scroll","background-type":"","background-media":"","overlay-type":"","overlay-color":"","overlay-gradient":""}},"ast-content-background-meta":{"desktop":{"background-color":"var(--ast-global-color-5)","background-image":"","background-repeat":"repeat","background-position":"center center","background-size":"auto","background-attachment":"scroll","background-type":"","background-media":"","overlay-type":"","overlay-color":"","overlay-gradient":""},"tablet":{"background-color":"var(--ast-global-color-5)","background-image":"","background-repeat":"repeat","background-position":"center center","background-size":"auto","background-attachment":"scroll","background-type":"","background-media":"","overlay-type":"","overlay-color":"","overlay-gradient":""},"mobile":{"background-color":"var(--ast-global-color-5)","background-image":"","background-repeat":"repeat","background-position":"center center","background-size":"auto","background-attachment":"scroll","background-type":"","background-media":"","overlay-type":"","overlay-color":"","overlay-gradient":""}}},"product_cat":[15,42],"product_tag":[],"acf":[],"yoast_head":"<!-- This site is optimized with the Yoast SEO plugin v22.2 - https:\/\/yoast.com\/wordpress\/plugins\/seo\/ -->\n<title>Lian Dress \u2728 - Rachida Couture<\/title>\n<meta name=\"robots\" content=\"index, follow, max-snippet:-1, max-image-preview:large, max-video-preview:-1\" \/>\n<link rel=\"canonical\" href=\"https:\/\/rachidacouture.com\/home\/product\/lian-dress-\u2728\/\" \/>\n<meta property=\"og:locale\" content=\"fr_FR\" \/>\n<meta property=\"og:type\" content=\"article\" \/>\n<meta property=\"og:title\" content=\"Lian Dress \u2728 - Rachida Couture\" \/>\n<meta property=\"og:description\" content=\"Disponible en trois couleurs intemporelles : noir, rose clair et beige ros\u00e9, cette robe allie charme et f\u00e9minit\u00e9. Confectionn\u00e9e en cr\u00eape fluide, elle \u00e9pouse joliment la silhouette, sublim\u00e9e par une ceinture en satin qui marque la taille avec \u00e9l\u00e9gance. Les manches en broderie d\u00e9licate ajoutent une touche de finesse et de sophistication. Tailles disponibles.\" \/>\n<meta property=\"og:url\" content=\"https:\/\/rachidacouture.com\/home\/product\/lian-dress-\u2728\/\" \/>\n<meta property=\"og:site_name\" content=\"Rachida Couture\" \/>\n<meta property=\"article:publisher\" content=\"https:\/\/www.facebook.com\/RAchidacoutureR\/\" \/>\n<meta property=\"article:modified_time\" content=\"2025-04-21T18:33:16+00:00\" \/>\n<meta property=\"og:image\" content=\"https:\/\/i0.wp.com\/rachidacouture.com\/wp-content\/uploads\/2025\/04\/59baca09-d490-4a0e-810f-31fb39c8f153.jpeg?fit=1284%2C2282&ssl=1\" \/>\n\t<meta property=\"og:image:width\" content=\"1284\" \/>\n\t<meta property=\"og:image:height\" content=\"2282\" \/>\n\t<meta property=\"og:image:type\" content=\"image\/jpeg\" \/>\n<meta name=\"twitter:card\" content=\"summary_large_image\" \/>\n<script type=\"application\/ld+json\" class=\"yoast-schema-graph\">{\"@context\":\"https:\/\/schema.org\",\"@graph\":[{\"@type\":\"WebPage\",\"@id\":\"https:\/\/rachidacouture.com\/home\/product\/lian-dress-%e2%9c%a8\/\",\"url\":\"https:\/\/rachidacouture.com\/home\/product\/lian-dress-%e2%9c%a8\/\",\"name\":\"Lian Dress \u2728 - Rachida Couture\",\"isPartOf\":{\"@id\":\"https:\/\/rachidacouture.com\/home\/#website\"},\"primaryImageOfPage\":{\"@id\":\"https:\/\/rachidacouture.com\/home\/product\/lian-dress-%e2%9c%a8\/#primaryimage\"},\"image\":{\"@id\":\"https:\/\/rachidacouture.com\/home\/product\/lian-dress-%e2%9c%a8\/#primaryimage\"},\"thumbnailUrl\":\"https:\/\/i0.wp.com\/rachidacouture.com\/wp-content\/uploads\/2025\/04\/59baca09-d490-4a0e-810f-31fb39c8f153.jpeg?fit=1284%2C2282&ssl=1\",\"datePublished\":\"2025-04-21T18:12:10+00:00\",\"dateModified\":\"2025-04-21T18:33:16+00:00\",\"breadcrumb\":{\"@id\":\"https:\/\/rachidacouture.com\/home\/product\/lian-dress-%e2%9c%a8\/#breadcrumb\"},\"inLanguage\":\"fr-FR\",\"potentialAction\":[{\"@type\":\"ReadAction\",\"target\":[\"https:\/\/rachidacouture.com\/home\/product\/lian-dress-%e2%9c%a8\/\"]}]},{\"@type\":\"ImageObject\",\"inLanguage\":\"fr-FR\",\"@id\":\"https:\/\/rachidacouture.com\/home\/product\/lian-dress-%e2%9c%a8\/#primaryimage\",\"url\":\"https:\/\/i0.wp.com\/rachidacouture.com\/wp-content\/uploads\/2025\/04\/59baca09-d490-4a0e-810f-31fb39c8f153.jpeg?fit=1284%2C2282&ssl=1\",\"contentUrl\":\"https:\/\/i0.wp.com\/rachidacouture.com\/wp-content\/uploads\/2025\/04\/59baca09-d490-4a0e-810f-31fb39c8f153.jpeg?fit=1284%2C2282&ssl=1\",\"width\":1284,\"height\":2282},{\"@type\":\"BreadcrumbList\",\"@id\":\"https:\/\/rachidacouture.com\/home\/product\/lian-dress-%e2%9c%a8\/#breadcrumb\",\"itemListElement\":[{\"@type\":\"ListItem\",\"position\":1,\"name\":\"Accueil\",\"item\":\"https:\/\/rachidacouture.com\/home\/\"},{\"@type\":\"ListItem\",\"position\":2,\"name\":\"Shop\",\"item\":\"https:\/\/rachidacouture.com\/home\/shop\/\"},{\"@type\":\"ListItem\",\"position\":3,\"name\":\"Lian Dress \u2728\"}]},{\"@type\":\"WebSite\",\"@id\":\"https:\/\/rachidacouture.com\/home\/#website\",\"url\":\"https:\/\/rachidacouture.com\/home\/\",\"name\":\"Rachida Couture\",\"description\":\"\",\"potentialAction\":[{\"@type\":\"SearchAction\",\"target\":{\"@type\":\"EntryPoint\",\"urlTemplate\":\"https:\/\/rachidacouture.com\/home\/?s={search_term_string}\"},\"query-input\":\"required name=search_term_string\"}],\"inLanguage\":\"fr-FR\"}]}<\/script>\n<!-- \/ Yoast SEO plugin. -->","yoast_head_json":{"title":"Lian Dress \u2728 - Rachida Couture","robots":{"index":"index","follow":"follow","max-snippet":"max-snippet:-1","max-image-preview":"max-image-preview:large","max-video-preview":"max-video-preview:-1"},"canonical":"https:\/\/rachidacouture.com\/home\/product\/lian-dress-\u2728\/","og_locale":"fr_FR","og_type":"article","og_title":"Lian Dress \u2728 - Rachida Couture","og_description":"Disponible en trois couleurs intemporelles : noir, rose clair et beige ros\u00e9, cette robe allie charme et f\u00e9minit\u00e9. Confectionn\u00e9e en cr\u00eape fluide, elle \u00e9pouse joliment la silhouette, sublim\u00e9e par une ceinture en satin qui marque la taille avec \u00e9l\u00e9gance. Les manches en broderie d\u00e9licate ajoutent une touche de finesse et de sophistication. Tailles disponibles.","og_url":"https:\/\/rachidacouture.com\/home\/product\/lian-dress-\u2728\/","og_site_name":"Rachida Couture","article_publisher":"https:\/\/www.facebook.com\/RAchidacoutureR\/","article_modified_time":"2025-04-21T18:33:16+00:00","og_image":[{"width":1284,"height":2282,"url":"https:\/\/i0.wp.com\/rachidacouture.com\/wp-content\/uploads\/2025\/04\/59baca09-d490-4a0e-810f-31fb39c8f153.jpeg?fit=1284%2C2282&ssl=1","type":"image\/jpeg"}],"twitter_card":"summary_large_image","schema":{"@context":"https:\/\/schema.org","@graph":[{"@type":"WebPage","@id":"https:\/\/rachidacouture.com\/home\/product\/lian-dress-%e2%9c%a8\/","url":"https:\/\/rachidacouture.com\/home\/product\/lian-dress-%e2%9c%a8\/","name":"Lian Dress \u2728 - Rachida Couture","isPartOf":{"@id":"https:\/\/rachidacouture.com\/home\/#website"},"primaryImageOfPage":{"@id":"https:\/\/rachidacouture.com\/home\/product\/lian-dress-%e2%9c%a8\/#primaryimage"},"image":{"@id":"https:\/\/rachidacouture.com\/home\/product\/lian-dress-%e2%9c%a8\/#primaryimage"},"thumbnailUrl":"https:\/\/i0.wp.com\/rachidacouture.com\/wp-content\/uploads\/2025\/04\/59baca09-d490-4a0e-810f-31fb39c8f153.jpeg?fit=1284%2C2282&ssl=1","datePublished":"2025-04-21T18:12:10+00:00","dateModified":"2025-04-21T18:33:16+00:00","breadcrumb":{"@id":"https:\/\/rachidacouture.com\/home\/product\/lian-dress-%e2%9c%a8\/#breadcrumb"},"inLanguage":"fr-FR","potentialAction":[{"@type":"ReadAction","target":["https:\/\/rachidacouture.com\/home\/product\/lian-dress-%e2%9c%a8\/"]}]},{"@type":"ImageObject","inLanguage":"fr-FR","@id":"https:\/\/rachidacouture.com\/home\/product\/lian-dress-%e2%9c%a8\/#primaryimage","url":"https:\/\/i0.wp.com\/rachidacouture.com\/wp-content\/uploads\/2025\/04\/59baca09-d490-4a0e-810f-31fb39c8f153.jpeg?fit=1284%2C2282&ssl=1","contentUrl":"https:\/\/i0.wp.com\/rachidacouture.com\/wp-content\/uploads\/2025\/04\/59baca09-d490-4a0e-810f-31fb39c8f153.jpeg?fit=1284%2C2282&ssl=1","width":1284,"height":2282},{"@type":"BreadcrumbList","@id":"https:\/\/rachidacouture.com\/home\/product\/lian-dress-%e2%9c%a8\/#breadcrumb","itemListElement":[{"@type":"ListItem","position":1,"name":"Accueil","item":"https:\/\/rachidacouture.com\/home\/"},{"@type":"ListItem","position":2,"name":"Shop","item":"https:\/\/rachidacouture.com\/home\/shop\/"},{"@type":"ListItem","position":3,"name":"Lian Dress \u2728"}]},{"@type":"WebSite","@id":"https:\/\/rachidacouture.com\/home\/#website","url":"https:\/\/rachidacouture.com\/home\/","name":"Rachida Couture","description":"","potentialAction":[{"@type":"SearchAction","target":{"@type":"EntryPoint","urlTemplate":"https:\/\/rachidacouture.com\/home\/?s={search_term_string}"},"query-input":"required name=search_term_string"}],"inLanguage":"fr-FR"}]}},"jetpack_sharing_enabled":true,"_links":{"self":[{"href":"https:\/\/rachidacouture.com\/home\/wp-json\/wp\/v2\/product\/3018"}],"collection":[{"href":"https:\/\/rachidacouture.com\/home\/wp-json\/wp\/v2\/product"}],"about":[{"href":"https:\/\/rachidacouture.com\/home\/wp-json\/wp\/v2\/types\/product"}],"replies":[{"embeddable":true,"href":"https:\/\/rachidacouture.com\/home\/wp-json\/wp\/v2\/comments?post=3018"}],"wp:featuredmedia":[{"embeddable":true,"href":"https:\/\/rachidacouture.com\/home\/wp-json\/wp\/v2\/media\/3029"}],"wp:attachment":[{"href":"https:\/\/rachidacouture.com\/home\/wp-json\/wp\/v2\/media?parent=3018"}],"wp:term":[{"taxonomy":"product_cat","embeddable":true,"href":"https:\/\/rachidacouture.com\/home\/wp-json\/wp\/v2\/product_cat?post=3018"},{"taxonomy":"product_tag","embeddable":true,"href":"https:\/\/rachidacouture.com\/home\/wp-json\/wp\/v2\/product_tag?post=3018"}],"curies":[{"name":"wp","href":"https:\/\/api.w.org\/{rel}","templated":true}]}}