{"id":3414,"date":"2025-07-11T19:44:03","date_gmt":"2025-07-11T18:44:03","guid":{"rendered":"https:\/\/rachidacouture.com\/home\/?post_type=product&#038;p=3414"},"modified":"2025-09-09T22:21:49","modified_gmt":"2025-09-09T21:21:49","slug":"robe-layal","status":"publish","type":"product","link":"https:\/\/rachidacouture.com\/home\/product\/robe-layal\/","title":{"rendered":"Robe Layal"},"content":{"rendered":"<p>\u2728 ROBE LAYAL \u2728<\/p>\n<p>Une pi\u00e8ce chic et \u00e9l\u00e9gante pour toutes les occasions.<\/p>\n<p>\ud83d\udd38 Tissu : Cr\u00eape Julia de haute qualit\u00e9<\/p>\n<p>\ud83d\udd38 D\u00e9tails : Perlage fait \u00e0 la main avec finesse<\/p>\n<p>\ud83d\udd38 Inclus : Robe + Ceinture assortie<\/p>\n<p>\ud83d\udd38 Disponible en : Rose poudr\u00e9, Noir, et Vert<\/p>\n<p>\ud83d\udc8e Une coupe fluide, un tomb\u00e9 parfait, et des finitions raffin\u00e9es<\/p>\n","protected":false},"excerpt":{"rendered":"<p>\u2728 ROBE LAYAL \u2728 Une pi\u00e8ce chic et \u00e9l\u00e9gante pour toutes les occasions. \ud83d\udd38 Tissu : Cr\u00eape Julia de haute qualit\u00e9 \ud83d\udd38 D\u00e9tails : Perlage fait \u00e0 la main avec finesse \ud83d\udd38 Inclus : Robe + Ceinture assortie \ud83d\udd38 Disponible en : Rose poudr\u00e9, Noir, et Vert \ud83d\udc8e Une coupe fluide, un tomb\u00e9 parfait, et [&hellip;]<\/p>\n","protected":false},"featured_media":3431,"comment_status":"open","ping_status":"closed","template":"","meta":{"site-sidebar-layout":"default","site-content-layout":"","ast-site-content-layout":"","site-content-style":"default","site-sidebar-style":"default","ast-global-header-display":"","ast-banner-title-visibility":"","ast-main-header-display":"","ast-hfb-above-header-display":"","ast-hfb-below-header-display":"","ast-hfb-mobile-header-display":"","site-post-title":"","ast-breadcrumbs-content":"","ast-featured-img":"","footer-sml-layout":"","theme-transparent-header-meta":"","adv-header-id-meta":"","stick-header-meta":"","header-above-stick-meta":"","header-main-stick-meta":"","header-below-stick-meta":"","astra-migrate-meta-layouts":"default","ast-page-background-enabled":"default","ast-page-background-meta":{"desktop":{"background-color":"","background-image":"","background-repeat":"repeat","background-position":"center center","background-size":"auto","background-attachment":"scroll","background-type":"","background-media":"","overlay-type":"","overlay-color":"","overlay-gradient":""},"tablet":{"background-color":"","background-image":"","background-repeat":"repeat","background-position":"center center","background-size":"auto","background-attachment":"scroll","background-type":"","background-media":"","overlay-type":"","overlay-color":"","overlay-gradient":""},"mobile":{"background-color":"","background-image":"","background-repeat":"repeat","background-position":"center center","background-size":"auto","background-attachment":"scroll","background-type":"","background-media":"","overlay-type":"","overlay-color":"","overlay-gradient":""}},"ast-content-background-meta":{"desktop":{"background-color":"var(--ast-global-color-5)","background-image":"","background-repeat":"repeat","background-position":"center center","background-size":"auto","background-attachment":"scroll","background-type":"","background-media":"","overlay-type":"","overlay-color":"","overlay-gradient":""},"tablet":{"background-color":"var(--ast-global-color-5)","background-image":"","background-repeat":"repeat","background-position":"center center","background-size":"auto","background-attachment":"scroll","background-type":"","background-media":"","overlay-type":"","overlay-color":"","overlay-gradient":""},"mobile":{"background-color":"var(--ast-global-color-5)","background-image":"","background-repeat":"repeat","background-position":"center center","background-size":"auto","background-attachment":"scroll","background-type":"","background-media":"","overlay-type":"","overlay-color":"","overlay-gradient":""}}},"product_cat":[15,42,44],"product_tag":[],"acf":[],"yoast_head":"<!-- This site is optimized with the Yoast SEO plugin v22.2 - https:\/\/yoast.com\/wordpress\/plugins\/seo\/ -->\n<title>Robe Layal - Rachida Couture<\/title>\n<meta name=\"robots\" content=\"index, follow, max-snippet:-1, max-image-preview:large, max-video-preview:-1\" \/>\n<link rel=\"canonical\" href=\"https:\/\/rachidacouture.com\/home\/product\/robe-layal\/\" \/>\n<meta property=\"og:locale\" content=\"fr_FR\" \/>\n<meta property=\"og:type\" content=\"article\" \/>\n<meta property=\"og:title\" content=\"Robe Layal - Rachida Couture\" \/>\n<meta property=\"og:description\" content=\"\u2728 ROBE LAYAL \u2728 Une pi\u00e8ce chic et \u00e9l\u00e9gante pour toutes les occasions. \ud83d\udd38 Tissu : Cr\u00eape Julia de haute qualit\u00e9 \ud83d\udd38 D\u00e9tails : Perlage fait \u00e0 la main avec finesse \ud83d\udd38 Inclus : Robe + Ceinture assortie \ud83d\udd38 Disponible en : Rose poudr\u00e9, Noir, et Vert \ud83d\udc8e Une coupe fluide, un tomb\u00e9 parfait, et [&hellip;]\" \/>\n<meta property=\"og:url\" content=\"https:\/\/rachidacouture.com\/home\/product\/robe-layal\/\" \/>\n<meta property=\"og:site_name\" content=\"Rachida Couture\" \/>\n<meta property=\"article:publisher\" content=\"https:\/\/www.facebook.com\/RAchidacoutureR\/\" \/>\n<meta property=\"article:modified_time\" content=\"2025-09-09T21:21:49+00:00\" \/>\n<meta property=\"og:image\" content=\"https:\/\/i0.wp.com\/rachidacouture.com\/wp-content\/uploads\/2025\/07\/8824d372-09b4-41c2-b847-1346a20a940a-1.jpeg?fit=1320%2C2346&ssl=1\" \/>\n\t<meta property=\"og:image:width\" content=\"1320\" \/>\n\t<meta property=\"og:image:height\" content=\"2346\" \/>\n\t<meta property=\"og:image:type\" content=\"image\/jpeg\" \/>\n<meta name=\"twitter:card\" content=\"summary_large_image\" \/>\n<script type=\"application\/ld+json\" class=\"yoast-schema-graph\">{\"@context\":\"https:\/\/schema.org\",\"@graph\":[{\"@type\":\"WebPage\",\"@id\":\"https:\/\/rachidacouture.com\/home\/product\/robe-layal\/\",\"url\":\"https:\/\/rachidacouture.com\/home\/product\/robe-layal\/\",\"name\":\"Robe Layal - Rachida Couture\",\"isPartOf\":{\"@id\":\"https:\/\/rachidacouture.com\/home\/#website\"},\"primaryImageOfPage\":{\"@id\":\"https:\/\/rachidacouture.com\/home\/product\/robe-layal\/#primaryimage\"},\"image\":{\"@id\":\"https:\/\/rachidacouture.com\/home\/product\/robe-layal\/#primaryimage\"},\"thumbnailUrl\":\"https:\/\/i0.wp.com\/rachidacouture.com\/wp-content\/uploads\/2025\/07\/04720071-681c-4346-a899-c2f7a37834ff-1.jpeg?fit=1320%2C2346&ssl=1\",\"datePublished\":\"2025-07-11T18:44:03+00:00\",\"dateModified\":\"2025-09-09T21:21:49+00:00\",\"breadcrumb\":{\"@id\":\"https:\/\/rachidacouture.com\/home\/product\/robe-layal\/#breadcrumb\"},\"inLanguage\":\"fr-FR\",\"potentialAction\":[{\"@type\":\"ReadAction\",\"target\":[\"https:\/\/rachidacouture.com\/home\/product\/robe-layal\/\"]}]},{\"@type\":\"ImageObject\",\"inLanguage\":\"fr-FR\",\"@id\":\"https:\/\/rachidacouture.com\/home\/product\/robe-layal\/#primaryimage\",\"url\":\"https:\/\/i0.wp.com\/rachidacouture.com\/wp-content\/uploads\/2025\/07\/04720071-681c-4346-a899-c2f7a37834ff-1.jpeg?fit=1320%2C2346&ssl=1\",\"contentUrl\":\"https:\/\/i0.wp.com\/rachidacouture.com\/wp-content\/uploads\/2025\/07\/04720071-681c-4346-a899-c2f7a37834ff-1.jpeg?fit=1320%2C2346&ssl=1\",\"width\":1320,\"height\":2346},{\"@type\":\"BreadcrumbList\",\"@id\":\"https:\/\/rachidacouture.com\/home\/product\/robe-layal\/#breadcrumb\",\"itemListElement\":[{\"@type\":\"ListItem\",\"position\":1,\"name\":\"Accueil\",\"item\":\"https:\/\/rachidacouture.com\/home\/\"},{\"@type\":\"ListItem\",\"position\":2,\"name\":\"Shop\",\"item\":\"https:\/\/rachidacouture.com\/home\/shop\/\"},{\"@type\":\"ListItem\",\"position\":3,\"name\":\"Robe Layal\"}]},{\"@type\":\"WebSite\",\"@id\":\"https:\/\/rachidacouture.com\/home\/#website\",\"url\":\"https:\/\/rachidacouture.com\/home\/\",\"name\":\"Rachida Couture\",\"description\":\"\",\"potentialAction\":[{\"@type\":\"SearchAction\",\"target\":{\"@type\":\"EntryPoint\",\"urlTemplate\":\"https:\/\/rachidacouture.com\/home\/?s={search_term_string}\"},\"query-input\":\"required name=search_term_string\"}],\"inLanguage\":\"fr-FR\"}]}<\/script>\n<!-- \/ Yoast SEO plugin. -->","yoast_head_json":{"title":"Robe Layal - Rachida Couture","robots":{"index":"index","follow":"follow","max-snippet":"max-snippet:-1","max-image-preview":"max-image-preview:large","max-video-preview":"max-video-preview:-1"},"canonical":"https:\/\/rachidacouture.com\/home\/product\/robe-layal\/","og_locale":"fr_FR","og_type":"article","og_title":"Robe Layal - Rachida Couture","og_description":"\u2728 ROBE LAYAL \u2728 Une pi\u00e8ce chic et \u00e9l\u00e9gante pour toutes les occasions. \ud83d\udd38 Tissu : Cr\u00eape Julia de haute qualit\u00e9 \ud83d\udd38 D\u00e9tails : Perlage fait \u00e0 la main avec finesse \ud83d\udd38 Inclus : Robe + Ceinture assortie \ud83d\udd38 Disponible en : Rose poudr\u00e9, Noir, et Vert \ud83d\udc8e Une coupe fluide, un tomb\u00e9 parfait, et [&hellip;]","og_url":"https:\/\/rachidacouture.com\/home\/product\/robe-layal\/","og_site_name":"Rachida Couture","article_publisher":"https:\/\/www.facebook.com\/RAchidacoutureR\/","article_modified_time":"2025-09-09T21:21:49+00:00","og_image":[{"width":1320,"height":2346,"url":"https:\/\/i0.wp.com\/rachidacouture.com\/wp-content\/uploads\/2025\/07\/8824d372-09b4-41c2-b847-1346a20a940a-1.jpeg?fit=1320%2C2346&ssl=1","type":"image\/jpeg"}],"twitter_card":"summary_large_image","schema":{"@context":"https:\/\/schema.org","@graph":[{"@type":"WebPage","@id":"https:\/\/rachidacouture.com\/home\/product\/robe-layal\/","url":"https:\/\/rachidacouture.com\/home\/product\/robe-layal\/","name":"Robe Layal - Rachida Couture","isPartOf":{"@id":"https:\/\/rachidacouture.com\/home\/#website"},"primaryImageOfPage":{"@id":"https:\/\/rachidacouture.com\/home\/product\/robe-layal\/#primaryimage"},"image":{"@id":"https:\/\/rachidacouture.com\/home\/product\/robe-layal\/#primaryimage"},"thumbnailUrl":"https:\/\/i0.wp.com\/rachidacouture.com\/wp-content\/uploads\/2025\/07\/04720071-681c-4346-a899-c2f7a37834ff-1.jpeg?fit=1320%2C2346&ssl=1","datePublished":"2025-07-11T18:44:03+00:00","dateModified":"2025-09-09T21:21:49+00:00","breadcrumb":{"@id":"https:\/\/rachidacouture.com\/home\/product\/robe-layal\/#breadcrumb"},"inLanguage":"fr-FR","potentialAction":[{"@type":"ReadAction","target":["https:\/\/rachidacouture.com\/home\/product\/robe-layal\/"]}]},{"@type":"ImageObject","inLanguage":"fr-FR","@id":"https:\/\/rachidacouture.com\/home\/product\/robe-layal\/#primaryimage","url":"https:\/\/i0.wp.com\/rachidacouture.com\/wp-content\/uploads\/2025\/07\/04720071-681c-4346-a899-c2f7a37834ff-1.jpeg?fit=1320%2C2346&ssl=1","contentUrl":"https:\/\/i0.wp.com\/rachidacouture.com\/wp-content\/uploads\/2025\/07\/04720071-681c-4346-a899-c2f7a37834ff-1.jpeg?fit=1320%2C2346&ssl=1","width":1320,"height":2346},{"@type":"BreadcrumbList","@id":"https:\/\/rachidacouture.com\/home\/product\/robe-layal\/#breadcrumb","itemListElement":[{"@type":"ListItem","position":1,"name":"Accueil","item":"https:\/\/rachidacouture.com\/home\/"},{"@type":"ListItem","position":2,"name":"Shop","item":"https:\/\/rachidacouture.com\/home\/shop\/"},{"@type":"ListItem","position":3,"name":"Robe Layal"}]},{"@type":"WebSite","@id":"https:\/\/rachidacouture.com\/home\/#website","url":"https:\/\/rachidacouture.com\/home\/","name":"Rachida Couture","description":"","potentialAction":[{"@type":"SearchAction","target":{"@type":"EntryPoint","urlTemplate":"https:\/\/rachidacouture.com\/home\/?s={search_term_string}"},"query-input":"required name=search_term_string"}],"inLanguage":"fr-FR"}]}},"jetpack_sharing_enabled":true,"_links":{"self":[{"href":"https:\/\/rachidacouture.com\/home\/wp-json\/wp\/v2\/product\/3414"}],"collection":[{"href":"https:\/\/rachidacouture.com\/home\/wp-json\/wp\/v2\/product"}],"about":[{"href":"https:\/\/rachidacouture.com\/home\/wp-json\/wp\/v2\/types\/product"}],"replies":[{"embeddable":true,"href":"https:\/\/rachidacouture.com\/home\/wp-json\/wp\/v2\/comments?post=3414"}],"wp:featuredmedia":[{"embeddable":true,"href":"https:\/\/rachidacouture.com\/home\/wp-json\/wp\/v2\/media\/3431"}],"wp:attachment":[{"href":"https:\/\/rachidacouture.com\/home\/wp-json\/wp\/v2\/media?parent=3414"}],"wp:term":[{"taxonomy":"product_cat","embeddable":true,"href":"https:\/\/rachidacouture.com\/home\/wp-json\/wp\/v2\/product_cat?post=3414"},{"taxonomy":"product_tag","embeddable":true,"href":"https:\/\/rachidacouture.com\/home\/wp-json\/wp\/v2\/product_tag?post=3414"}],"curies":[{"name":"wp","href":"https:\/\/api.w.org\/{rel}","templated":true}]}}