{"id":3520,"date":"2025-07-18T20:40:20","date_gmt":"2025-07-18T19:40:20","guid":{"rendered":"https:\/\/rachidacouture.com\/home\/?post_type=product&#038;p=3520"},"modified":"2025-11-13T09:59:44","modified_gmt":"2025-11-13T08:59:44","slug":"veste-dz-%f0%9f%87%a9%f0%9f%87%bf","status":"publish","type":"product","link":"https:\/\/rachidacouture.com\/home\/product\/veste-dz-%f0%9f%87%a9%f0%9f%87%bf\/","title":{"rendered":"Veste DZ \ud83c\udde9\ud83c\uddff"},"content":{"rendered":"<p>Veste en velours allemand<\/p>\n<p>Un tissu noble et raffin\u00e9, au toucher doux et luxueux.<\/p>\n<p>\u2728 Broderie fine &amp; perlage enti\u00e8rement faits main<\/p>\n<p>Chaque d\u00e9tail est pens\u00e9 avec soin pour une pi\u00e8ce \u00e9l\u00e9gante, unique et intemporelle.<\/p>\n","protected":false},"excerpt":{"rendered":"<p>Veste en velours allemand Un tissu noble et raffin\u00e9, au toucher doux et luxueux. \u2728 Broderie fine &amp; perlage enti\u00e8rement faits main Chaque d\u00e9tail est pens\u00e9 avec soin pour une pi\u00e8ce \u00e9l\u00e9gante, unique et intemporelle.<\/p>\n","protected":false},"featured_media":3515,"comment_status":"open","ping_status":"closed","template":"","meta":{"site-sidebar-layout":"default","site-content-layout":"","ast-site-content-layout":"","site-content-style":"default","site-sidebar-style":"default","ast-global-header-display":"","ast-banner-title-visibility":"","ast-main-header-display":"","ast-hfb-above-header-display":"","ast-hfb-below-header-display":"","ast-hfb-mobile-header-display":"","site-post-title":"","ast-breadcrumbs-content":"","ast-featured-img":"","footer-sml-layout":"","theme-transparent-header-meta":"","adv-header-id-meta":"","stick-header-meta":"","header-above-stick-meta":"","header-main-stick-meta":"","header-below-stick-meta":"","astra-migrate-meta-layouts":"default","ast-page-background-enabled":"default","ast-page-background-meta":{"desktop":{"background-color":"","background-image":"","background-repeat":"repeat","background-position":"center center","background-size":"auto","background-attachment":"scroll","background-type":"","background-media":"","overlay-type":"","overlay-color":"","overlay-gradient":""},"tablet":{"background-color":"","background-image":"","background-repeat":"repeat","background-position":"center center","background-size":"auto","background-attachment":"scroll","background-type":"","background-media":"","overlay-type":"","overlay-color":"","overlay-gradient":""},"mobile":{"background-color":"","background-image":"","background-repeat":"repeat","background-position":"center center","background-size":"auto","background-attachment":"scroll","background-type":"","background-media":"","overlay-type":"","overlay-color":"","overlay-gradient":""}},"ast-content-background-meta":{"desktop":{"background-color":"var(--ast-global-color-5)","background-image":"","background-repeat":"repeat","background-position":"center center","background-size":"auto","background-attachment":"scroll","background-type":"","background-media":"","overlay-type":"","overlay-color":"","overlay-gradient":""},"tablet":{"background-color":"var(--ast-global-color-5)","background-image":"","background-repeat":"repeat","background-position":"center center","background-size":"auto","background-attachment":"scroll","background-type":"","background-media":"","overlay-type":"","overlay-color":"","overlay-gradient":""},"mobile":{"background-color":"var(--ast-global-color-5)","background-image":"","background-repeat":"repeat","background-position":"center center","background-size":"auto","background-attachment":"scroll","background-type":"","background-media":"","overlay-type":"","overlay-color":"","overlay-gradient":""}}},"product_cat":[61,15,42,44],"product_tag":[],"acf":[],"yoast_head":"<!-- This site is optimized with the Yoast SEO plugin v22.2 - https:\/\/yoast.com\/wordpress\/plugins\/seo\/ -->\n<title>Veste DZ \ud83c\udde9\ud83c\uddff - Rachida Couture<\/title>\n<meta name=\"robots\" content=\"index, follow, max-snippet:-1, max-image-preview:large, max-video-preview:-1\" \/>\n<link rel=\"canonical\" href=\"https:\/\/rachidacouture.com\/home\/product\/veste-dz-\ud83c\udde9\ud83c\uddff\/\" \/>\n<meta property=\"og:locale\" content=\"fr_FR\" \/>\n<meta property=\"og:type\" content=\"article\" \/>\n<meta property=\"og:title\" content=\"Veste DZ \ud83c\udde9\ud83c\uddff - Rachida Couture\" \/>\n<meta property=\"og:description\" content=\"Veste en velours allemand Un tissu noble et raffin\u00e9, au toucher doux et luxueux. \u2728 Broderie fine &amp; perlage enti\u00e8rement faits main Chaque d\u00e9tail est pens\u00e9 avec soin pour une pi\u00e8ce \u00e9l\u00e9gante, unique et intemporelle.\" \/>\n<meta property=\"og:url\" content=\"https:\/\/rachidacouture.com\/home\/product\/veste-dz-\ud83c\udde9\ud83c\uddff\/\" \/>\n<meta property=\"og:site_name\" content=\"Rachida Couture\" \/>\n<meta property=\"article:publisher\" content=\"https:\/\/www.facebook.com\/RAchidacoutureR\/\" \/>\n<meta property=\"article:modified_time\" content=\"2025-11-13T08:59:44+00:00\" \/>\n<meta property=\"og:image\" content=\"https:\/\/i0.wp.com\/rachidacouture.com\/wp-content\/uploads\/2025\/07\/91f64570-0811-4e1d-a607-211712992fb6.jpeg?fit=1320%2C2346&ssl=1\" \/>\n\t<meta property=\"og:image:width\" content=\"1320\" \/>\n\t<meta property=\"og:image:height\" content=\"2346\" \/>\n\t<meta property=\"og:image:type\" content=\"image\/jpeg\" \/>\n<meta name=\"twitter:card\" content=\"summary_large_image\" \/>\n<script type=\"application\/ld+json\" class=\"yoast-schema-graph\">{\"@context\":\"https:\/\/schema.org\",\"@graph\":[{\"@type\":\"WebPage\",\"@id\":\"https:\/\/rachidacouture.com\/home\/product\/veste-dz-%f0%9f%87%a9%f0%9f%87%bf\/\",\"url\":\"https:\/\/rachidacouture.com\/home\/product\/veste-dz-%f0%9f%87%a9%f0%9f%87%bf\/\",\"name\":\"Veste DZ \ud83c\udde9\ud83c\uddff - Rachida Couture\",\"isPartOf\":{\"@id\":\"https:\/\/rachidacouture.com\/home\/#website\"},\"primaryImageOfPage\":{\"@id\":\"https:\/\/rachidacouture.com\/home\/product\/veste-dz-%f0%9f%87%a9%f0%9f%87%bf\/#primaryimage\"},\"image\":{\"@id\":\"https:\/\/rachidacouture.com\/home\/product\/veste-dz-%f0%9f%87%a9%f0%9f%87%bf\/#primaryimage\"},\"thumbnailUrl\":\"https:\/\/i0.wp.com\/rachidacouture.com\/wp-content\/uploads\/2025\/07\/91f64570-0811-4e1d-a607-211712992fb6.jpeg?fit=1320%2C2346&ssl=1\",\"datePublished\":\"2025-07-18T19:40:20+00:00\",\"dateModified\":\"2025-11-13T08:59:44+00:00\",\"breadcrumb\":{\"@id\":\"https:\/\/rachidacouture.com\/home\/product\/veste-dz-%f0%9f%87%a9%f0%9f%87%bf\/#breadcrumb\"},\"inLanguage\":\"fr-FR\",\"potentialAction\":[{\"@type\":\"ReadAction\",\"target\":[\"https:\/\/rachidacouture.com\/home\/product\/veste-dz-%f0%9f%87%a9%f0%9f%87%bf\/\"]}]},{\"@type\":\"ImageObject\",\"inLanguage\":\"fr-FR\",\"@id\":\"https:\/\/rachidacouture.com\/home\/product\/veste-dz-%f0%9f%87%a9%f0%9f%87%bf\/#primaryimage\",\"url\":\"https:\/\/i0.wp.com\/rachidacouture.com\/wp-content\/uploads\/2025\/07\/91f64570-0811-4e1d-a607-211712992fb6.jpeg?fit=1320%2C2346&ssl=1\",\"contentUrl\":\"https:\/\/i0.wp.com\/rachidacouture.com\/wp-content\/uploads\/2025\/07\/91f64570-0811-4e1d-a607-211712992fb6.jpeg?fit=1320%2C2346&ssl=1\",\"width\":1320,\"height\":2346},{\"@type\":\"BreadcrumbList\",\"@id\":\"https:\/\/rachidacouture.com\/home\/product\/veste-dz-%f0%9f%87%a9%f0%9f%87%bf\/#breadcrumb\",\"itemListElement\":[{\"@type\":\"ListItem\",\"position\":1,\"name\":\"Accueil\",\"item\":\"https:\/\/rachidacouture.com\/home\/\"},{\"@type\":\"ListItem\",\"position\":2,\"name\":\"Shop\",\"item\":\"https:\/\/rachidacouture.com\/home\/shop\/\"},{\"@type\":\"ListItem\",\"position\":3,\"name\":\"Veste DZ \ud83c\udde9\ud83c\uddff\"}]},{\"@type\":\"WebSite\",\"@id\":\"https:\/\/rachidacouture.com\/home\/#website\",\"url\":\"https:\/\/rachidacouture.com\/home\/\",\"name\":\"Rachida Couture\",\"description\":\"\",\"potentialAction\":[{\"@type\":\"SearchAction\",\"target\":{\"@type\":\"EntryPoint\",\"urlTemplate\":\"https:\/\/rachidacouture.com\/home\/?s={search_term_string}\"},\"query-input\":\"required name=search_term_string\"}],\"inLanguage\":\"fr-FR\"}]}<\/script>\n<!-- \/ Yoast SEO plugin. -->","yoast_head_json":{"title":"Veste DZ \ud83c\udde9\ud83c\uddff - Rachida Couture","robots":{"index":"index","follow":"follow","max-snippet":"max-snippet:-1","max-image-preview":"max-image-preview:large","max-video-preview":"max-video-preview:-1"},"canonical":"https:\/\/rachidacouture.com\/home\/product\/veste-dz-\ud83c\udde9\ud83c\uddff\/","og_locale":"fr_FR","og_type":"article","og_title":"Veste DZ \ud83c\udde9\ud83c\uddff - Rachida Couture","og_description":"Veste en velours allemand Un tissu noble et raffin\u00e9, au toucher doux et luxueux. \u2728 Broderie fine &amp; perlage enti\u00e8rement faits main Chaque d\u00e9tail est pens\u00e9 avec soin pour une pi\u00e8ce \u00e9l\u00e9gante, unique et intemporelle.","og_url":"https:\/\/rachidacouture.com\/home\/product\/veste-dz-\ud83c\udde9\ud83c\uddff\/","og_site_name":"Rachida Couture","article_publisher":"https:\/\/www.facebook.com\/RAchidacoutureR\/","article_modified_time":"2025-11-13T08:59:44+00:00","og_image":[{"width":1320,"height":2346,"url":"https:\/\/i0.wp.com\/rachidacouture.com\/wp-content\/uploads\/2025\/07\/91f64570-0811-4e1d-a607-211712992fb6.jpeg?fit=1320%2C2346&ssl=1","type":"image\/jpeg"}],"twitter_card":"summary_large_image","schema":{"@context":"https:\/\/schema.org","@graph":[{"@type":"WebPage","@id":"https:\/\/rachidacouture.com\/home\/product\/veste-dz-%f0%9f%87%a9%f0%9f%87%bf\/","url":"https:\/\/rachidacouture.com\/home\/product\/veste-dz-%f0%9f%87%a9%f0%9f%87%bf\/","name":"Veste DZ \ud83c\udde9\ud83c\uddff - Rachida Couture","isPartOf":{"@id":"https:\/\/rachidacouture.com\/home\/#website"},"primaryImageOfPage":{"@id":"https:\/\/rachidacouture.com\/home\/product\/veste-dz-%f0%9f%87%a9%f0%9f%87%bf\/#primaryimage"},"image":{"@id":"https:\/\/rachidacouture.com\/home\/product\/veste-dz-%f0%9f%87%a9%f0%9f%87%bf\/#primaryimage"},"thumbnailUrl":"https:\/\/i0.wp.com\/rachidacouture.com\/wp-content\/uploads\/2025\/07\/91f64570-0811-4e1d-a607-211712992fb6.jpeg?fit=1320%2C2346&ssl=1","datePublished":"2025-07-18T19:40:20+00:00","dateModified":"2025-11-13T08:59:44+00:00","breadcrumb":{"@id":"https:\/\/rachidacouture.com\/home\/product\/veste-dz-%f0%9f%87%a9%f0%9f%87%bf\/#breadcrumb"},"inLanguage":"fr-FR","potentialAction":[{"@type":"ReadAction","target":["https:\/\/rachidacouture.com\/home\/product\/veste-dz-%f0%9f%87%a9%f0%9f%87%bf\/"]}]},{"@type":"ImageObject","inLanguage":"fr-FR","@id":"https:\/\/rachidacouture.com\/home\/product\/veste-dz-%f0%9f%87%a9%f0%9f%87%bf\/#primaryimage","url":"https:\/\/i0.wp.com\/rachidacouture.com\/wp-content\/uploads\/2025\/07\/91f64570-0811-4e1d-a607-211712992fb6.jpeg?fit=1320%2C2346&ssl=1","contentUrl":"https:\/\/i0.wp.com\/rachidacouture.com\/wp-content\/uploads\/2025\/07\/91f64570-0811-4e1d-a607-211712992fb6.jpeg?fit=1320%2C2346&ssl=1","width":1320,"height":2346},{"@type":"BreadcrumbList","@id":"https:\/\/rachidacouture.com\/home\/product\/veste-dz-%f0%9f%87%a9%f0%9f%87%bf\/#breadcrumb","itemListElement":[{"@type":"ListItem","position":1,"name":"Accueil","item":"https:\/\/rachidacouture.com\/home\/"},{"@type":"ListItem","position":2,"name":"Shop","item":"https:\/\/rachidacouture.com\/home\/shop\/"},{"@type":"ListItem","position":3,"name":"Veste DZ \ud83c\udde9\ud83c\uddff"}]},{"@type":"WebSite","@id":"https:\/\/rachidacouture.com\/home\/#website","url":"https:\/\/rachidacouture.com\/home\/","name":"Rachida Couture","description":"","potentialAction":[{"@type":"SearchAction","target":{"@type":"EntryPoint","urlTemplate":"https:\/\/rachidacouture.com\/home\/?s={search_term_string}"},"query-input":"required name=search_term_string"}],"inLanguage":"fr-FR"}]}},"jetpack_sharing_enabled":true,"_links":{"self":[{"href":"https:\/\/rachidacouture.com\/home\/wp-json\/wp\/v2\/product\/3520"}],"collection":[{"href":"https:\/\/rachidacouture.com\/home\/wp-json\/wp\/v2\/product"}],"about":[{"href":"https:\/\/rachidacouture.com\/home\/wp-json\/wp\/v2\/types\/product"}],"replies":[{"embeddable":true,"href":"https:\/\/rachidacouture.com\/home\/wp-json\/wp\/v2\/comments?post=3520"}],"wp:featuredmedia":[{"embeddable":true,"href":"https:\/\/rachidacouture.com\/home\/wp-json\/wp\/v2\/media\/3515"}],"wp:attachment":[{"href":"https:\/\/rachidacouture.com\/home\/wp-json\/wp\/v2\/media?parent=3520"}],"wp:term":[{"taxonomy":"product_cat","embeddable":true,"href":"https:\/\/rachidacouture.com\/home\/wp-json\/wp\/v2\/product_cat?post=3520"},{"taxonomy":"product_tag","embeddable":true,"href":"https:\/\/rachidacouture.com\/home\/wp-json\/wp\/v2\/product_tag?post=3520"}],"curies":[{"name":"wp","href":"https:\/\/api.w.org\/{rel}","templated":true}]}}