{"id":3623,"date":"2025-08-02T13:35:24","date_gmt":"2025-08-02T12:35:24","guid":{"rendered":"https:\/\/rachidacouture.com\/home\/?post_type=product&#038;p=3623"},"modified":"2025-11-13T09:57:16","modified_gmt":"2025-11-13T08:57:16","slug":"karakou-brocard-%f0%9f%87%a9%f0%9f%87%bf","status":"publish","type":"product","link":"https:\/\/rachidacouture.com\/home\/product\/karakou-brocard-%f0%9f%87%a9%f0%9f%87%bf\/","title":{"rendered":"Karakou brocard \ud83c\udde9\ud83c\uddff"},"content":{"rendered":"<p>\u2728 Tenue traditionnelle d\u2019exception \u2013 Maison Rachida<\/p>\n<p>\ud83d\udd38 Veste Karakou :<\/p>\n<p>R\u00e9alis\u00e9e en velours allemand noir, cette pi\u00e8ce majestueuse est enti\u00e8rement travaill\u00e9e \u00e0 la main.<\/p>\n<p>La broderie dor\u00e9e riche et sym\u00e9trique est rehauss\u00e9e d\u2019un perlage unique, m\u00ealant :<\/p>\n<p>\u2013 Perles Swarovski scintillantes<\/p>\n<p>\u2013 Perles nacr\u00e9es ivoire<\/p>\n<p>\u2013 Cristaux taill\u00e9s fa\u00e7on pierres fines<\/p>\n<p>Les \u00e9paules sont structur\u00e9es, le buste dessin\u00e9 avec \u00e9l\u00e9gance : une coupe qui impose prestance et f\u00e9minit\u00e9.<\/p>\n<p>\ud83d\udd38 Jupe :<\/p>\n<p>Confectionn\u00e9e dans un somptueux brocard dor\u00e9 \u00e0 reflets m\u00e9tallis\u00e9s, orn\u00e9 de motifs floraux tiss\u00e9s.<\/p>\n<p>\u2013 Coupe fluide avec une fente centrale subtile<\/p>\n<p>\u2013 Tomb\u00e9 noble et raffin\u00e9, parfait pour les grandes occasions<\/p>\n","protected":false},"excerpt":{"rendered":"<p>\u2728 Tenue traditionnelle d\u2019exception \u2013 Maison Rachida \ud83d\udd38 Veste Karakou : R\u00e9alis\u00e9e en velours allemand noir, cette pi\u00e8ce majestueuse est enti\u00e8rement travaill\u00e9e \u00e0 la main. La broderie dor\u00e9e riche et sym\u00e9trique est rehauss\u00e9e d\u2019un perlage unique, m\u00ealant : \u2013 Perles Swarovski scintillantes \u2013 Perles nacr\u00e9es ivoire \u2013 Cristaux taill\u00e9s fa\u00e7on pierres fines Les \u00e9paules sont [&hellip;]<\/p>\n","protected":false},"featured_media":3636,"comment_status":"open","ping_status":"closed","template":"","meta":{"site-sidebar-layout":"default","site-content-layout":"","ast-site-content-layout":"","site-content-style":"default","site-sidebar-style":"default","ast-global-header-display":"","ast-banner-title-visibility":"","ast-main-header-display":"","ast-hfb-above-header-display":"","ast-hfb-below-header-display":"","ast-hfb-mobile-header-display":"","site-post-title":"","ast-breadcrumbs-content":"","ast-featured-img":"","footer-sml-layout":"","theme-transparent-header-meta":"","adv-header-id-meta":"","stick-header-meta":"","header-above-stick-meta":"","header-main-stick-meta":"","header-below-stick-meta":"","astra-migrate-meta-layouts":"default","ast-page-background-enabled":"default","ast-page-background-meta":{"desktop":{"background-color":"","background-image":"","background-repeat":"repeat","background-position":"center center","background-size":"auto","background-attachment":"scroll","background-type":"","background-media":"","overlay-type":"","overlay-color":"","overlay-gradient":""},"tablet":{"background-color":"","background-image":"","background-repeat":"repeat","background-position":"center center","background-size":"auto","background-attachment":"scroll","background-type":"","background-media":"","overlay-type":"","overlay-color":"","overlay-gradient":""},"mobile":{"background-color":"","background-image":"","background-repeat":"repeat","background-position":"center center","background-size":"auto","background-attachment":"scroll","background-type":"","background-media":"","overlay-type":"","overlay-color":"","overlay-gradient":""}},"ast-content-background-meta":{"desktop":{"background-color":"var(--ast-global-color-5)","background-image":"","background-repeat":"repeat","background-position":"center center","background-size":"auto","background-attachment":"scroll","background-type":"","background-media":"","overlay-type":"","overlay-color":"","overlay-gradient":""},"tablet":{"background-color":"var(--ast-global-color-5)","background-image":"","background-repeat":"repeat","background-position":"center center","background-size":"auto","background-attachment":"scroll","background-type":"","background-media":"","overlay-type":"","overlay-color":"","overlay-gradient":""},"mobile":{"background-color":"var(--ast-global-color-5)","background-image":"","background-repeat":"repeat","background-position":"center center","background-size":"auto","background-attachment":"scroll","background-type":"","background-media":"","overlay-type":"","overlay-color":"","overlay-gradient":""}}},"product_cat":[61,15,42,44],"product_tag":[],"acf":[],"yoast_head":"<!-- This site is optimized with the Yoast SEO plugin v22.2 - https:\/\/yoast.com\/wordpress\/plugins\/seo\/ -->\n<title>Karakou brocard \ud83c\udde9\ud83c\uddff - Rachida Couture<\/title>\n<meta name=\"robots\" content=\"index, follow, max-snippet:-1, max-image-preview:large, max-video-preview:-1\" \/>\n<link rel=\"canonical\" href=\"https:\/\/rachidacouture.com\/home\/product\/karakou-brocard-\ud83c\udde9\ud83c\uddff\/\" \/>\n<meta property=\"og:locale\" content=\"fr_FR\" \/>\n<meta property=\"og:type\" content=\"article\" \/>\n<meta property=\"og:title\" content=\"Karakou brocard \ud83c\udde9\ud83c\uddff - Rachida Couture\" \/>\n<meta property=\"og:description\" content=\"\u2728 Tenue traditionnelle d\u2019exception \u2013 Maison Rachida \ud83d\udd38 Veste Karakou : R\u00e9alis\u00e9e en velours allemand noir, cette pi\u00e8ce majestueuse est enti\u00e8rement travaill\u00e9e \u00e0 la main. La broderie dor\u00e9e riche et sym\u00e9trique est rehauss\u00e9e d\u2019un perlage unique, m\u00ealant : \u2013 Perles Swarovski scintillantes \u2013 Perles nacr\u00e9es ivoire \u2013 Cristaux taill\u00e9s fa\u00e7on pierres fines Les \u00e9paules sont [&hellip;]\" \/>\n<meta property=\"og:url\" content=\"https:\/\/rachidacouture.com\/home\/product\/karakou-brocard-\ud83c\udde9\ud83c\uddff\/\" \/>\n<meta property=\"og:site_name\" content=\"Rachida Couture\" \/>\n<meta property=\"article:publisher\" content=\"https:\/\/www.facebook.com\/RAchidacoutureR\/\" \/>\n<meta property=\"article:modified_time\" content=\"2025-11-13T08:57:16+00:00\" \/>\n<meta property=\"og:image\" content=\"https:\/\/i0.wp.com\/rachidacouture.com\/wp-content\/uploads\/2025\/08\/da6718f9-449d-41b7-a72c-66e55085c081.jpeg?fit=1320%2C2346&ssl=1\" \/>\n\t<meta property=\"og:image:width\" content=\"1320\" \/>\n\t<meta property=\"og:image:height\" content=\"2346\" \/>\n\t<meta property=\"og:image:type\" content=\"image\/jpeg\" \/>\n<meta name=\"twitter:card\" content=\"summary_large_image\" \/>\n<meta name=\"twitter:label1\" content=\"Dur\u00e9e de lecture estim\u00e9e\" \/>\n\t<meta name=\"twitter:data1\" content=\"1 minute\" \/>\n<script type=\"application\/ld+json\" class=\"yoast-schema-graph\">{\"@context\":\"https:\/\/schema.org\",\"@graph\":[{\"@type\":\"WebPage\",\"@id\":\"https:\/\/rachidacouture.com\/home\/product\/karakou-brocard-%f0%9f%87%a9%f0%9f%87%bf\/\",\"url\":\"https:\/\/rachidacouture.com\/home\/product\/karakou-brocard-%f0%9f%87%a9%f0%9f%87%bf\/\",\"name\":\"Karakou brocard \ud83c\udde9\ud83c\uddff - Rachida Couture\",\"isPartOf\":{\"@id\":\"https:\/\/rachidacouture.com\/home\/#website\"},\"primaryImageOfPage\":{\"@id\":\"https:\/\/rachidacouture.com\/home\/product\/karakou-brocard-%f0%9f%87%a9%f0%9f%87%bf\/#primaryimage\"},\"image\":{\"@id\":\"https:\/\/rachidacouture.com\/home\/product\/karakou-brocard-%f0%9f%87%a9%f0%9f%87%bf\/#primaryimage\"},\"thumbnailUrl\":\"https:\/\/i0.wp.com\/rachidacouture.com\/wp-content\/uploads\/2025\/08\/da6718f9-449d-41b7-a72c-66e55085c081.jpeg?fit=1320%2C2346&ssl=1\",\"datePublished\":\"2025-08-02T12:35:24+00:00\",\"dateModified\":\"2025-11-13T08:57:16+00:00\",\"breadcrumb\":{\"@id\":\"https:\/\/rachidacouture.com\/home\/product\/karakou-brocard-%f0%9f%87%a9%f0%9f%87%bf\/#breadcrumb\"},\"inLanguage\":\"fr-FR\",\"potentialAction\":[{\"@type\":\"ReadAction\",\"target\":[\"https:\/\/rachidacouture.com\/home\/product\/karakou-brocard-%f0%9f%87%a9%f0%9f%87%bf\/\"]}]},{\"@type\":\"ImageObject\",\"inLanguage\":\"fr-FR\",\"@id\":\"https:\/\/rachidacouture.com\/home\/product\/karakou-brocard-%f0%9f%87%a9%f0%9f%87%bf\/#primaryimage\",\"url\":\"https:\/\/i0.wp.com\/rachidacouture.com\/wp-content\/uploads\/2025\/08\/da6718f9-449d-41b7-a72c-66e55085c081.jpeg?fit=1320%2C2346&ssl=1\",\"contentUrl\":\"https:\/\/i0.wp.com\/rachidacouture.com\/wp-content\/uploads\/2025\/08\/da6718f9-449d-41b7-a72c-66e55085c081.jpeg?fit=1320%2C2346&ssl=1\",\"width\":1320,\"height\":2346},{\"@type\":\"BreadcrumbList\",\"@id\":\"https:\/\/rachidacouture.com\/home\/product\/karakou-brocard-%f0%9f%87%a9%f0%9f%87%bf\/#breadcrumb\",\"itemListElement\":[{\"@type\":\"ListItem\",\"position\":1,\"name\":\"Accueil\",\"item\":\"https:\/\/rachidacouture.com\/home\/\"},{\"@type\":\"ListItem\",\"position\":2,\"name\":\"Shop\",\"item\":\"https:\/\/rachidacouture.com\/home\/shop\/\"},{\"@type\":\"ListItem\",\"position\":3,\"name\":\"Karakou brocard \ud83c\udde9\ud83c\uddff\"}]},{\"@type\":\"WebSite\",\"@id\":\"https:\/\/rachidacouture.com\/home\/#website\",\"url\":\"https:\/\/rachidacouture.com\/home\/\",\"name\":\"Rachida Couture\",\"description\":\"\",\"potentialAction\":[{\"@type\":\"SearchAction\",\"target\":{\"@type\":\"EntryPoint\",\"urlTemplate\":\"https:\/\/rachidacouture.com\/home\/?s={search_term_string}\"},\"query-input\":\"required name=search_term_string\"}],\"inLanguage\":\"fr-FR\"}]}<\/script>\n<!-- \/ Yoast SEO plugin. -->","yoast_head_json":{"title":"Karakou brocard \ud83c\udde9\ud83c\uddff - Rachida Couture","robots":{"index":"index","follow":"follow","max-snippet":"max-snippet:-1","max-image-preview":"max-image-preview:large","max-video-preview":"max-video-preview:-1"},"canonical":"https:\/\/rachidacouture.com\/home\/product\/karakou-brocard-\ud83c\udde9\ud83c\uddff\/","og_locale":"fr_FR","og_type":"article","og_title":"Karakou brocard \ud83c\udde9\ud83c\uddff - Rachida Couture","og_description":"\u2728 Tenue traditionnelle d\u2019exception \u2013 Maison Rachida \ud83d\udd38 Veste Karakou : R\u00e9alis\u00e9e en velours allemand noir, cette pi\u00e8ce majestueuse est enti\u00e8rement travaill\u00e9e \u00e0 la main. La broderie dor\u00e9e riche et sym\u00e9trique est rehauss\u00e9e d\u2019un perlage unique, m\u00ealant : \u2013 Perles Swarovski scintillantes \u2013 Perles nacr\u00e9es ivoire \u2013 Cristaux taill\u00e9s fa\u00e7on pierres fines Les \u00e9paules sont [&hellip;]","og_url":"https:\/\/rachidacouture.com\/home\/product\/karakou-brocard-\ud83c\udde9\ud83c\uddff\/","og_site_name":"Rachida Couture","article_publisher":"https:\/\/www.facebook.com\/RAchidacoutureR\/","article_modified_time":"2025-11-13T08:57:16+00:00","og_image":[{"width":1320,"height":2346,"url":"https:\/\/i0.wp.com\/rachidacouture.com\/wp-content\/uploads\/2025\/08\/da6718f9-449d-41b7-a72c-66e55085c081.jpeg?fit=1320%2C2346&ssl=1","type":"image\/jpeg"}],"twitter_card":"summary_large_image","twitter_misc":{"Dur\u00e9e de lecture estim\u00e9e":"1 minute"},"schema":{"@context":"https:\/\/schema.org","@graph":[{"@type":"WebPage","@id":"https:\/\/rachidacouture.com\/home\/product\/karakou-brocard-%f0%9f%87%a9%f0%9f%87%bf\/","url":"https:\/\/rachidacouture.com\/home\/product\/karakou-brocard-%f0%9f%87%a9%f0%9f%87%bf\/","name":"Karakou brocard \ud83c\udde9\ud83c\uddff - Rachida Couture","isPartOf":{"@id":"https:\/\/rachidacouture.com\/home\/#website"},"primaryImageOfPage":{"@id":"https:\/\/rachidacouture.com\/home\/product\/karakou-brocard-%f0%9f%87%a9%f0%9f%87%bf\/#primaryimage"},"image":{"@id":"https:\/\/rachidacouture.com\/home\/product\/karakou-brocard-%f0%9f%87%a9%f0%9f%87%bf\/#primaryimage"},"thumbnailUrl":"https:\/\/i0.wp.com\/rachidacouture.com\/wp-content\/uploads\/2025\/08\/da6718f9-449d-41b7-a72c-66e55085c081.jpeg?fit=1320%2C2346&ssl=1","datePublished":"2025-08-02T12:35:24+00:00","dateModified":"2025-11-13T08:57:16+00:00","breadcrumb":{"@id":"https:\/\/rachidacouture.com\/home\/product\/karakou-brocard-%f0%9f%87%a9%f0%9f%87%bf\/#breadcrumb"},"inLanguage":"fr-FR","potentialAction":[{"@type":"ReadAction","target":["https:\/\/rachidacouture.com\/home\/product\/karakou-brocard-%f0%9f%87%a9%f0%9f%87%bf\/"]}]},{"@type":"ImageObject","inLanguage":"fr-FR","@id":"https:\/\/rachidacouture.com\/home\/product\/karakou-brocard-%f0%9f%87%a9%f0%9f%87%bf\/#primaryimage","url":"https:\/\/i0.wp.com\/rachidacouture.com\/wp-content\/uploads\/2025\/08\/da6718f9-449d-41b7-a72c-66e55085c081.jpeg?fit=1320%2C2346&ssl=1","contentUrl":"https:\/\/i0.wp.com\/rachidacouture.com\/wp-content\/uploads\/2025\/08\/da6718f9-449d-41b7-a72c-66e55085c081.jpeg?fit=1320%2C2346&ssl=1","width":1320,"height":2346},{"@type":"BreadcrumbList","@id":"https:\/\/rachidacouture.com\/home\/product\/karakou-brocard-%f0%9f%87%a9%f0%9f%87%bf\/#breadcrumb","itemListElement":[{"@type":"ListItem","position":1,"name":"Accueil","item":"https:\/\/rachidacouture.com\/home\/"},{"@type":"ListItem","position":2,"name":"Shop","item":"https:\/\/rachidacouture.com\/home\/shop\/"},{"@type":"ListItem","position":3,"name":"Karakou brocard \ud83c\udde9\ud83c\uddff"}]},{"@type":"WebSite","@id":"https:\/\/rachidacouture.com\/home\/#website","url":"https:\/\/rachidacouture.com\/home\/","name":"Rachida Couture","description":"","potentialAction":[{"@type":"SearchAction","target":{"@type":"EntryPoint","urlTemplate":"https:\/\/rachidacouture.com\/home\/?s={search_term_string}"},"query-input":"required name=search_term_string"}],"inLanguage":"fr-FR"}]}},"jetpack_sharing_enabled":true,"_links":{"self":[{"href":"https:\/\/rachidacouture.com\/home\/wp-json\/wp\/v2\/product\/3623"}],"collection":[{"href":"https:\/\/rachidacouture.com\/home\/wp-json\/wp\/v2\/product"}],"about":[{"href":"https:\/\/rachidacouture.com\/home\/wp-json\/wp\/v2\/types\/product"}],"replies":[{"embeddable":true,"href":"https:\/\/rachidacouture.com\/home\/wp-json\/wp\/v2\/comments?post=3623"}],"wp:featuredmedia":[{"embeddable":true,"href":"https:\/\/rachidacouture.com\/home\/wp-json\/wp\/v2\/media\/3636"}],"wp:attachment":[{"href":"https:\/\/rachidacouture.com\/home\/wp-json\/wp\/v2\/media?parent=3623"}],"wp:term":[{"taxonomy":"product_cat","embeddable":true,"href":"https:\/\/rachidacouture.com\/home\/wp-json\/wp\/v2\/product_cat?post=3623"},{"taxonomy":"product_tag","embeddable":true,"href":"https:\/\/rachidacouture.com\/home\/wp-json\/wp\/v2\/product_tag?post=3623"}],"curies":[{"name":"wp","href":"https:\/\/api.w.org\/{rel}","templated":true}]}}