{"id":3732,"date":"2025-10-14T20:19:30","date_gmt":"2025-10-14T19:19:30","guid":{"rendered":"https:\/\/rachidacouture.com\/home\/?post_type=product&#038;p=3732"},"modified":"2026-01-08T00:05:19","modified_gmt":"2026-01-07T23:05:19","slug":"sultana-dress-%f0%9f%91%91","status":"publish","type":"product","link":"https:\/\/rachidacouture.com\/home\/product\/sultana-dress-%f0%9f%91%91\/","title":{"rendered":"Sultana Dress \ud83d\udc51"},"content":{"rendered":"<p>La Robe Sultana incarne l\u2019\u00e9l\u00e9gance royale et le savoir-faire artisanal.<\/p>\n<p>Confectionn\u00e9e en satin russe d\u2019une brillance exquise, elle est sublim\u00e9e par un perlage d\u00e9licat r\u00e9alis\u00e9 \u00e0 la main et une ceinture \u00e9l\u00e9gante qui souligne la taille avec raffinement.<\/p>\n<p>Chaque d\u00e9tail refl\u00e8te la gr\u00e2ce et le prestige d\u2019une pi\u00e8ce unique, pens\u00e9e pour sublimer la silhouette lors des plus belles occasions.<\/p>\n<p>\u2728 D\u00e9tails :<\/p>\n<p>Tissu : satin russe de haute qualit\u00e9<\/p>\n<p>Perlage \u00e0 la main<\/p>\n<p>Ceinture assortie et ajustable<\/p>\n","protected":false},"excerpt":{"rendered":"<p>La Robe Sultana incarne l\u2019\u00e9l\u00e9gance royale et le savoir-faire artisanal. Confectionn\u00e9e en satin russe d\u2019une brillance exquise, elle est sublim\u00e9e par un perlage d\u00e9licat r\u00e9alis\u00e9 \u00e0 la main et une ceinture \u00e9l\u00e9gante qui souligne la taille avec raffinement. Chaque d\u00e9tail refl\u00e8te la gr\u00e2ce et le prestige d\u2019une pi\u00e8ce unique, pens\u00e9e pour sublimer la silhouette lors [&hellip;]<\/p>\n","protected":false},"featured_media":3720,"comment_status":"open","ping_status":"closed","template":"","meta":{"site-sidebar-layout":"default","site-content-layout":"","ast-site-content-layout":"","site-content-style":"default","site-sidebar-style":"default","ast-global-header-display":"","ast-banner-title-visibility":"","ast-main-header-display":"","ast-hfb-above-header-display":"","ast-hfb-below-header-display":"","ast-hfb-mobile-header-display":"","site-post-title":"","ast-breadcrumbs-content":"","ast-featured-img":"","footer-sml-layout":"","theme-transparent-header-meta":"","adv-header-id-meta":"","stick-header-meta":"","header-above-stick-meta":"","header-main-stick-meta":"","header-below-stick-meta":"","astra-migrate-meta-layouts":"default","ast-page-background-enabled":"default","ast-page-background-meta":{"desktop":{"background-color":"","background-image":"","background-repeat":"repeat","background-position":"center center","background-size":"auto","background-attachment":"scroll","background-type":"","background-media":"","overlay-type":"","overlay-color":"","overlay-gradient":""},"tablet":{"background-color":"","background-image":"","background-repeat":"repeat","background-position":"center center","background-size":"auto","background-attachment":"scroll","background-type":"","background-media":"","overlay-type":"","overlay-color":"","overlay-gradient":""},"mobile":{"background-color":"","background-image":"","background-repeat":"repeat","background-position":"center center","background-size":"auto","background-attachment":"scroll","background-type":"","background-media":"","overlay-type":"","overlay-color":"","overlay-gradient":""}},"ast-content-background-meta":{"desktop":{"background-color":"var(--ast-global-color-5)","background-image":"","background-repeat":"repeat","background-position":"center center","background-size":"auto","background-attachment":"scroll","background-type":"","background-media":"","overlay-type":"","overlay-color":"","overlay-gradient":""},"tablet":{"background-color":"var(--ast-global-color-5)","background-image":"","background-repeat":"repeat","background-position":"center center","background-size":"auto","background-attachment":"scroll","background-type":"","background-media":"","overlay-type":"","overlay-color":"","overlay-gradient":""},"mobile":{"background-color":"var(--ast-global-color-5)","background-image":"","background-repeat":"repeat","background-position":"center center","background-size":"auto","background-attachment":"scroll","background-type":"","background-media":"","overlay-type":"","overlay-color":"","overlay-gradient":""}}},"product_cat":[61,15,17,42,44],"product_tag":[],"acf":[],"yoast_head":"<!-- This site is optimized with the Yoast SEO plugin v22.2 - https:\/\/yoast.com\/wordpress\/plugins\/seo\/ -->\n<title>Sultana Dress \ud83d\udc51 - Rachida Couture<\/title>\n<meta name=\"robots\" content=\"index, follow, max-snippet:-1, max-image-preview:large, max-video-preview:-1\" \/>\n<link rel=\"canonical\" href=\"https:\/\/rachidacouture.com\/home\/product\/sultana-dress-\ud83d\udc51\/\" \/>\n<meta property=\"og:locale\" content=\"fr_FR\" \/>\n<meta property=\"og:type\" content=\"article\" \/>\n<meta property=\"og:title\" content=\"Sultana Dress \ud83d\udc51 - Rachida Couture\" \/>\n<meta property=\"og:description\" content=\"La Robe Sultana incarne l\u2019\u00e9l\u00e9gance royale et le savoir-faire artisanal. Confectionn\u00e9e en satin russe d\u2019une brillance exquise, elle est sublim\u00e9e par un perlage d\u00e9licat r\u00e9alis\u00e9 \u00e0 la main et une ceinture \u00e9l\u00e9gante qui souligne la taille avec raffinement. Chaque d\u00e9tail refl\u00e8te la gr\u00e2ce et le prestige d\u2019une pi\u00e8ce unique, pens\u00e9e pour sublimer la silhouette lors [&hellip;]\" \/>\n<meta property=\"og:url\" content=\"https:\/\/rachidacouture.com\/home\/product\/sultana-dress-\ud83d\udc51\/\" \/>\n<meta property=\"og:site_name\" content=\"Rachida Couture\" \/>\n<meta property=\"article:publisher\" content=\"https:\/\/www.facebook.com\/RAchidacoutureR\/\" \/>\n<meta property=\"article:modified_time\" content=\"2026-01-07T23:05:19+00:00\" \/>\n<meta property=\"og:image\" content=\"https:\/\/i0.wp.com\/rachidacouture.com\/wp-content\/uploads\/2025\/10\/ad27822e-5d91-43b3-b857-13a37420ec25.jpeg?fit=1320%2C2346&ssl=1\" \/>\n\t<meta property=\"og:image:width\" content=\"1320\" \/>\n\t<meta property=\"og:image:height\" content=\"2346\" \/>\n\t<meta property=\"og:image:type\" content=\"image\/jpeg\" \/>\n<meta name=\"twitter:card\" content=\"summary_large_image\" \/>\n<script type=\"application\/ld+json\" class=\"yoast-schema-graph\">{\"@context\":\"https:\/\/schema.org\",\"@graph\":[{\"@type\":\"WebPage\",\"@id\":\"https:\/\/rachidacouture.com\/home\/product\/sultana-dress-%f0%9f%91%91\/\",\"url\":\"https:\/\/rachidacouture.com\/home\/product\/sultana-dress-%f0%9f%91%91\/\",\"name\":\"Sultana Dress \ud83d\udc51 - Rachida Couture\",\"isPartOf\":{\"@id\":\"https:\/\/rachidacouture.com\/home\/#website\"},\"primaryImageOfPage\":{\"@id\":\"https:\/\/rachidacouture.com\/home\/product\/sultana-dress-%f0%9f%91%91\/#primaryimage\"},\"image\":{\"@id\":\"https:\/\/rachidacouture.com\/home\/product\/sultana-dress-%f0%9f%91%91\/#primaryimage\"},\"thumbnailUrl\":\"https:\/\/i0.wp.com\/rachidacouture.com\/wp-content\/uploads\/2025\/10\/ad27822e-5d91-43b3-b857-13a37420ec25.jpeg?fit=1320%2C2346&ssl=1\",\"datePublished\":\"2025-10-14T19:19:30+00:00\",\"dateModified\":\"2026-01-07T23:05:19+00:00\",\"breadcrumb\":{\"@id\":\"https:\/\/rachidacouture.com\/home\/product\/sultana-dress-%f0%9f%91%91\/#breadcrumb\"},\"inLanguage\":\"fr-FR\",\"potentialAction\":[{\"@type\":\"ReadAction\",\"target\":[\"https:\/\/rachidacouture.com\/home\/product\/sultana-dress-%f0%9f%91%91\/\"]}]},{\"@type\":\"ImageObject\",\"inLanguage\":\"fr-FR\",\"@id\":\"https:\/\/rachidacouture.com\/home\/product\/sultana-dress-%f0%9f%91%91\/#primaryimage\",\"url\":\"https:\/\/i0.wp.com\/rachidacouture.com\/wp-content\/uploads\/2025\/10\/ad27822e-5d91-43b3-b857-13a37420ec25.jpeg?fit=1320%2C2346&ssl=1\",\"contentUrl\":\"https:\/\/i0.wp.com\/rachidacouture.com\/wp-content\/uploads\/2025\/10\/ad27822e-5d91-43b3-b857-13a37420ec25.jpeg?fit=1320%2C2346&ssl=1\",\"width\":1320,\"height\":2346},{\"@type\":\"BreadcrumbList\",\"@id\":\"https:\/\/rachidacouture.com\/home\/product\/sultana-dress-%f0%9f%91%91\/#breadcrumb\",\"itemListElement\":[{\"@type\":\"ListItem\",\"position\":1,\"name\":\"Accueil\",\"item\":\"https:\/\/rachidacouture.com\/home\/\"},{\"@type\":\"ListItem\",\"position\":2,\"name\":\"Shop\",\"item\":\"https:\/\/rachidacouture.com\/home\/shop\/\"},{\"@type\":\"ListItem\",\"position\":3,\"name\":\"Sultana Dress \ud83d\udc51\"}]},{\"@type\":\"WebSite\",\"@id\":\"https:\/\/rachidacouture.com\/home\/#website\",\"url\":\"https:\/\/rachidacouture.com\/home\/\",\"name\":\"Rachida Couture\",\"description\":\"\",\"potentialAction\":[{\"@type\":\"SearchAction\",\"target\":{\"@type\":\"EntryPoint\",\"urlTemplate\":\"https:\/\/rachidacouture.com\/home\/?s={search_term_string}\"},\"query-input\":\"required name=search_term_string\"}],\"inLanguage\":\"fr-FR\"}]}<\/script>\n<!-- \/ Yoast SEO plugin. -->","yoast_head_json":{"title":"Sultana Dress \ud83d\udc51 - Rachida Couture","robots":{"index":"index","follow":"follow","max-snippet":"max-snippet:-1","max-image-preview":"max-image-preview:large","max-video-preview":"max-video-preview:-1"},"canonical":"https:\/\/rachidacouture.com\/home\/product\/sultana-dress-\ud83d\udc51\/","og_locale":"fr_FR","og_type":"article","og_title":"Sultana Dress \ud83d\udc51 - Rachida Couture","og_description":"La Robe Sultana incarne l\u2019\u00e9l\u00e9gance royale et le savoir-faire artisanal. Confectionn\u00e9e en satin russe d\u2019une brillance exquise, elle est sublim\u00e9e par un perlage d\u00e9licat r\u00e9alis\u00e9 \u00e0 la main et une ceinture \u00e9l\u00e9gante qui souligne la taille avec raffinement. Chaque d\u00e9tail refl\u00e8te la gr\u00e2ce et le prestige d\u2019une pi\u00e8ce unique, pens\u00e9e pour sublimer la silhouette lors [&hellip;]","og_url":"https:\/\/rachidacouture.com\/home\/product\/sultana-dress-\ud83d\udc51\/","og_site_name":"Rachida Couture","article_publisher":"https:\/\/www.facebook.com\/RAchidacoutureR\/","article_modified_time":"2026-01-07T23:05:19+00:00","og_image":[{"width":1320,"height":2346,"url":"https:\/\/i0.wp.com\/rachidacouture.com\/wp-content\/uploads\/2025\/10\/ad27822e-5d91-43b3-b857-13a37420ec25.jpeg?fit=1320%2C2346&ssl=1","type":"image\/jpeg"}],"twitter_card":"summary_large_image","schema":{"@context":"https:\/\/schema.org","@graph":[{"@type":"WebPage","@id":"https:\/\/rachidacouture.com\/home\/product\/sultana-dress-%f0%9f%91%91\/","url":"https:\/\/rachidacouture.com\/home\/product\/sultana-dress-%f0%9f%91%91\/","name":"Sultana Dress \ud83d\udc51 - Rachida Couture","isPartOf":{"@id":"https:\/\/rachidacouture.com\/home\/#website"},"primaryImageOfPage":{"@id":"https:\/\/rachidacouture.com\/home\/product\/sultana-dress-%f0%9f%91%91\/#primaryimage"},"image":{"@id":"https:\/\/rachidacouture.com\/home\/product\/sultana-dress-%f0%9f%91%91\/#primaryimage"},"thumbnailUrl":"https:\/\/i0.wp.com\/rachidacouture.com\/wp-content\/uploads\/2025\/10\/ad27822e-5d91-43b3-b857-13a37420ec25.jpeg?fit=1320%2C2346&ssl=1","datePublished":"2025-10-14T19:19:30+00:00","dateModified":"2026-01-07T23:05:19+00:00","breadcrumb":{"@id":"https:\/\/rachidacouture.com\/home\/product\/sultana-dress-%f0%9f%91%91\/#breadcrumb"},"inLanguage":"fr-FR","potentialAction":[{"@type":"ReadAction","target":["https:\/\/rachidacouture.com\/home\/product\/sultana-dress-%f0%9f%91%91\/"]}]},{"@type":"ImageObject","inLanguage":"fr-FR","@id":"https:\/\/rachidacouture.com\/home\/product\/sultana-dress-%f0%9f%91%91\/#primaryimage","url":"https:\/\/i0.wp.com\/rachidacouture.com\/wp-content\/uploads\/2025\/10\/ad27822e-5d91-43b3-b857-13a37420ec25.jpeg?fit=1320%2C2346&ssl=1","contentUrl":"https:\/\/i0.wp.com\/rachidacouture.com\/wp-content\/uploads\/2025\/10\/ad27822e-5d91-43b3-b857-13a37420ec25.jpeg?fit=1320%2C2346&ssl=1","width":1320,"height":2346},{"@type":"BreadcrumbList","@id":"https:\/\/rachidacouture.com\/home\/product\/sultana-dress-%f0%9f%91%91\/#breadcrumb","itemListElement":[{"@type":"ListItem","position":1,"name":"Accueil","item":"https:\/\/rachidacouture.com\/home\/"},{"@type":"ListItem","position":2,"name":"Shop","item":"https:\/\/rachidacouture.com\/home\/shop\/"},{"@type":"ListItem","position":3,"name":"Sultana Dress \ud83d\udc51"}]},{"@type":"WebSite","@id":"https:\/\/rachidacouture.com\/home\/#website","url":"https:\/\/rachidacouture.com\/home\/","name":"Rachida Couture","description":"","potentialAction":[{"@type":"SearchAction","target":{"@type":"EntryPoint","urlTemplate":"https:\/\/rachidacouture.com\/home\/?s={search_term_string}"},"query-input":"required name=search_term_string"}],"inLanguage":"fr-FR"}]}},"jetpack_sharing_enabled":true,"_links":{"self":[{"href":"https:\/\/rachidacouture.com\/home\/wp-json\/wp\/v2\/product\/3732"}],"collection":[{"href":"https:\/\/rachidacouture.com\/home\/wp-json\/wp\/v2\/product"}],"about":[{"href":"https:\/\/rachidacouture.com\/home\/wp-json\/wp\/v2\/types\/product"}],"replies":[{"embeddable":true,"href":"https:\/\/rachidacouture.com\/home\/wp-json\/wp\/v2\/comments?post=3732"}],"wp:featuredmedia":[{"embeddable":true,"href":"https:\/\/rachidacouture.com\/home\/wp-json\/wp\/v2\/media\/3720"}],"wp:attachment":[{"href":"https:\/\/rachidacouture.com\/home\/wp-json\/wp\/v2\/media?parent=3732"}],"wp:term":[{"taxonomy":"product_cat","embeddable":true,"href":"https:\/\/rachidacouture.com\/home\/wp-json\/wp\/v2\/product_cat?post=3732"},{"taxonomy":"product_tag","embeddable":true,"href":"https:\/\/rachidacouture.com\/home\/wp-json\/wp\/v2\/product_tag?post=3732"}],"curies":[{"name":"wp","href":"https:\/\/api.w.org\/{rel}","templated":true}]}}