{"id":3791,"date":"2025-12-30T20:55:26","date_gmt":"2025-12-30T19:55:26","guid":{"rendered":"https:\/\/rachidacouture.com\/home\/?post_type=product&#038;p=3791"},"modified":"2026-05-01T17:35:32","modified_gmt":"2026-05-01T16:35:32","slug":"louiza-%e2%9c%a8","status":"publish","type":"product","link":"https:\/\/rachidacouture.com\/home\/product\/louiza-%e2%9c%a8\/","title":{"rendered":"Louiza \u2728"},"content":{"rendered":"<p>D\u00e9couvrez ce mod\u00e8le d\u2019exception en velours noir premium, sublim\u00e9 par une broderie artisanale dor\u00e9e aux motifs \u00e9l\u00e9gants et travaill\u00e9s avec pr\u00e9cision. Le d\u00e9collet\u00e9 d\u00e9licatement brod\u00e9 apporte une touche de f\u00e9minit\u00e9 raffin\u00e9e.<\/p>\n<p>La tenue est accompagn\u00e9e d\u2019une ceinture traditionnelle avec wiz, richement d\u00e9cor\u00e9e et parfaitement assortie aux manches et au buste, permettant de structurer la silhouette tout en mettant en valeur le charme authentique du v\u00eatement.<\/p>\n<p>Un ensemble chic et intemporel, id\u00e9al pour les occasions, f\u00eates et c\u00e9r\u00e9monies, alliant tradition et modernit\u00e9 avec finesse.<\/p>\n","protected":false},"excerpt":{"rendered":"<p>D\u00e9couvrez ce mod\u00e8le d\u2019exception en velours noir premium, sublim\u00e9 par une broderie artisanale dor\u00e9e aux motifs \u00e9l\u00e9gants et travaill\u00e9s avec pr\u00e9cision. Le d\u00e9collet\u00e9 d\u00e9licatement brod\u00e9 apporte une touche de f\u00e9minit\u00e9 raffin\u00e9e. La tenue est accompagn\u00e9e d\u2019une ceinture traditionnelle avec wiz, richement d\u00e9cor\u00e9e et parfaitement assortie aux manches et au buste, permettant de structurer la silhouette [&hellip;]<\/p>\n","protected":false},"featured_media":3787,"comment_status":"open","ping_status":"closed","template":"","meta":{"site-sidebar-layout":"default","site-content-layout":"","ast-site-content-layout":"","site-content-style":"default","site-sidebar-style":"default","ast-global-header-display":"","ast-banner-title-visibility":"","ast-main-header-display":"","ast-hfb-above-header-display":"","ast-hfb-below-header-display":"","ast-hfb-mobile-header-display":"","site-post-title":"","ast-breadcrumbs-content":"","ast-featured-img":"","footer-sml-layout":"","theme-transparent-header-meta":"","adv-header-id-meta":"","stick-header-meta":"","header-above-stick-meta":"","header-main-stick-meta":"","header-below-stick-meta":"","astra-migrate-meta-layouts":"default","ast-page-background-enabled":"default","ast-page-background-meta":{"desktop":{"background-color":"","background-image":"","background-repeat":"repeat","background-position":"center center","background-size":"auto","background-attachment":"scroll","background-type":"","background-media":"","overlay-type":"","overlay-color":"","overlay-gradient":""},"tablet":{"background-color":"","background-image":"","background-repeat":"repeat","background-position":"center center","background-size":"auto","background-attachment":"scroll","background-type":"","background-media":"","overlay-type":"","overlay-color":"","overlay-gradient":""},"mobile":{"background-color":"","background-image":"","background-repeat":"repeat","background-position":"center center","background-size":"auto","background-attachment":"scroll","background-type":"","background-media":"","overlay-type":"","overlay-color":"","overlay-gradient":""}},"ast-content-background-meta":{"desktop":{"background-color":"var(--ast-global-color-5)","background-image":"","background-repeat":"repeat","background-position":"center center","background-size":"auto","background-attachment":"scroll","background-type":"","background-media":"","overlay-type":"","overlay-color":"","overlay-gradient":""},"tablet":{"background-color":"var(--ast-global-color-5)","background-image":"","background-repeat":"repeat","background-position":"center center","background-size":"auto","background-attachment":"scroll","background-type":"","background-media":"","overlay-type":"","overlay-color":"","overlay-gradient":""},"mobile":{"background-color":"var(--ast-global-color-5)","background-image":"","background-repeat":"repeat","background-position":"center center","background-size":"auto","background-attachment":"scroll","background-type":"","background-media":"","overlay-type":"","overlay-color":"","overlay-gradient":""}}},"product_cat":[61,15,17,42,44],"product_tag":[],"acf":[],"yoast_head":"<!-- This site is optimized with the Yoast SEO plugin v22.2 - https:\/\/yoast.com\/wordpress\/plugins\/seo\/ -->\n<title>Louiza \u2728 - Rachida Couture<\/title>\n<meta name=\"robots\" content=\"index, follow, max-snippet:-1, max-image-preview:large, max-video-preview:-1\" \/>\n<link rel=\"canonical\" href=\"https:\/\/rachidacouture.com\/home\/product\/louiza-\u2728\/\" \/>\n<meta property=\"og:locale\" content=\"fr_FR\" \/>\n<meta property=\"og:type\" content=\"article\" \/>\n<meta property=\"og:title\" content=\"Louiza \u2728 - Rachida Couture\" \/>\n<meta property=\"og:description\" content=\"D\u00e9couvrez ce mod\u00e8le d\u2019exception en velours noir premium, sublim\u00e9 par une broderie artisanale dor\u00e9e aux motifs \u00e9l\u00e9gants et travaill\u00e9s avec pr\u00e9cision. Le d\u00e9collet\u00e9 d\u00e9licatement brod\u00e9 apporte une touche de f\u00e9minit\u00e9 raffin\u00e9e. La tenue est accompagn\u00e9e d\u2019une ceinture traditionnelle avec wiz, richement d\u00e9cor\u00e9e et parfaitement assortie aux manches et au buste, permettant de structurer la silhouette [&hellip;]\" \/>\n<meta property=\"og:url\" content=\"https:\/\/rachidacouture.com\/home\/product\/louiza-\u2728\/\" \/>\n<meta property=\"og:site_name\" content=\"Rachida Couture\" \/>\n<meta property=\"article:publisher\" content=\"https:\/\/www.facebook.com\/RAchidacoutureR\/\" \/>\n<meta property=\"article:modified_time\" content=\"2026-05-01T16:35:32+00:00\" \/>\n<meta property=\"og:image\" content=\"https:\/\/i0.wp.com\/rachidacouture.com\/wp-content\/uploads\/2025\/12\/d1d2a991-13bb-47b1-bcf5-a208192704ec.jpeg?fit=1320%2C2346&ssl=1\" \/>\n\t<meta property=\"og:image:width\" content=\"1320\" \/>\n\t<meta property=\"og:image:height\" content=\"2346\" \/>\n\t<meta property=\"og:image:type\" content=\"image\/jpeg\" \/>\n<meta name=\"twitter:card\" content=\"summary_large_image\" \/>\n<meta name=\"twitter:label1\" content=\"Dur\u00e9e de lecture estim\u00e9e\" \/>\n\t<meta name=\"twitter:data1\" content=\"1 minute\" \/>\n<script type=\"application\/ld+json\" class=\"yoast-schema-graph\">{\"@context\":\"https:\/\/schema.org\",\"@graph\":[{\"@type\":\"WebPage\",\"@id\":\"https:\/\/rachidacouture.com\/home\/product\/louiza-%e2%9c%a8\/\",\"url\":\"https:\/\/rachidacouture.com\/home\/product\/louiza-%e2%9c%a8\/\",\"name\":\"Louiza \u2728 - Rachida Couture\",\"isPartOf\":{\"@id\":\"https:\/\/rachidacouture.com\/home\/#website\"},\"primaryImageOfPage\":{\"@id\":\"https:\/\/rachidacouture.com\/home\/product\/louiza-%e2%9c%a8\/#primaryimage\"},\"image\":{\"@id\":\"https:\/\/rachidacouture.com\/home\/product\/louiza-%e2%9c%a8\/#primaryimage\"},\"thumbnailUrl\":\"https:\/\/i0.wp.com\/rachidacouture.com\/wp-content\/uploads\/2025\/12\/4aa44ef3-4407-4eb4-9eb0-522c2e953b86.jpeg?fit=1320%2C2346&ssl=1\",\"datePublished\":\"2025-12-30T19:55:26+00:00\",\"dateModified\":\"2026-05-01T16:35:32+00:00\",\"breadcrumb\":{\"@id\":\"https:\/\/rachidacouture.com\/home\/product\/louiza-%e2%9c%a8\/#breadcrumb\"},\"inLanguage\":\"fr-FR\",\"potentialAction\":[{\"@type\":\"ReadAction\",\"target\":[\"https:\/\/rachidacouture.com\/home\/product\/louiza-%e2%9c%a8\/\"]}]},{\"@type\":\"ImageObject\",\"inLanguage\":\"fr-FR\",\"@id\":\"https:\/\/rachidacouture.com\/home\/product\/louiza-%e2%9c%a8\/#primaryimage\",\"url\":\"https:\/\/i0.wp.com\/rachidacouture.com\/wp-content\/uploads\/2025\/12\/4aa44ef3-4407-4eb4-9eb0-522c2e953b86.jpeg?fit=1320%2C2346&ssl=1\",\"contentUrl\":\"https:\/\/i0.wp.com\/rachidacouture.com\/wp-content\/uploads\/2025\/12\/4aa44ef3-4407-4eb4-9eb0-522c2e953b86.jpeg?fit=1320%2C2346&ssl=1\",\"width\":1320,\"height\":2346},{\"@type\":\"BreadcrumbList\",\"@id\":\"https:\/\/rachidacouture.com\/home\/product\/louiza-%e2%9c%a8\/#breadcrumb\",\"itemListElement\":[{\"@type\":\"ListItem\",\"position\":1,\"name\":\"Accueil\",\"item\":\"https:\/\/rachidacouture.com\/home\/\"},{\"@type\":\"ListItem\",\"position\":2,\"name\":\"Shop\",\"item\":\"https:\/\/rachidacouture.com\/home\/shop\/\"},{\"@type\":\"ListItem\",\"position\":3,\"name\":\"Louiza \u2728\"}]},{\"@type\":\"WebSite\",\"@id\":\"https:\/\/rachidacouture.com\/home\/#website\",\"url\":\"https:\/\/rachidacouture.com\/home\/\",\"name\":\"Rachida Couture\",\"description\":\"\",\"potentialAction\":[{\"@type\":\"SearchAction\",\"target\":{\"@type\":\"EntryPoint\",\"urlTemplate\":\"https:\/\/rachidacouture.com\/home\/?s={search_term_string}\"},\"query-input\":\"required name=search_term_string\"}],\"inLanguage\":\"fr-FR\"}]}<\/script>\n<!-- \/ Yoast SEO plugin. -->","yoast_head_json":{"title":"Louiza \u2728 - Rachida Couture","robots":{"index":"index","follow":"follow","max-snippet":"max-snippet:-1","max-image-preview":"max-image-preview:large","max-video-preview":"max-video-preview:-1"},"canonical":"https:\/\/rachidacouture.com\/home\/product\/louiza-\u2728\/","og_locale":"fr_FR","og_type":"article","og_title":"Louiza \u2728 - Rachida Couture","og_description":"D\u00e9couvrez ce mod\u00e8le d\u2019exception en velours noir premium, sublim\u00e9 par une broderie artisanale dor\u00e9e aux motifs \u00e9l\u00e9gants et travaill\u00e9s avec pr\u00e9cision. Le d\u00e9collet\u00e9 d\u00e9licatement brod\u00e9 apporte une touche de f\u00e9minit\u00e9 raffin\u00e9e. La tenue est accompagn\u00e9e d\u2019une ceinture traditionnelle avec wiz, richement d\u00e9cor\u00e9e et parfaitement assortie aux manches et au buste, permettant de structurer la silhouette [&hellip;]","og_url":"https:\/\/rachidacouture.com\/home\/product\/louiza-\u2728\/","og_site_name":"Rachida Couture","article_publisher":"https:\/\/www.facebook.com\/RAchidacoutureR\/","article_modified_time":"2026-05-01T16:35:32+00:00","og_image":[{"width":1320,"height":2346,"url":"https:\/\/i0.wp.com\/rachidacouture.com\/wp-content\/uploads\/2025\/12\/d1d2a991-13bb-47b1-bcf5-a208192704ec.jpeg?fit=1320%2C2346&ssl=1","type":"image\/jpeg"}],"twitter_card":"summary_large_image","twitter_misc":{"Dur\u00e9e de lecture estim\u00e9e":"1 minute"},"schema":{"@context":"https:\/\/schema.org","@graph":[{"@type":"WebPage","@id":"https:\/\/rachidacouture.com\/home\/product\/louiza-%e2%9c%a8\/","url":"https:\/\/rachidacouture.com\/home\/product\/louiza-%e2%9c%a8\/","name":"Louiza \u2728 - Rachida Couture","isPartOf":{"@id":"https:\/\/rachidacouture.com\/home\/#website"},"primaryImageOfPage":{"@id":"https:\/\/rachidacouture.com\/home\/product\/louiza-%e2%9c%a8\/#primaryimage"},"image":{"@id":"https:\/\/rachidacouture.com\/home\/product\/louiza-%e2%9c%a8\/#primaryimage"},"thumbnailUrl":"https:\/\/i0.wp.com\/rachidacouture.com\/wp-content\/uploads\/2025\/12\/4aa44ef3-4407-4eb4-9eb0-522c2e953b86.jpeg?fit=1320%2C2346&ssl=1","datePublished":"2025-12-30T19:55:26+00:00","dateModified":"2026-05-01T16:35:32+00:00","breadcrumb":{"@id":"https:\/\/rachidacouture.com\/home\/product\/louiza-%e2%9c%a8\/#breadcrumb"},"inLanguage":"fr-FR","potentialAction":[{"@type":"ReadAction","target":["https:\/\/rachidacouture.com\/home\/product\/louiza-%e2%9c%a8\/"]}]},{"@type":"ImageObject","inLanguage":"fr-FR","@id":"https:\/\/rachidacouture.com\/home\/product\/louiza-%e2%9c%a8\/#primaryimage","url":"https:\/\/i0.wp.com\/rachidacouture.com\/wp-content\/uploads\/2025\/12\/4aa44ef3-4407-4eb4-9eb0-522c2e953b86.jpeg?fit=1320%2C2346&ssl=1","contentUrl":"https:\/\/i0.wp.com\/rachidacouture.com\/wp-content\/uploads\/2025\/12\/4aa44ef3-4407-4eb4-9eb0-522c2e953b86.jpeg?fit=1320%2C2346&ssl=1","width":1320,"height":2346},{"@type":"BreadcrumbList","@id":"https:\/\/rachidacouture.com\/home\/product\/louiza-%e2%9c%a8\/#breadcrumb","itemListElement":[{"@type":"ListItem","position":1,"name":"Accueil","item":"https:\/\/rachidacouture.com\/home\/"},{"@type":"ListItem","position":2,"name":"Shop","item":"https:\/\/rachidacouture.com\/home\/shop\/"},{"@type":"ListItem","position":3,"name":"Louiza \u2728"}]},{"@type":"WebSite","@id":"https:\/\/rachidacouture.com\/home\/#website","url":"https:\/\/rachidacouture.com\/home\/","name":"Rachida Couture","description":"","potentialAction":[{"@type":"SearchAction","target":{"@type":"EntryPoint","urlTemplate":"https:\/\/rachidacouture.com\/home\/?s={search_term_string}"},"query-input":"required name=search_term_string"}],"inLanguage":"fr-FR"}]}},"jetpack_sharing_enabled":true,"_links":{"self":[{"href":"https:\/\/rachidacouture.com\/home\/wp-json\/wp\/v2\/product\/3791"}],"collection":[{"href":"https:\/\/rachidacouture.com\/home\/wp-json\/wp\/v2\/product"}],"about":[{"href":"https:\/\/rachidacouture.com\/home\/wp-json\/wp\/v2\/types\/product"}],"replies":[{"embeddable":true,"href":"https:\/\/rachidacouture.com\/home\/wp-json\/wp\/v2\/comments?post=3791"}],"wp:featuredmedia":[{"embeddable":true,"href":"https:\/\/rachidacouture.com\/home\/wp-json\/wp\/v2\/media\/3787"}],"wp:attachment":[{"href":"https:\/\/rachidacouture.com\/home\/wp-json\/wp\/v2\/media?parent=3791"}],"wp:term":[{"taxonomy":"product_cat","embeddable":true,"href":"https:\/\/rachidacouture.com\/home\/wp-json\/wp\/v2\/product_cat?post=3791"},{"taxonomy":"product_tag","embeddable":true,"href":"https:\/\/rachidacouture.com\/home\/wp-json\/wp\/v2\/product_tag?post=3791"}],"curies":[{"name":"wp","href":"https:\/\/api.w.org\/{rel}","templated":true}]}}