{"id":3860,"date":"2026-01-09T22:28:52","date_gmt":"2026-01-09T21:28:52","guid":{"rendered":"https:\/\/rachidacouture.com\/home\/?post_type=product&#038;p=3860"},"modified":"2026-01-15T20:01:53","modified_gmt":"2026-01-15T19:01:53","slug":"%e2%9c%a8gandoura-alya%e2%9c%a8","status":"publish","type":"product","link":"https:\/\/rachidacouture.com\/home\/product\/%e2%9c%a8gandoura-alya%e2%9c%a8\/","title":{"rendered":"\u2728Gandoura ALYA\u2728"},"content":{"rendered":"<p>Mod\u00e8le en velours noir, sublim\u00e9 par de broderies artisanales dor\u00e9es aux motifs floraux raffin\u00e9s. Encolure carr\u00e9e, manches brod\u00e9es et ceinture marquant la taille pour une silhouette \u00e9l\u00e9gante et structur\u00e9e. Une pi\u00e8ce d\u2019exception, pens\u00e9e pour les grandes occasions.<\/p>\n","protected":false},"excerpt":{"rendered":"<p>Mod\u00e8le en velours noir, sublim\u00e9 par de broderies artisanales dor\u00e9es aux motifs floraux raffin\u00e9s. Encolure carr\u00e9e, manches brod\u00e9es et ceinture marquant la taille pour une silhouette \u00e9l\u00e9gante et structur\u00e9e. Une pi\u00e8ce d\u2019exception, pens\u00e9e pour les grandes occasions.<\/p>\n","protected":false},"featured_media":3892,"comment_status":"open","ping_status":"closed","template":"","meta":{"site-sidebar-layout":"default","site-content-layout":"","ast-site-content-layout":"","site-content-style":"default","site-sidebar-style":"default","ast-global-header-display":"","ast-banner-title-visibility":"","ast-main-header-display":"","ast-hfb-above-header-display":"","ast-hfb-below-header-display":"","ast-hfb-mobile-header-display":"","site-post-title":"","ast-breadcrumbs-content":"","ast-featured-img":"","footer-sml-layout":"","theme-transparent-header-meta":"","adv-header-id-meta":"","stick-header-meta":"","header-above-stick-meta":"","header-main-stick-meta":"","header-below-stick-meta":"","astra-migrate-meta-layouts":"default","ast-page-background-enabled":"default","ast-page-background-meta":{"desktop":{"background-color":"","background-image":"","background-repeat":"repeat","background-position":"center center","background-size":"auto","background-attachment":"scroll","background-type":"","background-media":"","overlay-type":"","overlay-color":"","overlay-gradient":""},"tablet":{"background-color":"","background-image":"","background-repeat":"repeat","background-position":"center center","background-size":"auto","background-attachment":"scroll","background-type":"","background-media":"","overlay-type":"","overlay-color":"","overlay-gradient":""},"mobile":{"background-color":"","background-image":"","background-repeat":"repeat","background-position":"center center","background-size":"auto","background-attachment":"scroll","background-type":"","background-media":"","overlay-type":"","overlay-color":"","overlay-gradient":""}},"ast-content-background-meta":{"desktop":{"background-color":"var(--ast-global-color-5)","background-image":"","background-repeat":"repeat","background-position":"center center","background-size":"auto","background-attachment":"scroll","background-type":"","background-media":"","overlay-type":"","overlay-color":"","overlay-gradient":""},"tablet":{"background-color":"var(--ast-global-color-5)","background-image":"","background-repeat":"repeat","background-position":"center center","background-size":"auto","background-attachment":"scroll","background-type":"","background-media":"","overlay-type":"","overlay-color":"","overlay-gradient":""},"mobile":{"background-color":"var(--ast-global-color-5)","background-image":"","background-repeat":"repeat","background-position":"center center","background-size":"auto","background-attachment":"scroll","background-type":"","background-media":"","overlay-type":"","overlay-color":"","overlay-gradient":""}}},"product_cat":[61,15,17,42,44],"product_tag":[],"acf":[],"yoast_head":"<!-- This site is optimized with the Yoast SEO plugin v22.2 - https:\/\/yoast.com\/wordpress\/plugins\/seo\/ -->\n<title>\u2728Gandoura ALYA\u2728 - Rachida Couture<\/title>\n<meta name=\"robots\" content=\"index, follow, max-snippet:-1, max-image-preview:large, max-video-preview:-1\" \/>\n<link rel=\"canonical\" href=\"https:\/\/rachidacouture.com\/home\/product\/\u2728gandoura-alya\u2728\/\" \/>\n<meta property=\"og:locale\" content=\"fr_FR\" \/>\n<meta property=\"og:type\" content=\"article\" \/>\n<meta property=\"og:title\" content=\"\u2728Gandoura ALYA\u2728 - Rachida Couture\" \/>\n<meta property=\"og:description\" content=\"Mod\u00e8le en velours noir, sublim\u00e9 par de broderies artisanales dor\u00e9es aux motifs floraux raffin\u00e9s. Encolure carr\u00e9e, manches brod\u00e9es et ceinture marquant la taille pour une silhouette \u00e9l\u00e9gante et structur\u00e9e. Une pi\u00e8ce d\u2019exception, pens\u00e9e pour les grandes occasions.\" \/>\n<meta property=\"og:url\" content=\"https:\/\/rachidacouture.com\/home\/product\/\u2728gandoura-alya\u2728\/\" \/>\n<meta property=\"og:site_name\" content=\"Rachida Couture\" \/>\n<meta property=\"article:publisher\" content=\"https:\/\/www.facebook.com\/RAchidacoutureR\/\" \/>\n<meta property=\"article:modified_time\" content=\"2026-01-15T19:01:53+00:00\" \/>\n<meta property=\"og:image\" content=\"https:\/\/i0.wp.com\/rachidacouture.com\/wp-content\/uploads\/2026\/01\/d504441f-77e6-430f-b3e4-d6cd8bc3516b.jpeg?fit=1320%2C2346&ssl=1\" \/>\n\t<meta property=\"og:image:width\" content=\"1320\" \/>\n\t<meta property=\"og:image:height\" content=\"2346\" \/>\n\t<meta property=\"og:image:type\" content=\"image\/jpeg\" \/>\n<meta name=\"twitter:card\" content=\"summary_large_image\" \/>\n<script type=\"application\/ld+json\" class=\"yoast-schema-graph\">{\"@context\":\"https:\/\/schema.org\",\"@graph\":[{\"@type\":\"WebPage\",\"@id\":\"https:\/\/rachidacouture.com\/home\/product\/%e2%9c%a8gandoura-alya%e2%9c%a8\/\",\"url\":\"https:\/\/rachidacouture.com\/home\/product\/%e2%9c%a8gandoura-alya%e2%9c%a8\/\",\"name\":\"\u2728Gandoura ALYA\u2728 - Rachida Couture\",\"isPartOf\":{\"@id\":\"https:\/\/rachidacouture.com\/home\/#website\"},\"primaryImageOfPage\":{\"@id\":\"https:\/\/rachidacouture.com\/home\/product\/%e2%9c%a8gandoura-alya%e2%9c%a8\/#primaryimage\"},\"image\":{\"@id\":\"https:\/\/rachidacouture.com\/home\/product\/%e2%9c%a8gandoura-alya%e2%9c%a8\/#primaryimage\"},\"thumbnailUrl\":\"https:\/\/i0.wp.com\/rachidacouture.com\/wp-content\/uploads\/2026\/01\/38d0c47e-6e60-4176-adad-d7fd89aa993d-2.jpeg?fit=1320%2C2346&ssl=1\",\"datePublished\":\"2026-01-09T21:28:52+00:00\",\"dateModified\":\"2026-01-15T19:01:53+00:00\",\"breadcrumb\":{\"@id\":\"https:\/\/rachidacouture.com\/home\/product\/%e2%9c%a8gandoura-alya%e2%9c%a8\/#breadcrumb\"},\"inLanguage\":\"fr-FR\",\"potentialAction\":[{\"@type\":\"ReadAction\",\"target\":[\"https:\/\/rachidacouture.com\/home\/product\/%e2%9c%a8gandoura-alya%e2%9c%a8\/\"]}]},{\"@type\":\"ImageObject\",\"inLanguage\":\"fr-FR\",\"@id\":\"https:\/\/rachidacouture.com\/home\/product\/%e2%9c%a8gandoura-alya%e2%9c%a8\/#primaryimage\",\"url\":\"https:\/\/i0.wp.com\/rachidacouture.com\/wp-content\/uploads\/2026\/01\/38d0c47e-6e60-4176-adad-d7fd89aa993d-2.jpeg?fit=1320%2C2346&ssl=1\",\"contentUrl\":\"https:\/\/i0.wp.com\/rachidacouture.com\/wp-content\/uploads\/2026\/01\/38d0c47e-6e60-4176-adad-d7fd89aa993d-2.jpeg?fit=1320%2C2346&ssl=1\",\"width\":1320,\"height\":2346},{\"@type\":\"BreadcrumbList\",\"@id\":\"https:\/\/rachidacouture.com\/home\/product\/%e2%9c%a8gandoura-alya%e2%9c%a8\/#breadcrumb\",\"itemListElement\":[{\"@type\":\"ListItem\",\"position\":1,\"name\":\"Accueil\",\"item\":\"https:\/\/rachidacouture.com\/home\/\"},{\"@type\":\"ListItem\",\"position\":2,\"name\":\"Shop\",\"item\":\"https:\/\/rachidacouture.com\/home\/shop\/\"},{\"@type\":\"ListItem\",\"position\":3,\"name\":\"\u2728Gandoura ALYA\u2728\"}]},{\"@type\":\"WebSite\",\"@id\":\"https:\/\/rachidacouture.com\/home\/#website\",\"url\":\"https:\/\/rachidacouture.com\/home\/\",\"name\":\"Rachida Couture\",\"description\":\"\",\"potentialAction\":[{\"@type\":\"SearchAction\",\"target\":{\"@type\":\"EntryPoint\",\"urlTemplate\":\"https:\/\/rachidacouture.com\/home\/?s={search_term_string}\"},\"query-input\":\"required name=search_term_string\"}],\"inLanguage\":\"fr-FR\"}]}<\/script>\n<!-- \/ Yoast SEO plugin. -->","yoast_head_json":{"title":"\u2728Gandoura ALYA\u2728 - Rachida Couture","robots":{"index":"index","follow":"follow","max-snippet":"max-snippet:-1","max-image-preview":"max-image-preview:large","max-video-preview":"max-video-preview:-1"},"canonical":"https:\/\/rachidacouture.com\/home\/product\/\u2728gandoura-alya\u2728\/","og_locale":"fr_FR","og_type":"article","og_title":"\u2728Gandoura ALYA\u2728 - Rachida Couture","og_description":"Mod\u00e8le en velours noir, sublim\u00e9 par de broderies artisanales dor\u00e9es aux motifs floraux raffin\u00e9s. Encolure carr\u00e9e, manches brod\u00e9es et ceinture marquant la taille pour une silhouette \u00e9l\u00e9gante et structur\u00e9e. Une pi\u00e8ce d\u2019exception, pens\u00e9e pour les grandes occasions.","og_url":"https:\/\/rachidacouture.com\/home\/product\/\u2728gandoura-alya\u2728\/","og_site_name":"Rachida Couture","article_publisher":"https:\/\/www.facebook.com\/RAchidacoutureR\/","article_modified_time":"2026-01-15T19:01:53+00:00","og_image":[{"width":1320,"height":2346,"url":"https:\/\/i0.wp.com\/rachidacouture.com\/wp-content\/uploads\/2026\/01\/d504441f-77e6-430f-b3e4-d6cd8bc3516b.jpeg?fit=1320%2C2346&ssl=1","type":"image\/jpeg"}],"twitter_card":"summary_large_image","schema":{"@context":"https:\/\/schema.org","@graph":[{"@type":"WebPage","@id":"https:\/\/rachidacouture.com\/home\/product\/%e2%9c%a8gandoura-alya%e2%9c%a8\/","url":"https:\/\/rachidacouture.com\/home\/product\/%e2%9c%a8gandoura-alya%e2%9c%a8\/","name":"\u2728Gandoura ALYA\u2728 - Rachida Couture","isPartOf":{"@id":"https:\/\/rachidacouture.com\/home\/#website"},"primaryImageOfPage":{"@id":"https:\/\/rachidacouture.com\/home\/product\/%e2%9c%a8gandoura-alya%e2%9c%a8\/#primaryimage"},"image":{"@id":"https:\/\/rachidacouture.com\/home\/product\/%e2%9c%a8gandoura-alya%e2%9c%a8\/#primaryimage"},"thumbnailUrl":"https:\/\/i0.wp.com\/rachidacouture.com\/wp-content\/uploads\/2026\/01\/38d0c47e-6e60-4176-adad-d7fd89aa993d-2.jpeg?fit=1320%2C2346&ssl=1","datePublished":"2026-01-09T21:28:52+00:00","dateModified":"2026-01-15T19:01:53+00:00","breadcrumb":{"@id":"https:\/\/rachidacouture.com\/home\/product\/%e2%9c%a8gandoura-alya%e2%9c%a8\/#breadcrumb"},"inLanguage":"fr-FR","potentialAction":[{"@type":"ReadAction","target":["https:\/\/rachidacouture.com\/home\/product\/%e2%9c%a8gandoura-alya%e2%9c%a8\/"]}]},{"@type":"ImageObject","inLanguage":"fr-FR","@id":"https:\/\/rachidacouture.com\/home\/product\/%e2%9c%a8gandoura-alya%e2%9c%a8\/#primaryimage","url":"https:\/\/i0.wp.com\/rachidacouture.com\/wp-content\/uploads\/2026\/01\/38d0c47e-6e60-4176-adad-d7fd89aa993d-2.jpeg?fit=1320%2C2346&ssl=1","contentUrl":"https:\/\/i0.wp.com\/rachidacouture.com\/wp-content\/uploads\/2026\/01\/38d0c47e-6e60-4176-adad-d7fd89aa993d-2.jpeg?fit=1320%2C2346&ssl=1","width":1320,"height":2346},{"@type":"BreadcrumbList","@id":"https:\/\/rachidacouture.com\/home\/product\/%e2%9c%a8gandoura-alya%e2%9c%a8\/#breadcrumb","itemListElement":[{"@type":"ListItem","position":1,"name":"Accueil","item":"https:\/\/rachidacouture.com\/home\/"},{"@type":"ListItem","position":2,"name":"Shop","item":"https:\/\/rachidacouture.com\/home\/shop\/"},{"@type":"ListItem","position":3,"name":"\u2728Gandoura ALYA\u2728"}]},{"@type":"WebSite","@id":"https:\/\/rachidacouture.com\/home\/#website","url":"https:\/\/rachidacouture.com\/home\/","name":"Rachida Couture","description":"","potentialAction":[{"@type":"SearchAction","target":{"@type":"EntryPoint","urlTemplate":"https:\/\/rachidacouture.com\/home\/?s={search_term_string}"},"query-input":"required name=search_term_string"}],"inLanguage":"fr-FR"}]}},"jetpack_sharing_enabled":true,"_links":{"self":[{"href":"https:\/\/rachidacouture.com\/home\/wp-json\/wp\/v2\/product\/3860"}],"collection":[{"href":"https:\/\/rachidacouture.com\/home\/wp-json\/wp\/v2\/product"}],"about":[{"href":"https:\/\/rachidacouture.com\/home\/wp-json\/wp\/v2\/types\/product"}],"replies":[{"embeddable":true,"href":"https:\/\/rachidacouture.com\/home\/wp-json\/wp\/v2\/comments?post=3860"}],"wp:featuredmedia":[{"embeddable":true,"href":"https:\/\/rachidacouture.com\/home\/wp-json\/wp\/v2\/media\/3892"}],"wp:attachment":[{"href":"https:\/\/rachidacouture.com\/home\/wp-json\/wp\/v2\/media?parent=3860"}],"wp:term":[{"taxonomy":"product_cat","embeddable":true,"href":"https:\/\/rachidacouture.com\/home\/wp-json\/wp\/v2\/product_cat?post=3860"},{"taxonomy":"product_tag","embeddable":true,"href":"https:\/\/rachidacouture.com\/home\/wp-json\/wp\/v2\/product_tag?post=3860"}],"curies":[{"name":"wp","href":"https:\/\/api.w.org\/{rel}","templated":true}]}}