{"id":3975,"date":"2026-02-03T20:27:59","date_gmt":"2026-02-03T19:27:59","guid":{"rendered":"https:\/\/rachidacouture.com\/home\/?post_type=product&#038;p=3975"},"modified":"2026-02-03T20:32:06","modified_gmt":"2026-02-03T19:32:06","slug":"layali-%f0%9f%8c%99","status":"publish","type":"product","link":"https:\/\/rachidacouture.com\/home\/product\/layali-%f0%9f%8c%99\/","title":{"rendered":"Layali \ud83c\udf19"},"content":{"rendered":"<p>\u2728 Robe Layali \ud83c\udf19<\/p>\n<p>avec motif et perlage \u00e0 la main \ud83d\udc8e<\/p>\n<p>\ud83c\udfa8 Disponible en 5 couleurs<\/p>\n<p>\ud83d\udcb0 Prix : 3900 DA<\/p>\n<p>\u0627\u0644\u0637\u0648\u0644 : 145<\/p>\n<p>Parfaite pour les soir\u00e9es de Ramadan et l\u2019A\u00efd \ud83c\udf19\u2728<\/p>\n<p>\u00c9l\u00e9gante, unique et faite \u00e0 la main, elle fera tourner les regards et vous fera sentir sp\u00e9ciale \u00e0 chaque occasion.<\/p>\n<p>\u0645\u062b\u0627\u0644\u064a \u0644\u0633\u0647\u0631\u0627\u062a \u0631\u0645\u0636\u0627\u0646 \u0648 \u0639\u064a\u062f \u0627\u0644\u0641\u0637\u0631 \ud83c\udf19\u2728<\/p>\n<p>\ud83d\udc96<\/p>\n<p>\u0623\u0646\u064a\u0642\u060c \u0641\u0631\u064a\u062f \u0648\u0645\u0635\u0646\u0648\u0639 \u064a\u062f\u0648\u064a\u064b\u0627 \u0644\u064a\u062c\u0639\u0644\u0643 \u062a\u062a\u0623\u0644\u0642\u064a\u0646 \u0648\u062a\u0634\u0639\u0631\u064a\u0628\u0627\u0644\u062a\u0645\u064a\u0632 \u0641\u064a \u0643\u0644 \u0645\u0646\u0627\u0633\u0628\u0629<\/p>\n","protected":false},"excerpt":{"rendered":"<p>\u2728 Robe Layali \ud83c\udf19 avec motif et perlage \u00e0 la main \ud83d\udc8e \ud83c\udfa8 Disponible en 5 couleurs \ud83d\udcb0 Prix : 3900 DA \u0627\u0644\u0637\u0648\u0644 : 145 Parfaite pour les soir\u00e9es de Ramadan et l\u2019A\u00efd \ud83c\udf19\u2728 \u00c9l\u00e9gante, unique et faite \u00e0 la main, elle fera tourner les regards et vous fera sentir sp\u00e9ciale \u00e0 chaque occasion. \u0645\u062b\u0627\u0644\u064a [&hellip;]<\/p>\n","protected":false},"featured_media":3964,"comment_status":"open","ping_status":"closed","template":"","meta":{"site-sidebar-layout":"default","site-content-layout":"","ast-site-content-layout":"","site-content-style":"default","site-sidebar-style":"default","ast-global-header-display":"","ast-banner-title-visibility":"","ast-main-header-display":"","ast-hfb-above-header-display":"","ast-hfb-below-header-display":"","ast-hfb-mobile-header-display":"","site-post-title":"","ast-breadcrumbs-content":"","ast-featured-img":"","footer-sml-layout":"","theme-transparent-header-meta":"","adv-header-id-meta":"","stick-header-meta":"","header-above-stick-meta":"","header-main-stick-meta":"","header-below-stick-meta":"","astra-migrate-meta-layouts":"default","ast-page-background-enabled":"default","ast-page-background-meta":{"desktop":{"background-color":"","background-image":"","background-repeat":"repeat","background-position":"center center","background-size":"auto","background-attachment":"scroll","background-type":"","background-media":"","overlay-type":"","overlay-color":"","overlay-gradient":""},"tablet":{"background-color":"","background-image":"","background-repeat":"repeat","background-position":"center center","background-size":"auto","background-attachment":"scroll","background-type":"","background-media":"","overlay-type":"","overlay-color":"","overlay-gradient":""},"mobile":{"background-color":"","background-image":"","background-repeat":"repeat","background-position":"center center","background-size":"auto","background-attachment":"scroll","background-type":"","background-media":"","overlay-type":"","overlay-color":"","overlay-gradient":""}},"ast-content-background-meta":{"desktop":{"background-color":"var(--ast-global-color-5)","background-image":"","background-repeat":"repeat","background-position":"center center","background-size":"auto","background-attachment":"scroll","background-type":"","background-media":"","overlay-type":"","overlay-color":"","overlay-gradient":""},"tablet":{"background-color":"var(--ast-global-color-5)","background-image":"","background-repeat":"repeat","background-position":"center center","background-size":"auto","background-attachment":"scroll","background-type":"","background-media":"","overlay-type":"","overlay-color":"","overlay-gradient":""},"mobile":{"background-color":"var(--ast-global-color-5)","background-image":"","background-repeat":"repeat","background-position":"center center","background-size":"auto","background-attachment":"scroll","background-type":"","background-media":"","overlay-type":"","overlay-color":"","overlay-gradient":""}}},"product_cat":[61,15,17,42,44],"product_tag":[],"acf":[],"yoast_head":"<!-- This site is optimized with the Yoast SEO plugin v22.2 - https:\/\/yoast.com\/wordpress\/plugins\/seo\/ -->\n<title>Layali \ud83c\udf19 - Rachida Couture<\/title>\n<meta name=\"robots\" content=\"index, follow, max-snippet:-1, max-image-preview:large, max-video-preview:-1\" \/>\n<link rel=\"canonical\" href=\"https:\/\/rachidacouture.com\/home\/product\/layali-\ud83c\udf19\/\" \/>\n<meta property=\"og:locale\" content=\"fr_FR\" \/>\n<meta property=\"og:type\" content=\"article\" \/>\n<meta property=\"og:title\" content=\"Layali \ud83c\udf19 - Rachida Couture\" \/>\n<meta property=\"og:description\" content=\"\u2728 Robe Layali \ud83c\udf19 avec motif et perlage \u00e0 la main \ud83d\udc8e \ud83c\udfa8 Disponible en 5 couleurs \ud83d\udcb0 Prix : 3900 DA \u0627\u0644\u0637\u0648\u0644 : 145 Parfaite pour les soir\u00e9es de Ramadan et l\u2019A\u00efd \ud83c\udf19\u2728 \u00c9l\u00e9gante, unique et faite \u00e0 la main, elle fera tourner les regards et vous fera sentir sp\u00e9ciale \u00e0 chaque occasion. \u0645\u062b\u0627\u0644\u064a [&hellip;]\" \/>\n<meta property=\"og:url\" content=\"https:\/\/rachidacouture.com\/home\/product\/layali-\ud83c\udf19\/\" \/>\n<meta property=\"og:site_name\" content=\"Rachida Couture\" \/>\n<meta property=\"article:publisher\" content=\"https:\/\/www.facebook.com\/RAchidacoutureR\/\" \/>\n<meta property=\"article:modified_time\" content=\"2026-02-03T19:32:06+00:00\" \/>\n<meta property=\"og:image\" content=\"https:\/\/i0.wp.com\/rachidacouture.com\/wp-content\/uploads\/2026\/02\/1ee6988c-3972-463d-94e8-0b9fb452f36d.jpeg?fit=1320%2C2346&ssl=1\" \/>\n\t<meta property=\"og:image:width\" content=\"1320\" \/>\n\t<meta property=\"og:image:height\" content=\"2346\" \/>\n\t<meta property=\"og:image:type\" content=\"image\/jpeg\" \/>\n<meta name=\"twitter:card\" content=\"summary_large_image\" \/>\n<script type=\"application\/ld+json\" class=\"yoast-schema-graph\">{\"@context\":\"https:\/\/schema.org\",\"@graph\":[{\"@type\":\"WebPage\",\"@id\":\"https:\/\/rachidacouture.com\/home\/product\/layali-%f0%9f%8c%99\/\",\"url\":\"https:\/\/rachidacouture.com\/home\/product\/layali-%f0%9f%8c%99\/\",\"name\":\"Layali \ud83c\udf19 - Rachida Couture\",\"isPartOf\":{\"@id\":\"https:\/\/rachidacouture.com\/home\/#website\"},\"primaryImageOfPage\":{\"@id\":\"https:\/\/rachidacouture.com\/home\/product\/layali-%f0%9f%8c%99\/#primaryimage\"},\"image\":{\"@id\":\"https:\/\/rachidacouture.com\/home\/product\/layali-%f0%9f%8c%99\/#primaryimage\"},\"thumbnailUrl\":\"https:\/\/i0.wp.com\/rachidacouture.com\/wp-content\/uploads\/2026\/02\/1ee6988c-3972-463d-94e8-0b9fb452f36d.jpeg?fit=1320%2C2346&ssl=1\",\"datePublished\":\"2026-02-03T19:27:59+00:00\",\"dateModified\":\"2026-02-03T19:32:06+00:00\",\"breadcrumb\":{\"@id\":\"https:\/\/rachidacouture.com\/home\/product\/layali-%f0%9f%8c%99\/#breadcrumb\"},\"inLanguage\":\"fr-FR\",\"potentialAction\":[{\"@type\":\"ReadAction\",\"target\":[\"https:\/\/rachidacouture.com\/home\/product\/layali-%f0%9f%8c%99\/\"]}]},{\"@type\":\"ImageObject\",\"inLanguage\":\"fr-FR\",\"@id\":\"https:\/\/rachidacouture.com\/home\/product\/layali-%f0%9f%8c%99\/#primaryimage\",\"url\":\"https:\/\/i0.wp.com\/rachidacouture.com\/wp-content\/uploads\/2026\/02\/1ee6988c-3972-463d-94e8-0b9fb452f36d.jpeg?fit=1320%2C2346&ssl=1\",\"contentUrl\":\"https:\/\/i0.wp.com\/rachidacouture.com\/wp-content\/uploads\/2026\/02\/1ee6988c-3972-463d-94e8-0b9fb452f36d.jpeg?fit=1320%2C2346&ssl=1\",\"width\":1320,\"height\":2346,\"caption\":\"Screenshot\"},{\"@type\":\"BreadcrumbList\",\"@id\":\"https:\/\/rachidacouture.com\/home\/product\/layali-%f0%9f%8c%99\/#breadcrumb\",\"itemListElement\":[{\"@type\":\"ListItem\",\"position\":1,\"name\":\"Accueil\",\"item\":\"https:\/\/rachidacouture.com\/home\/\"},{\"@type\":\"ListItem\",\"position\":2,\"name\":\"Shop\",\"item\":\"https:\/\/rachidacouture.com\/home\/shop\/\"},{\"@type\":\"ListItem\",\"position\":3,\"name\":\"Layali \ud83c\udf19\"}]},{\"@type\":\"WebSite\",\"@id\":\"https:\/\/rachidacouture.com\/home\/#website\",\"url\":\"https:\/\/rachidacouture.com\/home\/\",\"name\":\"Rachida Couture\",\"description\":\"\",\"potentialAction\":[{\"@type\":\"SearchAction\",\"target\":{\"@type\":\"EntryPoint\",\"urlTemplate\":\"https:\/\/rachidacouture.com\/home\/?s={search_term_string}\"},\"query-input\":\"required name=search_term_string\"}],\"inLanguage\":\"fr-FR\"}]}<\/script>\n<!-- \/ Yoast SEO plugin. -->","yoast_head_json":{"title":"Layali \ud83c\udf19 - Rachida Couture","robots":{"index":"index","follow":"follow","max-snippet":"max-snippet:-1","max-image-preview":"max-image-preview:large","max-video-preview":"max-video-preview:-1"},"canonical":"https:\/\/rachidacouture.com\/home\/product\/layali-\ud83c\udf19\/","og_locale":"fr_FR","og_type":"article","og_title":"Layali \ud83c\udf19 - Rachida Couture","og_description":"\u2728 Robe Layali \ud83c\udf19 avec motif et perlage \u00e0 la main \ud83d\udc8e \ud83c\udfa8 Disponible en 5 couleurs \ud83d\udcb0 Prix : 3900 DA \u0627\u0644\u0637\u0648\u0644 : 145 Parfaite pour les soir\u00e9es de Ramadan et l\u2019A\u00efd \ud83c\udf19\u2728 \u00c9l\u00e9gante, unique et faite \u00e0 la main, elle fera tourner les regards et vous fera sentir sp\u00e9ciale \u00e0 chaque occasion. \u0645\u062b\u0627\u0644\u064a [&hellip;]","og_url":"https:\/\/rachidacouture.com\/home\/product\/layali-\ud83c\udf19\/","og_site_name":"Rachida Couture","article_publisher":"https:\/\/www.facebook.com\/RAchidacoutureR\/","article_modified_time":"2026-02-03T19:32:06+00:00","og_image":[{"width":1320,"height":2346,"url":"https:\/\/i0.wp.com\/rachidacouture.com\/wp-content\/uploads\/2026\/02\/1ee6988c-3972-463d-94e8-0b9fb452f36d.jpeg?fit=1320%2C2346&ssl=1","type":"image\/jpeg"}],"twitter_card":"summary_large_image","schema":{"@context":"https:\/\/schema.org","@graph":[{"@type":"WebPage","@id":"https:\/\/rachidacouture.com\/home\/product\/layali-%f0%9f%8c%99\/","url":"https:\/\/rachidacouture.com\/home\/product\/layali-%f0%9f%8c%99\/","name":"Layali \ud83c\udf19 - Rachida Couture","isPartOf":{"@id":"https:\/\/rachidacouture.com\/home\/#website"},"primaryImageOfPage":{"@id":"https:\/\/rachidacouture.com\/home\/product\/layali-%f0%9f%8c%99\/#primaryimage"},"image":{"@id":"https:\/\/rachidacouture.com\/home\/product\/layali-%f0%9f%8c%99\/#primaryimage"},"thumbnailUrl":"https:\/\/i0.wp.com\/rachidacouture.com\/wp-content\/uploads\/2026\/02\/1ee6988c-3972-463d-94e8-0b9fb452f36d.jpeg?fit=1320%2C2346&ssl=1","datePublished":"2026-02-03T19:27:59+00:00","dateModified":"2026-02-03T19:32:06+00:00","breadcrumb":{"@id":"https:\/\/rachidacouture.com\/home\/product\/layali-%f0%9f%8c%99\/#breadcrumb"},"inLanguage":"fr-FR","potentialAction":[{"@type":"ReadAction","target":["https:\/\/rachidacouture.com\/home\/product\/layali-%f0%9f%8c%99\/"]}]},{"@type":"ImageObject","inLanguage":"fr-FR","@id":"https:\/\/rachidacouture.com\/home\/product\/layali-%f0%9f%8c%99\/#primaryimage","url":"https:\/\/i0.wp.com\/rachidacouture.com\/wp-content\/uploads\/2026\/02\/1ee6988c-3972-463d-94e8-0b9fb452f36d.jpeg?fit=1320%2C2346&ssl=1","contentUrl":"https:\/\/i0.wp.com\/rachidacouture.com\/wp-content\/uploads\/2026\/02\/1ee6988c-3972-463d-94e8-0b9fb452f36d.jpeg?fit=1320%2C2346&ssl=1","width":1320,"height":2346,"caption":"Screenshot"},{"@type":"BreadcrumbList","@id":"https:\/\/rachidacouture.com\/home\/product\/layali-%f0%9f%8c%99\/#breadcrumb","itemListElement":[{"@type":"ListItem","position":1,"name":"Accueil","item":"https:\/\/rachidacouture.com\/home\/"},{"@type":"ListItem","position":2,"name":"Shop","item":"https:\/\/rachidacouture.com\/home\/shop\/"},{"@type":"ListItem","position":3,"name":"Layali \ud83c\udf19"}]},{"@type":"WebSite","@id":"https:\/\/rachidacouture.com\/home\/#website","url":"https:\/\/rachidacouture.com\/home\/","name":"Rachida Couture","description":"","potentialAction":[{"@type":"SearchAction","target":{"@type":"EntryPoint","urlTemplate":"https:\/\/rachidacouture.com\/home\/?s={search_term_string}"},"query-input":"required name=search_term_string"}],"inLanguage":"fr-FR"}]}},"jetpack_sharing_enabled":true,"_links":{"self":[{"href":"https:\/\/rachidacouture.com\/home\/wp-json\/wp\/v2\/product\/3975"}],"collection":[{"href":"https:\/\/rachidacouture.com\/home\/wp-json\/wp\/v2\/product"}],"about":[{"href":"https:\/\/rachidacouture.com\/home\/wp-json\/wp\/v2\/types\/product"}],"replies":[{"embeddable":true,"href":"https:\/\/rachidacouture.com\/home\/wp-json\/wp\/v2\/comments?post=3975"}],"wp:featuredmedia":[{"embeddable":true,"href":"https:\/\/rachidacouture.com\/home\/wp-json\/wp\/v2\/media\/3964"}],"wp:attachment":[{"href":"https:\/\/rachidacouture.com\/home\/wp-json\/wp\/v2\/media?parent=3975"}],"wp:term":[{"taxonomy":"product_cat","embeddable":true,"href":"https:\/\/rachidacouture.com\/home\/wp-json\/wp\/v2\/product_cat?post=3975"},{"taxonomy":"product_tag","embeddable":true,"href":"https:\/\/rachidacouture.com\/home\/wp-json\/wp\/v2\/product_tag?post=3975"}],"curies":[{"name":"wp","href":"https:\/\/api.w.org\/{rel}","templated":true}]}}