{"id":3999,"date":"2026-02-06T23:32:16","date_gmt":"2026-02-06T22:32:16","guid":{"rendered":"https:\/\/rachidacouture.com\/home\/?post_type=product&#038;p=3999"},"modified":"2026-05-01T18:05:55","modified_gmt":"2026-05-01T17:05:55","slug":"queen-dress-%e2%9a%9c%ef%b8%8f","status":"publish","type":"product","link":"https:\/\/rachidacouture.com\/home\/product\/queen-dress-%e2%9a%9c%ef%b8%8f\/","title":{"rendered":"Queen dress \u269c\ufe0f"},"content":{"rendered":"<p>Queen dress \u269c\ufe0f<\/p>\n<p>\u2728 Tissu : satin russe<\/p>\n<p>\u2728 Couleurs : aubergine \/ noir \/ blanc cass\u00e9<\/p>\n<p>\u2728 Finitions : perlage \u00e0 la main &amp; broderie artisanale<\/p>\n<p>Id\u00e9ale pour les occasions sp\u00e9ciales, soir\u00e9es \u00e9l\u00e9gantes et c\u00e9r\u00e9monies.<\/p>\n<p>Parfaite pour mariages, fian\u00e7ailles et \u00e9v\u00e9nements raffin\u00e9s.<\/p>\n<p>Une tenue d\u2019exception pour vos moments les plus pr\u00e9cieux.<\/p>\n","protected":false},"excerpt":{"rendered":"<p>Queen dress \u269c\ufe0f \u2728 Tissu : satin russe \u2728 Couleurs : aubergine \/ noir \/ blanc cass\u00e9 \u2728 Finitions : perlage \u00e0 la main &amp; broderie artisanale Id\u00e9ale pour les occasions sp\u00e9ciales, soir\u00e9es \u00e9l\u00e9gantes et c\u00e9r\u00e9monies. Parfaite pour mariages, fian\u00e7ailles et \u00e9v\u00e9nements raffin\u00e9s. Une tenue d\u2019exception pour vos moments les plus pr\u00e9cieux.<\/p>\n","protected":false},"featured_media":4039,"comment_status":"open","ping_status":"closed","template":"","meta":{"site-sidebar-layout":"default","site-content-layout":"","ast-site-content-layout":"","site-content-style":"default","site-sidebar-style":"default","ast-global-header-display":"","ast-banner-title-visibility":"","ast-main-header-display":"","ast-hfb-above-header-display":"","ast-hfb-below-header-display":"","ast-hfb-mobile-header-display":"","site-post-title":"","ast-breadcrumbs-content":"","ast-featured-img":"","footer-sml-layout":"","theme-transparent-header-meta":"","adv-header-id-meta":"","stick-header-meta":"","header-above-stick-meta":"","header-main-stick-meta":"","header-below-stick-meta":"","astra-migrate-meta-layouts":"default","ast-page-background-enabled":"default","ast-page-background-meta":{"desktop":{"background-color":"","background-image":"","background-repeat":"repeat","background-position":"center center","background-size":"auto","background-attachment":"scroll","background-type":"","background-media":"","overlay-type":"","overlay-color":"","overlay-gradient":""},"tablet":{"background-color":"","background-image":"","background-repeat":"repeat","background-position":"center center","background-size":"auto","background-attachment":"scroll","background-type":"","background-media":"","overlay-type":"","overlay-color":"","overlay-gradient":""},"mobile":{"background-color":"","background-image":"","background-repeat":"repeat","background-position":"center center","background-size":"auto","background-attachment":"scroll","background-type":"","background-media":"","overlay-type":"","overlay-color":"","overlay-gradient":""}},"ast-content-background-meta":{"desktop":{"background-color":"var(--ast-global-color-5)","background-image":"","background-repeat":"repeat","background-position":"center center","background-size":"auto","background-attachment":"scroll","background-type":"","background-media":"","overlay-type":"","overlay-color":"","overlay-gradient":""},"tablet":{"background-color":"var(--ast-global-color-5)","background-image":"","background-repeat":"repeat","background-position":"center center","background-size":"auto","background-attachment":"scroll","background-type":"","background-media":"","overlay-type":"","overlay-color":"","overlay-gradient":""},"mobile":{"background-color":"var(--ast-global-color-5)","background-image":"","background-repeat":"repeat","background-position":"center center","background-size":"auto","background-attachment":"scroll","background-type":"","background-media":"","overlay-type":"","overlay-color":"","overlay-gradient":""}}},"product_cat":[61,15,17,42,44],"product_tag":[],"acf":[],"yoast_head":"<!-- This site is optimized with the Yoast SEO plugin v22.2 - https:\/\/yoast.com\/wordpress\/plugins\/seo\/ -->\n<title>Queen dress \u269c\ufe0f - Rachida Couture<\/title>\n<meta name=\"robots\" content=\"index, follow, max-snippet:-1, max-image-preview:large, max-video-preview:-1\" \/>\n<link rel=\"canonical\" href=\"https:\/\/rachidacouture.com\/home\/product\/queen-dress-\u269c\ufe0f\/\" \/>\n<meta property=\"og:locale\" content=\"fr_FR\" \/>\n<meta property=\"og:type\" content=\"article\" \/>\n<meta property=\"og:title\" content=\"Queen dress \u269c\ufe0f - Rachida Couture\" \/>\n<meta property=\"og:description\" content=\"Queen dress \u269c\ufe0f \u2728 Tissu : satin russe \u2728 Couleurs : aubergine \/ noir \/ blanc cass\u00e9 \u2728 Finitions : perlage \u00e0 la main &amp; broderie artisanale Id\u00e9ale pour les occasions sp\u00e9ciales, soir\u00e9es \u00e9l\u00e9gantes et c\u00e9r\u00e9monies. Parfaite pour mariages, fian\u00e7ailles et \u00e9v\u00e9nements raffin\u00e9s. Une tenue d\u2019exception pour vos moments les plus pr\u00e9cieux.\" \/>\n<meta property=\"og:url\" content=\"https:\/\/rachidacouture.com\/home\/product\/queen-dress-\u269c\ufe0f\/\" \/>\n<meta property=\"og:site_name\" content=\"Rachida Couture\" \/>\n<meta property=\"article:publisher\" content=\"https:\/\/www.facebook.com\/RAchidacoutureR\/\" \/>\n<meta property=\"article:modified_time\" content=\"2026-05-01T17:05:55+00:00\" \/>\n<meta property=\"og:image\" content=\"https:\/\/i0.wp.com\/rachidacouture.com\/wp-content\/uploads\/2026\/02\/fe7536ff-2baf-4396-b618-98dfe1e39245-7.jpeg?fit=1320%2C2346&ssl=1\" \/>\n\t<meta property=\"og:image:width\" content=\"1320\" \/>\n\t<meta property=\"og:image:height\" content=\"2346\" \/>\n\t<meta property=\"og:image:type\" content=\"image\/jpeg\" \/>\n<meta name=\"twitter:card\" content=\"summary_large_image\" \/>\n<script type=\"application\/ld+json\" class=\"yoast-schema-graph\">{\"@context\":\"https:\/\/schema.org\",\"@graph\":[{\"@type\":\"WebPage\",\"@id\":\"https:\/\/rachidacouture.com\/home\/product\/queen-dress-%e2%9a%9c%ef%b8%8f\/\",\"url\":\"https:\/\/rachidacouture.com\/home\/product\/queen-dress-%e2%9a%9c%ef%b8%8f\/\",\"name\":\"Queen dress \u269c\ufe0f - Rachida Couture\",\"isPartOf\":{\"@id\":\"https:\/\/rachidacouture.com\/home\/#website\"},\"primaryImageOfPage\":{\"@id\":\"https:\/\/rachidacouture.com\/home\/product\/queen-dress-%e2%9a%9c%ef%b8%8f\/#primaryimage\"},\"image\":{\"@id\":\"https:\/\/rachidacouture.com\/home\/product\/queen-dress-%e2%9a%9c%ef%b8%8f\/#primaryimage\"},\"thumbnailUrl\":\"https:\/\/i0.wp.com\/rachidacouture.com\/wp-content\/uploads\/2026\/02\/fe7536ff-2baf-4396-b618-98dfe1e39245-7.jpeg?fit=1320%2C2346&ssl=1\",\"datePublished\":\"2026-02-06T22:32:16+00:00\",\"dateModified\":\"2026-05-01T17:05:55+00:00\",\"breadcrumb\":{\"@id\":\"https:\/\/rachidacouture.com\/home\/product\/queen-dress-%e2%9a%9c%ef%b8%8f\/#breadcrumb\"},\"inLanguage\":\"fr-FR\",\"potentialAction\":[{\"@type\":\"ReadAction\",\"target\":[\"https:\/\/rachidacouture.com\/home\/product\/queen-dress-%e2%9a%9c%ef%b8%8f\/\"]}]},{\"@type\":\"ImageObject\",\"inLanguage\":\"fr-FR\",\"@id\":\"https:\/\/rachidacouture.com\/home\/product\/queen-dress-%e2%9a%9c%ef%b8%8f\/#primaryimage\",\"url\":\"https:\/\/i0.wp.com\/rachidacouture.com\/wp-content\/uploads\/2026\/02\/fe7536ff-2baf-4396-b618-98dfe1e39245-7.jpeg?fit=1320%2C2346&ssl=1\",\"contentUrl\":\"https:\/\/i0.wp.com\/rachidacouture.com\/wp-content\/uploads\/2026\/02\/fe7536ff-2baf-4396-b618-98dfe1e39245-7.jpeg?fit=1320%2C2346&ssl=1\",\"width\":1320,\"height\":2346,\"caption\":\"Screenshot\"},{\"@type\":\"BreadcrumbList\",\"@id\":\"https:\/\/rachidacouture.com\/home\/product\/queen-dress-%e2%9a%9c%ef%b8%8f\/#breadcrumb\",\"itemListElement\":[{\"@type\":\"ListItem\",\"position\":1,\"name\":\"Accueil\",\"item\":\"https:\/\/rachidacouture.com\/home\/\"},{\"@type\":\"ListItem\",\"position\":2,\"name\":\"Shop\",\"item\":\"https:\/\/rachidacouture.com\/home\/shop\/\"},{\"@type\":\"ListItem\",\"position\":3,\"name\":\"Queen dress \u269c\ufe0f\"}]},{\"@type\":\"WebSite\",\"@id\":\"https:\/\/rachidacouture.com\/home\/#website\",\"url\":\"https:\/\/rachidacouture.com\/home\/\",\"name\":\"Rachida Couture\",\"description\":\"\",\"potentialAction\":[{\"@type\":\"SearchAction\",\"target\":{\"@type\":\"EntryPoint\",\"urlTemplate\":\"https:\/\/rachidacouture.com\/home\/?s={search_term_string}\"},\"query-input\":\"required name=search_term_string\"}],\"inLanguage\":\"fr-FR\"}]}<\/script>\n<!-- \/ Yoast SEO plugin. -->","yoast_head_json":{"title":"Queen dress \u269c\ufe0f - Rachida Couture","robots":{"index":"index","follow":"follow","max-snippet":"max-snippet:-1","max-image-preview":"max-image-preview:large","max-video-preview":"max-video-preview:-1"},"canonical":"https:\/\/rachidacouture.com\/home\/product\/queen-dress-\u269c\ufe0f\/","og_locale":"fr_FR","og_type":"article","og_title":"Queen dress \u269c\ufe0f - Rachida Couture","og_description":"Queen dress \u269c\ufe0f \u2728 Tissu : satin russe \u2728 Couleurs : aubergine \/ noir \/ blanc cass\u00e9 \u2728 Finitions : perlage \u00e0 la main &amp; broderie artisanale Id\u00e9ale pour les occasions sp\u00e9ciales, soir\u00e9es \u00e9l\u00e9gantes et c\u00e9r\u00e9monies. Parfaite pour mariages, fian\u00e7ailles et \u00e9v\u00e9nements raffin\u00e9s. Une tenue d\u2019exception pour vos moments les plus pr\u00e9cieux.","og_url":"https:\/\/rachidacouture.com\/home\/product\/queen-dress-\u269c\ufe0f\/","og_site_name":"Rachida Couture","article_publisher":"https:\/\/www.facebook.com\/RAchidacoutureR\/","article_modified_time":"2026-05-01T17:05:55+00:00","og_image":[{"width":1320,"height":2346,"url":"https:\/\/i0.wp.com\/rachidacouture.com\/wp-content\/uploads\/2026\/02\/fe7536ff-2baf-4396-b618-98dfe1e39245-7.jpeg?fit=1320%2C2346&ssl=1","type":"image\/jpeg"}],"twitter_card":"summary_large_image","schema":{"@context":"https:\/\/schema.org","@graph":[{"@type":"WebPage","@id":"https:\/\/rachidacouture.com\/home\/product\/queen-dress-%e2%9a%9c%ef%b8%8f\/","url":"https:\/\/rachidacouture.com\/home\/product\/queen-dress-%e2%9a%9c%ef%b8%8f\/","name":"Queen dress \u269c\ufe0f - Rachida Couture","isPartOf":{"@id":"https:\/\/rachidacouture.com\/home\/#website"},"primaryImageOfPage":{"@id":"https:\/\/rachidacouture.com\/home\/product\/queen-dress-%e2%9a%9c%ef%b8%8f\/#primaryimage"},"image":{"@id":"https:\/\/rachidacouture.com\/home\/product\/queen-dress-%e2%9a%9c%ef%b8%8f\/#primaryimage"},"thumbnailUrl":"https:\/\/i0.wp.com\/rachidacouture.com\/wp-content\/uploads\/2026\/02\/fe7536ff-2baf-4396-b618-98dfe1e39245-7.jpeg?fit=1320%2C2346&ssl=1","datePublished":"2026-02-06T22:32:16+00:00","dateModified":"2026-05-01T17:05:55+00:00","breadcrumb":{"@id":"https:\/\/rachidacouture.com\/home\/product\/queen-dress-%e2%9a%9c%ef%b8%8f\/#breadcrumb"},"inLanguage":"fr-FR","potentialAction":[{"@type":"ReadAction","target":["https:\/\/rachidacouture.com\/home\/product\/queen-dress-%e2%9a%9c%ef%b8%8f\/"]}]},{"@type":"ImageObject","inLanguage":"fr-FR","@id":"https:\/\/rachidacouture.com\/home\/product\/queen-dress-%e2%9a%9c%ef%b8%8f\/#primaryimage","url":"https:\/\/i0.wp.com\/rachidacouture.com\/wp-content\/uploads\/2026\/02\/fe7536ff-2baf-4396-b618-98dfe1e39245-7.jpeg?fit=1320%2C2346&ssl=1","contentUrl":"https:\/\/i0.wp.com\/rachidacouture.com\/wp-content\/uploads\/2026\/02\/fe7536ff-2baf-4396-b618-98dfe1e39245-7.jpeg?fit=1320%2C2346&ssl=1","width":1320,"height":2346,"caption":"Screenshot"},{"@type":"BreadcrumbList","@id":"https:\/\/rachidacouture.com\/home\/product\/queen-dress-%e2%9a%9c%ef%b8%8f\/#breadcrumb","itemListElement":[{"@type":"ListItem","position":1,"name":"Accueil","item":"https:\/\/rachidacouture.com\/home\/"},{"@type":"ListItem","position":2,"name":"Shop","item":"https:\/\/rachidacouture.com\/home\/shop\/"},{"@type":"ListItem","position":3,"name":"Queen dress \u269c\ufe0f"}]},{"@type":"WebSite","@id":"https:\/\/rachidacouture.com\/home\/#website","url":"https:\/\/rachidacouture.com\/home\/","name":"Rachida Couture","description":"","potentialAction":[{"@type":"SearchAction","target":{"@type":"EntryPoint","urlTemplate":"https:\/\/rachidacouture.com\/home\/?s={search_term_string}"},"query-input":"required name=search_term_string"}],"inLanguage":"fr-FR"}]}},"jetpack_sharing_enabled":true,"_links":{"self":[{"href":"https:\/\/rachidacouture.com\/home\/wp-json\/wp\/v2\/product\/3999"}],"collection":[{"href":"https:\/\/rachidacouture.com\/home\/wp-json\/wp\/v2\/product"}],"about":[{"href":"https:\/\/rachidacouture.com\/home\/wp-json\/wp\/v2\/types\/product"}],"replies":[{"embeddable":true,"href":"https:\/\/rachidacouture.com\/home\/wp-json\/wp\/v2\/comments?post=3999"}],"wp:featuredmedia":[{"embeddable":true,"href":"https:\/\/rachidacouture.com\/home\/wp-json\/wp\/v2\/media\/4039"}],"wp:attachment":[{"href":"https:\/\/rachidacouture.com\/home\/wp-json\/wp\/v2\/media?parent=3999"}],"wp:term":[{"taxonomy":"product_cat","embeddable":true,"href":"https:\/\/rachidacouture.com\/home\/wp-json\/wp\/v2\/product_cat?post=3999"},{"taxonomy":"product_tag","embeddable":true,"href":"https:\/\/rachidacouture.com\/home\/wp-json\/wp\/v2\/product_tag?post=3999"}],"curies":[{"name":"wp","href":"https:\/\/api.w.org\/{rel}","templated":true}]}}