{"id":4076,"date":"2026-02-07T22:42:47","date_gmt":"2026-02-07T21:42:47","guid":{"rendered":"https:\/\/rachidacouture.com\/home\/?post_type=product&#038;p=4076"},"modified":"2026-02-07T22:58:24","modified_gmt":"2026-02-07T21:58:24","slug":"%e2%9a%9c%ef%b8%8f-el-amira-dress-%e2%9a%9c%ef%b8%8f","status":"publish","type":"product","link":"https:\/\/rachidacouture.com\/home\/product\/%e2%9a%9c%ef%b8%8f-el-amira-dress-%e2%9a%9c%ef%b8%8f\/","title":{"rendered":"\u269c\ufe0f El Amira dress \u269c\ufe0f"},"content":{"rendered":"<p>Caftan \u00e9l\u00e9gant confectionn\u00e9 en satin russe de haute qualit\u00e9, offrant une fluidit\u00e9 et une brillance raffin\u00e9es.<\/p>\n<p>Le mod\u00e8le est sublim\u00e9 par un perlage artisanal et pi\u00e8ce d\u00e9corative (\u0642\u0637\u0639\u0629 \u062d\u0631\u0629) travaill\u00e9 \u00e0 la main le long de l\u2019ouverture, accompagn\u00e9 de boutons en satin assortis pour une finition sophistiqu\u00e9e.<\/p>\n<p>Tissu : Satin russe<\/p>\n<p>Finition : Perlage main + pi\u00e8ce d\u00e9corative \u0642\u0637\u0639\u0629 \u062d\u0631\u0629<\/p>\n<p>Fermeture : Boutons en satin<\/p>\n<p>Taille : Standard<\/p>\n<p>Un mod\u00e8le chic et intemporel, id\u00e9al pour les occasions sp\u00e9ciales et les soir\u00e9es \u00e9l\u00e9gantes.<\/p>\n","protected":false},"excerpt":{"rendered":"<p>Caftan \u00e9l\u00e9gant confectionn\u00e9 en satin russe de haute qualit\u00e9, offrant une fluidit\u00e9 et une brillance raffin\u00e9es. Le mod\u00e8le est sublim\u00e9 par un perlage artisanal et pi\u00e8ce d\u00e9corative (\u0642\u0637\u0639\u0629 \u062d\u0631\u0629) travaill\u00e9 \u00e0 la main le long de l\u2019ouverture, accompagn\u00e9 de boutons en satin assortis pour une finition sophistiqu\u00e9e. Tissu : Satin russe Finition : Perlage main [&hellip;]<\/p>\n","protected":false},"featured_media":4072,"comment_status":"open","ping_status":"closed","template":"","meta":{"site-sidebar-layout":"default","site-content-layout":"","ast-site-content-layout":"","site-content-style":"default","site-sidebar-style":"default","ast-global-header-display":"","ast-banner-title-visibility":"","ast-main-header-display":"","ast-hfb-above-header-display":"","ast-hfb-below-header-display":"","ast-hfb-mobile-header-display":"","site-post-title":"","ast-breadcrumbs-content":"","ast-featured-img":"","footer-sml-layout":"","theme-transparent-header-meta":"","adv-header-id-meta":"","stick-header-meta":"","header-above-stick-meta":"","header-main-stick-meta":"","header-below-stick-meta":"","astra-migrate-meta-layouts":"default","ast-page-background-enabled":"default","ast-page-background-meta":{"desktop":{"background-color":"","background-image":"","background-repeat":"repeat","background-position":"center center","background-size":"auto","background-attachment":"scroll","background-type":"","background-media":"","overlay-type":"","overlay-color":"","overlay-gradient":""},"tablet":{"background-color":"","background-image":"","background-repeat":"repeat","background-position":"center center","background-size":"auto","background-attachment":"scroll","background-type":"","background-media":"","overlay-type":"","overlay-color":"","overlay-gradient":""},"mobile":{"background-color":"","background-image":"","background-repeat":"repeat","background-position":"center center","background-size":"auto","background-attachment":"scroll","background-type":"","background-media":"","overlay-type":"","overlay-color":"","overlay-gradient":""}},"ast-content-background-meta":{"desktop":{"background-color":"var(--ast-global-color-5)","background-image":"","background-repeat":"repeat","background-position":"center center","background-size":"auto","background-attachment":"scroll","background-type":"","background-media":"","overlay-type":"","overlay-color":"","overlay-gradient":""},"tablet":{"background-color":"var(--ast-global-color-5)","background-image":"","background-repeat":"repeat","background-position":"center center","background-size":"auto","background-attachment":"scroll","background-type":"","background-media":"","overlay-type":"","overlay-color":"","overlay-gradient":""},"mobile":{"background-color":"var(--ast-global-color-5)","background-image":"","background-repeat":"repeat","background-position":"center center","background-size":"auto","background-attachment":"scroll","background-type":"","background-media":"","overlay-type":"","overlay-color":"","overlay-gradient":""}}},"product_cat":[61,15,17,42,44],"product_tag":[],"acf":[],"yoast_head":"<!-- This site is optimized with the Yoast SEO plugin v22.2 - https:\/\/yoast.com\/wordpress\/plugins\/seo\/ -->\n<title>\u269c\ufe0f El Amira dress \u269c\ufe0f - Rachida Couture<\/title>\n<meta name=\"robots\" content=\"index, follow, max-snippet:-1, max-image-preview:large, max-video-preview:-1\" \/>\n<link rel=\"canonical\" href=\"https:\/\/rachidacouture.com\/home\/product\/\u269c\ufe0f-el-amira-dress-\u269c\ufe0f\/\" \/>\n<meta property=\"og:locale\" content=\"fr_FR\" \/>\n<meta property=\"og:type\" content=\"article\" \/>\n<meta property=\"og:title\" content=\"\u269c\ufe0f El Amira dress \u269c\ufe0f - Rachida Couture\" \/>\n<meta property=\"og:description\" content=\"Caftan \u00e9l\u00e9gant confectionn\u00e9 en satin russe de haute qualit\u00e9, offrant une fluidit\u00e9 et une brillance raffin\u00e9es. Le mod\u00e8le est sublim\u00e9 par un perlage artisanal et pi\u00e8ce d\u00e9corative (\u0642\u0637\u0639\u0629 \u062d\u0631\u0629) travaill\u00e9 \u00e0 la main le long de l\u2019ouverture, accompagn\u00e9 de boutons en satin assortis pour une finition sophistiqu\u00e9e. Tissu : Satin russe Finition : Perlage main [&hellip;]\" \/>\n<meta property=\"og:url\" content=\"https:\/\/rachidacouture.com\/home\/product\/\u269c\ufe0f-el-amira-dress-\u269c\ufe0f\/\" \/>\n<meta property=\"og:site_name\" content=\"Rachida Couture\" \/>\n<meta property=\"article:publisher\" content=\"https:\/\/www.facebook.com\/RAchidacoutureR\/\" \/>\n<meta property=\"article:modified_time\" content=\"2026-02-07T21:58:24+00:00\" \/>\n<meta property=\"og:image\" content=\"https:\/\/i0.wp.com\/rachidacouture.com\/wp-content\/uploads\/2026\/02\/e21e7aa0-92be-4109-ab77-98693d90affc.jpeg?fit=1320%2C1760&ssl=1\" \/>\n\t<meta property=\"og:image:width\" content=\"1320\" \/>\n\t<meta property=\"og:image:height\" content=\"1760\" \/>\n\t<meta property=\"og:image:type\" content=\"image\/jpeg\" \/>\n<meta name=\"twitter:card\" content=\"summary_large_image\" \/>\n<script type=\"application\/ld+json\" class=\"yoast-schema-graph\">{\"@context\":\"https:\/\/schema.org\",\"@graph\":[{\"@type\":\"WebPage\",\"@id\":\"https:\/\/rachidacouture.com\/home\/product\/%e2%9a%9c%ef%b8%8f-el-amira-dress-%e2%9a%9c%ef%b8%8f\/\",\"url\":\"https:\/\/rachidacouture.com\/home\/product\/%e2%9a%9c%ef%b8%8f-el-amira-dress-%e2%9a%9c%ef%b8%8f\/\",\"name\":\"\u269c\ufe0f El Amira dress \u269c\ufe0f - Rachida Couture\",\"isPartOf\":{\"@id\":\"https:\/\/rachidacouture.com\/home\/#website\"},\"primaryImageOfPage\":{\"@id\":\"https:\/\/rachidacouture.com\/home\/product\/%e2%9a%9c%ef%b8%8f-el-amira-dress-%e2%9a%9c%ef%b8%8f\/#primaryimage\"},\"image\":{\"@id\":\"https:\/\/rachidacouture.com\/home\/product\/%e2%9a%9c%ef%b8%8f-el-amira-dress-%e2%9a%9c%ef%b8%8f\/#primaryimage\"},\"thumbnailUrl\":\"https:\/\/i0.wp.com\/rachidacouture.com\/wp-content\/uploads\/2026\/02\/e21e7aa0-92be-4109-ab77-98693d90affc.jpeg?fit=1320%2C1760&ssl=1\",\"datePublished\":\"2026-02-07T21:42:47+00:00\",\"dateModified\":\"2026-02-07T21:58:24+00:00\",\"breadcrumb\":{\"@id\":\"https:\/\/rachidacouture.com\/home\/product\/%e2%9a%9c%ef%b8%8f-el-amira-dress-%e2%9a%9c%ef%b8%8f\/#breadcrumb\"},\"inLanguage\":\"fr-FR\",\"potentialAction\":[{\"@type\":\"ReadAction\",\"target\":[\"https:\/\/rachidacouture.com\/home\/product\/%e2%9a%9c%ef%b8%8f-el-amira-dress-%e2%9a%9c%ef%b8%8f\/\"]}]},{\"@type\":\"ImageObject\",\"inLanguage\":\"fr-FR\",\"@id\":\"https:\/\/rachidacouture.com\/home\/product\/%e2%9a%9c%ef%b8%8f-el-amira-dress-%e2%9a%9c%ef%b8%8f\/#primaryimage\",\"url\":\"https:\/\/i0.wp.com\/rachidacouture.com\/wp-content\/uploads\/2026\/02\/e21e7aa0-92be-4109-ab77-98693d90affc.jpeg?fit=1320%2C1760&ssl=1\",\"contentUrl\":\"https:\/\/i0.wp.com\/rachidacouture.com\/wp-content\/uploads\/2026\/02\/e21e7aa0-92be-4109-ab77-98693d90affc.jpeg?fit=1320%2C1760&ssl=1\",\"width\":1320,\"height\":1760},{\"@type\":\"BreadcrumbList\",\"@id\":\"https:\/\/rachidacouture.com\/home\/product\/%e2%9a%9c%ef%b8%8f-el-amira-dress-%e2%9a%9c%ef%b8%8f\/#breadcrumb\",\"itemListElement\":[{\"@type\":\"ListItem\",\"position\":1,\"name\":\"Accueil\",\"item\":\"https:\/\/rachidacouture.com\/home\/\"},{\"@type\":\"ListItem\",\"position\":2,\"name\":\"Shop\",\"item\":\"https:\/\/rachidacouture.com\/home\/shop\/\"},{\"@type\":\"ListItem\",\"position\":3,\"name\":\"\u269c\ufe0f El Amira dress \u269c\ufe0f\"}]},{\"@type\":\"WebSite\",\"@id\":\"https:\/\/rachidacouture.com\/home\/#website\",\"url\":\"https:\/\/rachidacouture.com\/home\/\",\"name\":\"Rachida Couture\",\"description\":\"\",\"potentialAction\":[{\"@type\":\"SearchAction\",\"target\":{\"@type\":\"EntryPoint\",\"urlTemplate\":\"https:\/\/rachidacouture.com\/home\/?s={search_term_string}\"},\"query-input\":\"required name=search_term_string\"}],\"inLanguage\":\"fr-FR\"}]}<\/script>\n<!-- \/ Yoast SEO plugin. -->","yoast_head_json":{"title":"\u269c\ufe0f El Amira dress \u269c\ufe0f - Rachida Couture","robots":{"index":"index","follow":"follow","max-snippet":"max-snippet:-1","max-image-preview":"max-image-preview:large","max-video-preview":"max-video-preview:-1"},"canonical":"https:\/\/rachidacouture.com\/home\/product\/\u269c\ufe0f-el-amira-dress-\u269c\ufe0f\/","og_locale":"fr_FR","og_type":"article","og_title":"\u269c\ufe0f El Amira dress \u269c\ufe0f - Rachida Couture","og_description":"Caftan \u00e9l\u00e9gant confectionn\u00e9 en satin russe de haute qualit\u00e9, offrant une fluidit\u00e9 et une brillance raffin\u00e9es. Le mod\u00e8le est sublim\u00e9 par un perlage artisanal et pi\u00e8ce d\u00e9corative (\u0642\u0637\u0639\u0629 \u062d\u0631\u0629) travaill\u00e9 \u00e0 la main le long de l\u2019ouverture, accompagn\u00e9 de boutons en satin assortis pour une finition sophistiqu\u00e9e. Tissu : Satin russe Finition : Perlage main [&hellip;]","og_url":"https:\/\/rachidacouture.com\/home\/product\/\u269c\ufe0f-el-amira-dress-\u269c\ufe0f\/","og_site_name":"Rachida Couture","article_publisher":"https:\/\/www.facebook.com\/RAchidacoutureR\/","article_modified_time":"2026-02-07T21:58:24+00:00","og_image":[{"width":1320,"height":1760,"url":"https:\/\/i0.wp.com\/rachidacouture.com\/wp-content\/uploads\/2026\/02\/e21e7aa0-92be-4109-ab77-98693d90affc.jpeg?fit=1320%2C1760&ssl=1","type":"image\/jpeg"}],"twitter_card":"summary_large_image","schema":{"@context":"https:\/\/schema.org","@graph":[{"@type":"WebPage","@id":"https:\/\/rachidacouture.com\/home\/product\/%e2%9a%9c%ef%b8%8f-el-amira-dress-%e2%9a%9c%ef%b8%8f\/","url":"https:\/\/rachidacouture.com\/home\/product\/%e2%9a%9c%ef%b8%8f-el-amira-dress-%e2%9a%9c%ef%b8%8f\/","name":"\u269c\ufe0f El Amira dress \u269c\ufe0f - Rachida Couture","isPartOf":{"@id":"https:\/\/rachidacouture.com\/home\/#website"},"primaryImageOfPage":{"@id":"https:\/\/rachidacouture.com\/home\/product\/%e2%9a%9c%ef%b8%8f-el-amira-dress-%e2%9a%9c%ef%b8%8f\/#primaryimage"},"image":{"@id":"https:\/\/rachidacouture.com\/home\/product\/%e2%9a%9c%ef%b8%8f-el-amira-dress-%e2%9a%9c%ef%b8%8f\/#primaryimage"},"thumbnailUrl":"https:\/\/i0.wp.com\/rachidacouture.com\/wp-content\/uploads\/2026\/02\/e21e7aa0-92be-4109-ab77-98693d90affc.jpeg?fit=1320%2C1760&ssl=1","datePublished":"2026-02-07T21:42:47+00:00","dateModified":"2026-02-07T21:58:24+00:00","breadcrumb":{"@id":"https:\/\/rachidacouture.com\/home\/product\/%e2%9a%9c%ef%b8%8f-el-amira-dress-%e2%9a%9c%ef%b8%8f\/#breadcrumb"},"inLanguage":"fr-FR","potentialAction":[{"@type":"ReadAction","target":["https:\/\/rachidacouture.com\/home\/product\/%e2%9a%9c%ef%b8%8f-el-amira-dress-%e2%9a%9c%ef%b8%8f\/"]}]},{"@type":"ImageObject","inLanguage":"fr-FR","@id":"https:\/\/rachidacouture.com\/home\/product\/%e2%9a%9c%ef%b8%8f-el-amira-dress-%e2%9a%9c%ef%b8%8f\/#primaryimage","url":"https:\/\/i0.wp.com\/rachidacouture.com\/wp-content\/uploads\/2026\/02\/e21e7aa0-92be-4109-ab77-98693d90affc.jpeg?fit=1320%2C1760&ssl=1","contentUrl":"https:\/\/i0.wp.com\/rachidacouture.com\/wp-content\/uploads\/2026\/02\/e21e7aa0-92be-4109-ab77-98693d90affc.jpeg?fit=1320%2C1760&ssl=1","width":1320,"height":1760},{"@type":"BreadcrumbList","@id":"https:\/\/rachidacouture.com\/home\/product\/%e2%9a%9c%ef%b8%8f-el-amira-dress-%e2%9a%9c%ef%b8%8f\/#breadcrumb","itemListElement":[{"@type":"ListItem","position":1,"name":"Accueil","item":"https:\/\/rachidacouture.com\/home\/"},{"@type":"ListItem","position":2,"name":"Shop","item":"https:\/\/rachidacouture.com\/home\/shop\/"},{"@type":"ListItem","position":3,"name":"\u269c\ufe0f El Amira dress \u269c\ufe0f"}]},{"@type":"WebSite","@id":"https:\/\/rachidacouture.com\/home\/#website","url":"https:\/\/rachidacouture.com\/home\/","name":"Rachida Couture","description":"","potentialAction":[{"@type":"SearchAction","target":{"@type":"EntryPoint","urlTemplate":"https:\/\/rachidacouture.com\/home\/?s={search_term_string}"},"query-input":"required name=search_term_string"}],"inLanguage":"fr-FR"}]}},"jetpack_sharing_enabled":true,"_links":{"self":[{"href":"https:\/\/rachidacouture.com\/home\/wp-json\/wp\/v2\/product\/4076"}],"collection":[{"href":"https:\/\/rachidacouture.com\/home\/wp-json\/wp\/v2\/product"}],"about":[{"href":"https:\/\/rachidacouture.com\/home\/wp-json\/wp\/v2\/types\/product"}],"replies":[{"embeddable":true,"href":"https:\/\/rachidacouture.com\/home\/wp-json\/wp\/v2\/comments?post=4076"}],"wp:featuredmedia":[{"embeddable":true,"href":"https:\/\/rachidacouture.com\/home\/wp-json\/wp\/v2\/media\/4072"}],"wp:attachment":[{"href":"https:\/\/rachidacouture.com\/home\/wp-json\/wp\/v2\/media?parent=4076"}],"wp:term":[{"taxonomy":"product_cat","embeddable":true,"href":"https:\/\/rachidacouture.com\/home\/wp-json\/wp\/v2\/product_cat?post=4076"},{"taxonomy":"product_tag","embeddable":true,"href":"https:\/\/rachidacouture.com\/home\/wp-json\/wp\/v2\/product_tag?post=4076"}],"curies":[{"name":"wp","href":"https:\/\/api.w.org\/{rel}","templated":true}]}}